{"id":79252,"date":"2024-07-15T14:53:20","date_gmt":"2024-07-15T13:53:20","guid":{"rendered":"https:\/\/reedmackay.com\/client-terms-and-conditions-se"},"modified":"2025-09-03T15:19:25","modified_gmt":"2025-09-03T14:19:25","slug":"client-terms-and-conditions-se","status":"publish","type":"page","link":"https:\/\/reedmackay.com\/sv\/client-terms-and-conditions-se","title":{"rendered":"V\u00e5ra Allm\u00e4nna villkor"},"content":{"rendered":"\t\t<div data-elementor-type=\"wp-page\" data-elementor-id=\"79252\" class=\"elementor elementor-79252 elementor-56708\" data-elementor-post-type=\"page\">\n\t\t\t\t\t\t<section class=\"elementor-section elementor-top-section elementor-element elementor-element-6234caa elementor-section-full_width elementor-section-height-default elementor-section-height-default\" data-id=\"6234caa\" data-element_type=\"section\" data-e-type=\"section\" data-settings=\"{&quot;background_background&quot;:&quot;classic&quot;}\">\n\t\t\t\t\t\t\t<div class=\"elementor-background-overlay\"><\/div>\n\t\t\t\t\t\t\t<div class=\"elementor-container elementor-column-gap-default\">\n\t\t\t\t\t<div class=\"elementor-column elementor-col-100 elementor-top-column elementor-element elementor-element-9b0d16f\" data-id=\"9b0d16f\" data-element_type=\"column\" data-e-type=\"column\" data-settings=\"{&quot;background_background&quot;:&quot;classic&quot;}\">\n\t\t\t<div class=\"elementor-widget-wrap elementor-element-populated\">\n\t\t\t\t\t\t<section class=\"elementor-section elementor-inner-section elementor-element elementor-element-7f82383 elementor-section-boxed elementor-section-height-default elementor-section-height-default\" data-id=\"7f82383\" data-element_type=\"section\" data-e-type=\"section\">\n\t\t\t\t\t\t<div class=\"elementor-container elementor-column-gap-default\">\n\t\t\t\t\t<div class=\"elementor-column elementor-col-100 elementor-inner-column elementor-element elementor-element-696f5de\" data-id=\"696f5de\" data-element_type=\"column\" data-e-type=\"column\">\n\t\t\t<div class=\"elementor-widget-wrap elementor-element-populated\">\n\t\t\t\t\t\t<div class=\"elementor-element elementor-element-1b22717 elementor-widget elementor-widget-heading\" data-id=\"1b22717\" data-element_type=\"widget\" data-e-type=\"widget\" data-widget_type=\"heading.default\">\n\t\t\t\t<div class=\"elementor-widget-container\">\n\t\t\t\t\t<h1 class=\"elementor-heading-title elementor-size-default\">V\u00e5ra Allm\u00e4nna villkor<\/h1>\t\t\t\t<\/div>\n\t\t\t\t<\/div>\n\t\t\t\t\t<\/div>\n\t\t<\/div>\n\t\t\t\t\t<\/div>\n\t\t<\/section>\n\t\t\t\t\t<\/div>\n\t\t<\/div>\n\t\t\t\t\t<\/div>\n\t\t<\/section>\n\t\t\t\t<section class=\"elementor-section elementor-top-section elementor-element elementor-element-7796567 elementor-section-full_width elementor-section-height-default elementor-section-height-default\" data-id=\"7796567\" data-element_type=\"section\" data-e-type=\"section\">\n\t\t\t\t\t\t<div class=\"elementor-container elementor-column-gap-default\">\n\t\t\t\t\t<div class=\"elementor-column elementor-col-33 elementor-top-column elementor-element elementor-element-c49d85b\" data-id=\"c49d85b\" data-element_type=\"column\" data-e-type=\"column\">\n\t\t\t<div class=\"elementor-widget-wrap elementor-element-populated\">\n\t\t\t\t\t\t<div class=\"elementor-element elementor-element-49ed7e3 elementor-widget__width-initial elementor-position-top elementor-widget elementor-widget-image-box\" data-id=\"49ed7e3\" data-element_type=\"widget\" data-e-type=\"widget\" data-widget_type=\"image-box.default\">\n\t\t\t\t<div class=\"elementor-widget-container\">\n\t\t\t\t\t<div class=\"elementor-image-box-wrapper\"><figure class=\"elementor-image-box-img\"><a href=\"https:\/\/reedmackay.com\/wp-content\/uploads\/2025\/09\/Sweden-Business-Travel-Online-Terms-082025-sv-1.pdf\" tabindex=\"-1\"><img fetchpriority=\"high\" decoding=\"async\" width=\"1050\" height=\"700\" src=\"https:\/\/reedmackay.com\/wp-content\/uploads\/2024\/07\/shutterstock_2356241977-scaled-e1750677316888.jpg\" class=\"elementor-animation-grow attachment-full size-full wp-image-56661\" alt=\"\" \/><\/a><\/figure><div class=\"elementor-image-box-content\"><h3 class=\"elementor-image-box-title\"><a href=\"https:\/\/reedmackay.com\/wp-content\/uploads\/2025\/09\/Sweden-Business-Travel-Online-Terms-082025-sv-1.pdf\">Allm\u00e4nna villkor Aff\u00e4rsresor<\/a><\/h3><\/div><\/div>\t\t\t\t<\/div>\n\t\t\t\t<\/div>\n\t\t\t\t\t<\/div>\n\t\t<\/div>\n\t\t\t\t<div class=\"elementor-column elementor-col-33 elementor-top-column elementor-element elementor-element-d158421\" data-id=\"d158421\" data-element_type=\"column\" data-e-type=\"column\">\n\t\t\t<div class=\"elementor-widget-wrap elementor-element-populated\">\n\t\t\t\t\t\t<div class=\"elementor-element elementor-element-5355db4 elementor-widget__width-initial elementor-position-top elementor-widget elementor-widget-image-box\" data-id=\"5355db4\" data-element_type=\"widget\" data-e-type=\"widget\" data-widget_type=\"image-box.default\">\n\t\t\t\t<div class=\"elementor-widget-container\">\n\t\t\t\t\t<div class=\"elementor-image-box-wrapper\"><figure class=\"elementor-image-box-img\"><a href=\"https:\/\/reedmackay.com\/wp-content\/uploads\/2025\/09\/Sweden-Data-Protection-Schedule-082025-sv.pdf\" tabindex=\"-1\"><img decoding=\"async\" width=\"2560\" height=\"1784\" src=\"https:\/\/reedmackay.com\/wp-content\/uploads\/2024\/07\/shutterstock_1416844946-scaled.jpg\" class=\"elementor-animation-grow attachment-full size-full wp-image-56669\" alt=\"\" srcset=\"https:\/\/reedmackay.com\/wp-content\/uploads\/2024\/07\/shutterstock_1416844946-scaled.jpg 2560w, https:\/\/reedmackay.com\/wp-content\/uploads\/2024\/07\/shutterstock_1416844946-300x209.jpg 300w, https:\/\/reedmackay.com\/wp-content\/uploads\/2024\/07\/shutterstock_1416844946-1024x714.jpg 1024w, https:\/\/reedmackay.com\/wp-content\/uploads\/2024\/07\/shutterstock_1416844946-768x535.jpg 768w, https:\/\/reedmackay.com\/wp-content\/uploads\/2024\/07\/shutterstock_1416844946-1536x1071.jpg 1536w, https:\/\/reedmackay.com\/wp-content\/uploads\/2024\/07\/shutterstock_1416844946-2048x1427.jpg 2048w\" sizes=\"(max-width: 2560px) 100vw, 2560px\" \/><\/a><\/figure><div class=\"elementor-image-box-content\"><h3 class=\"elementor-image-box-title\"><a href=\"https:\/\/reedmackay.com\/wp-content\/uploads\/2025\/09\/Sweden-Data-Protection-Schedule-082025-sv.pdf\">Dataskyddsf\u00f6rordning<\/a><\/h3><\/div><\/div>\t\t\t\t<\/div>\n\t\t\t\t<\/div>\n\t\t\t\t\t<\/div>\n\t\t<\/div>\n\t\t\t\t<div class=\"elementor-column elementor-col-33 elementor-top-column elementor-element elementor-element-6e01c07\" data-id=\"6e01c07\" data-element_type=\"column\" data-e-type=\"column\">\n\t\t\t<div class=\"elementor-widget-wrap elementor-element-populated\">\n\t\t\t\t\t\t<div class=\"elementor-element elementor-element-fef7521 elementor-widget__width-initial elementor-position-top elementor-widget elementor-widget-image-box\" data-id=\"fef7521\" data-element_type=\"widget\" data-e-type=\"widget\" data-widget_type=\"image-box.default\">\n\t\t\t\t<div class=\"elementor-widget-container\">\n\t\t\t\t\t<div class=\"elementor-image-box-wrapper\"><figure class=\"elementor-image-box-img\"><a href=\"https:\/\/reedmackay.com\/wp-content\/uploads\/2025\/09\/Sweden-Meetings-Event-Services-Online-Terms-082025-sv.pdf\" tabindex=\"-1\"><img decoding=\"async\" width=\"2560\" height=\"1707\" src=\"https:\/\/reedmackay.com\/wp-content\/uploads\/2024\/07\/shutterstock_2275564121-scaled.jpg\" class=\"elementor-animation-grow attachment-full size-full wp-image-56645\" alt=\"\" srcset=\"https:\/\/reedmackay.com\/wp-content\/uploads\/2024\/07\/shutterstock_2275564121-scaled.jpg 2560w, https:\/\/reedmackay.com\/wp-content\/uploads\/2024\/07\/shutterstock_2275564121-300x200.jpg 300w, https:\/\/reedmackay.com\/wp-content\/uploads\/2024\/07\/shutterstock_2275564121-1024x683.jpg 1024w, https:\/\/reedmackay.com\/wp-content\/uploads\/2024\/07\/shutterstock_2275564121-768x512.jpg 768w, https:\/\/reedmackay.com\/wp-content\/uploads\/2024\/07\/shutterstock_2275564121-1536x1024.jpg 1536w, https:\/\/reedmackay.com\/wp-content\/uploads\/2024\/07\/shutterstock_2275564121-2048x1365.jpg 2048w, https:\/\/reedmackay.com\/wp-content\/uploads\/2024\/07\/shutterstock_2275564121-930x620.jpg 930w\" sizes=\"(max-width: 2560px) 100vw, 2560px\" \/><\/a><\/figure><div class=\"elementor-image-box-content\"><h3 class=\"elementor-image-box-title\"><a href=\"https:\/\/reedmackay.com\/wp-content\/uploads\/2025\/09\/Sweden-Meetings-Event-Services-Online-Terms-082025-sv.pdf\">Allm\u00e4nna villkor M\u00f6ten &amp; Event<\/a><\/h3><\/div><\/div>\t\t\t\t<\/div>\n\t\t\t\t<\/div>\n\t\t\t\t\t<\/div>\n\t\t<\/div>\n\t\t\t\t\t<\/div>\n\t\t<\/section>\n\t\t\t\t<section class=\"elementor-section elementor-top-section elementor-element elementor-element-bfc172e elementor-section-boxed elementor-section-height-default elementor-section-height-default\" data-id=\"bfc172e\" data-element_type=\"section\" data-e-type=\"section\">\n\t\t\t\t\t\t<div class=\"elementor-container elementor-column-gap-default\">\n\t\t\t\t\t<div class=\"elementor-column elementor-col-100 elementor-top-column elementor-element elementor-element-6953bc0\" data-id=\"6953bc0\" data-element_type=\"column\" data-e-type=\"column\">\n\t\t\t<div class=\"elementor-widget-wrap elementor-element-populated\">\n\t\t\t\t\t\t<div class=\"elementor-element elementor-element-5367c0d elementor-widget elementor-widget-heading\" data-id=\"5367c0d\" data-element_type=\"widget\" data-e-type=\"widget\" data-widget_type=\"heading.default\">\n\t\t\t\t<div class=\"elementor-widget-container\">\n\t\t\t\t\t<h2 class=\"elementor-heading-title elementor-size-default\">Translated versions in English can be found below:<\/h2>\t\t\t\t<\/div>\n\t\t\t\t<\/div>\n\t\t\t\t\t<\/div>\n\t\t<\/div>\n\t\t\t\t\t<\/div>\n\t\t<\/section>\n\t\t\t\t<section class=\"elementor-section elementor-top-section elementor-element elementor-element-4e7f662 elementor-section-full_width elementor-section-height-default elementor-section-height-default\" data-id=\"4e7f662\" data-element_type=\"section\" data-e-type=\"section\">\n\t\t\t\t\t\t<div class=\"elementor-container elementor-column-gap-default\">\n\t\t\t\t\t<div class=\"elementor-column elementor-col-33 elementor-top-column elementor-element elementor-element-9b509bd\" data-id=\"9b509bd\" data-element_type=\"column\" data-e-type=\"column\">\n\t\t\t<div class=\"elementor-widget-wrap elementor-element-populated\">\n\t\t\t\t\t\t<div class=\"elementor-element elementor-element-9975249 elementor-widget__width-initial elementor-position-top elementor-widget elementor-widget-image-box\" data-id=\"9975249\" data-element_type=\"widget\" data-e-type=\"widget\" data-widget_type=\"image-box.default\">\n\t\t\t\t<div class=\"elementor-widget-container\">\n\t\t\t\t\t<div class=\"elementor-image-box-wrapper\"><figure class=\"elementor-image-box-img\"><a href=\"https:\/\/reedmackay.com\/wp-content\/uploads\/2025\/08\/Sweden-Business-Travel-Online-Terms-082025-1.pdf\" tabindex=\"-1\"><img fetchpriority=\"high\" decoding=\"async\" width=\"1050\" height=\"700\" src=\"https:\/\/reedmackay.com\/wp-content\/uploads\/2024\/07\/shutterstock_2356241977-scaled-e1750677316888.jpg\" class=\"elementor-animation-grow attachment-full size-full wp-image-56661\" alt=\"\" \/><\/a><\/figure><div class=\"elementor-image-box-content\"><h3 class=\"elementor-image-box-title\"><a href=\"https:\/\/reedmackay.com\/wp-content\/uploads\/2025\/08\/Sweden-Business-Travel-Online-Terms-082025-1.pdf\">Allm\u00e4nna villkor Aff\u00e4rsresor (English language version)<\/a><\/h3><\/div><\/div>\t\t\t\t<\/div>\n\t\t\t\t<\/div>\n\t\t\t\t\t<\/div>\n\t\t<\/div>\n\t\t\t\t<div class=\"elementor-column elementor-col-33 elementor-top-column elementor-element elementor-element-4039da8\" data-id=\"4039da8\" data-element_type=\"column\" data-e-type=\"column\">\n\t\t\t<div class=\"elementor-widget-wrap elementor-element-populated\">\n\t\t\t\t\t\t<div class=\"elementor-element elementor-element-e812d46 elementor-widget__width-initial elementor-position-top elementor-widget elementor-widget-image-box\" data-id=\"e812d46\" data-element_type=\"widget\" data-e-type=\"widget\" data-widget_type=\"image-box.default\">\n\t\t\t\t<div class=\"elementor-widget-container\">\n\t\t\t\t\t<div class=\"elementor-image-box-wrapper\"><figure class=\"elementor-image-box-img\"><a href=\"https:\/\/reedmackay.com\/wp-content\/uploads\/2025\/08\/Sweden-Data-Protection-Schedule-082025-1.pdf\" tabindex=\"-1\"><img decoding=\"async\" width=\"2560\" height=\"1784\" src=\"https:\/\/reedmackay.com\/wp-content\/uploads\/2024\/07\/shutterstock_1416844946-scaled.jpg\" class=\"elementor-animation-grow attachment-full size-full wp-image-56669\" alt=\"\" srcset=\"https:\/\/reedmackay.com\/wp-content\/uploads\/2024\/07\/shutterstock_1416844946-scaled.jpg 2560w, https:\/\/reedmackay.com\/wp-content\/uploads\/2024\/07\/shutterstock_1416844946-300x209.jpg 300w, https:\/\/reedmackay.com\/wp-content\/uploads\/2024\/07\/shutterstock_1416844946-1024x714.jpg 1024w, https:\/\/reedmackay.com\/wp-content\/uploads\/2024\/07\/shutterstock_1416844946-768x535.jpg 768w, https:\/\/reedmackay.com\/wp-content\/uploads\/2024\/07\/shutterstock_1416844946-1536x1071.jpg 1536w, https:\/\/reedmackay.com\/wp-content\/uploads\/2024\/07\/shutterstock_1416844946-2048x1427.jpg 2048w\" sizes=\"(max-width: 2560px) 100vw, 2560px\" \/><\/a><\/figure><div class=\"elementor-image-box-content\"><h3 class=\"elementor-image-box-title\"><a href=\"https:\/\/reedmackay.com\/wp-content\/uploads\/2025\/08\/Sweden-Data-Protection-Schedule-082025-1.pdf\">Dataskyddsf\u00f6rordning (English language version)<\/a><\/h3><\/div><\/div>\t\t\t\t<\/div>\n\t\t\t\t<\/div>\n\t\t\t\t\t<\/div>\n\t\t<\/div>\n\t\t\t\t<div class=\"elementor-column elementor-col-33 elementor-top-column elementor-element elementor-element-b14ad03\" data-id=\"b14ad03\" data-element_type=\"column\" data-e-type=\"column\">\n\t\t\t<div class=\"elementor-widget-wrap elementor-element-populated\">\n\t\t\t\t\t\t<div class=\"elementor-element elementor-element-2c8c4ae elementor-widget__width-initial elementor-position-top elementor-widget elementor-widget-image-box\" data-id=\"2c8c4ae\" data-element_type=\"widget\" data-e-type=\"widget\" data-widget_type=\"image-box.default\">\n\t\t\t\t<div class=\"elementor-widget-container\">\n\t\t\t\t\t<div class=\"elementor-image-box-wrapper\"><figure class=\"elementor-image-box-img\"><a href=\"https:\/\/reedmackay.com\/wp-content\/uploads\/2025\/08\/Sweden-Meetings-Event-Services-Online-Terms-082025.pdf\" tabindex=\"-1\"><img decoding=\"async\" width=\"2560\" height=\"1707\" src=\"https:\/\/reedmackay.com\/wp-content\/uploads\/2024\/07\/shutterstock_2275564121-scaled.jpg\" class=\"elementor-animation-grow attachment-full size-full wp-image-56645\" alt=\"\" srcset=\"https:\/\/reedmackay.com\/wp-content\/uploads\/2024\/07\/shutterstock_2275564121-scaled.jpg 2560w, https:\/\/reedmackay.com\/wp-content\/uploads\/2024\/07\/shutterstock_2275564121-300x200.jpg 300w, https:\/\/reedmackay.com\/wp-content\/uploads\/2024\/07\/shutterstock_2275564121-1024x683.jpg 1024w, https:\/\/reedmackay.com\/wp-content\/uploads\/2024\/07\/shutterstock_2275564121-768x512.jpg 768w, https:\/\/reedmackay.com\/wp-content\/uploads\/2024\/07\/shutterstock_2275564121-1536x1024.jpg 1536w, https:\/\/reedmackay.com\/wp-content\/uploads\/2024\/07\/shutterstock_2275564121-2048x1365.jpg 2048w, https:\/\/reedmackay.com\/wp-content\/uploads\/2024\/07\/shutterstock_2275564121-930x620.jpg 930w\" sizes=\"(max-width: 2560px) 100vw, 2560px\" \/><\/a><\/figure><div class=\"elementor-image-box-content\"><h3 class=\"elementor-image-box-title\"><a href=\"https:\/\/reedmackay.com\/wp-content\/uploads\/2025\/08\/Sweden-Meetings-Event-Services-Online-Terms-082025.pdf\">Allm\u00e4nna villkor M\u00f6ten &amp; Event (English language version)<\/a><\/h3><\/div><\/div>\t\t\t\t<\/div>\n\t\t\t\t<\/div>\n\t\t\t\t\t<\/div>\n\t\t<\/div>\n\t\t\t\t\t<\/div>\n\t\t<\/section>\n\t\t\t\t<\/div>\n\t\t","protected":false},"excerpt":{"rendered":"<p>V\u00e5ra Allm\u00e4nna villkor Allm\u00e4nna villkor Aff\u00e4rsresor Dataskyddsf\u00f6rordning Allm\u00e4nna villkor M\u00f6ten &#038; Event Translated versions in English can be found below: Allm\u00e4nna villkor Aff\u00e4rsresor (English language version) Dataskyddsf\u00f6rordning (English language version) Allm\u00e4nna villkor M\u00f6ten &amp; Event (English language version)<\/p>\n","protected":false},"author":6,"featured_media":0,"parent":0,"menu_order":0,"comment_status":"closed","ping_status":"closed","template":"elementor_header_footer","meta":{"neve_meta_sidebar":"","neve_meta_container":"","neve_meta_enable_content_width":"","neve_meta_content_width":0,"neve_meta_title_alignment":"","neve_meta_author_avatar":"","neve_post_elements_order":"","neve_meta_disable_header":"","neve_meta_disable_footer":"","neve_meta_disable_title":"","footnotes":""},"class_list":["post-79252","page","type-page","status-publish","hentry"],"yoast_head":"<!-- This site is optimized with the Yoast SEO plugin v27.4 - https:\/\/yoast.com\/product\/yoast-seo-wordpress\/ -->\n<title>V\u00e5ra Allm\u00e4nna villkor | Reed &amp; Mackay<\/title>\n<meta name=\"robots\" content=\"index, follow, max-snippet:-1, max-image-preview:large, max-video-preview:-1\" \/>\n<link rel=\"canonical\" href=\"https:\/\/reedmackay.com\/sv\/client-terms-and-conditions-se\" \/>\n<meta property=\"og:locale\" content=\"sv_SE\" \/>\n<meta property=\"og:type\" content=\"article\" \/>\n<meta property=\"og:title\" content=\"V\u00e5ra Allm\u00e4nna villkor | Reed &amp; Mackay\" \/>\n<meta property=\"og:description\" content=\"V\u00e5ra Allm\u00e4nna villkor Allm\u00e4nna villkor Aff\u00e4rsresor Dataskyddsf\u00f6rordning Allm\u00e4nna villkor M\u00f6ten &#038; Event Translated versions in English can be found below: Allm\u00e4nna villkor Aff\u00e4rsresor (English language version) Dataskyddsf\u00f6rordning (English language version) Allm\u00e4nna villkor M\u00f6ten &amp; Event (English language version)\" \/>\n<meta property=\"og:url\" content=\"https:\/\/reedmackay.com\/sv\/client-terms-and-conditions-se\" \/>\n<meta property=\"og:site_name\" content=\"Reed &amp; Mackay\" \/>\n<meta property=\"article:modified_time\" content=\"2025-09-03T14:19:25+00:00\" \/>\n<meta property=\"og:image\" content=\"https:\/\/reedmackay.com\/wp-content\/uploads\/2024\/07\/shutterstock_2356241977-scaled-e1750677316888.jpg\" \/>\n\t<meta property=\"og:image:width\" content=\"1050\" \/>\n\t<meta property=\"og:image:height\" content=\"700\" \/>\n\t<meta property=\"og:image:type\" content=\"image\/jpeg\" \/>\n<meta name=\"twitter:card\" content=\"summary_large_image\" \/>\n<meta name=\"twitter:label1\" content=\"Ber\u00e4knad l\u00e4stid\" \/>\n\t<meta name=\"twitter:data1\" content=\"2 minuter\" \/>\n<script type=\"application\/ld+json\" class=\"yoast-schema-graph\">{\"@context\":\"https:\\\/\\\/schema.org\",\"@graph\":[{\"@type\":\"WebPage\",\"@id\":\"https:\\\/\\\/reedmackay.com\\\/sv\\\/client-terms-and-conditions-se\",\"url\":\"https:\\\/\\\/reedmackay.com\\\/sv\\\/client-terms-and-conditions-se\",\"name\":\"V\u00e5ra Allm\u00e4nna villkor | Reed &amp; Mackay\",\"isPartOf\":{\"@id\":\"https:\\\/\\\/reedmackay.com\\\/sv#website\"},\"primaryImageOfPage\":{\"@id\":\"https:\\\/\\\/reedmackay.com\\\/sv\\\/client-terms-and-conditions-se#primaryimage\"},\"image\":{\"@id\":\"https:\\\/\\\/reedmackay.com\\\/sv\\\/client-terms-and-conditions-se#primaryimage\"},\"thumbnailUrl\":\"https:\\\/\\\/reedmackay.com\\\/wp-content\\\/uploads\\\/2024\\\/07\\\/shutterstock_2356241977-scaled-e1750677316888.jpg\",\"datePublished\":\"2024-07-15T13:53:20+00:00\",\"dateModified\":\"2025-09-03T14:19:25+00:00\",\"breadcrumb\":{\"@id\":\"https:\\\/\\\/reedmackay.com\\\/sv\\\/client-terms-and-conditions-se#breadcrumb\"},\"inLanguage\":\"sv-SE\",\"potentialAction\":[{\"@type\":\"ReadAction\",\"target\":[\"https:\\\/\\\/reedmackay.com\\\/sv\\\/client-terms-and-conditions-se\"]}]},{\"@type\":\"ImageObject\",\"inLanguage\":\"sv-SE\",\"@id\":\"https:\\\/\\\/reedmackay.com\\\/sv\\\/client-terms-and-conditions-se#primaryimage\",\"url\":\"https:\\\/\\\/reedmackay.com\\\/wp-content\\\/uploads\\\/2024\\\/07\\\/shutterstock_2356241977-scaled-e1750677316888.jpg\",\"contentUrl\":\"https:\\\/\\\/reedmackay.com\\\/wp-content\\\/uploads\\\/2024\\\/07\\\/shutterstock_2356241977-scaled-e1750677316888.jpg\"},{\"@type\":\"BreadcrumbList\",\"@id\":\"https:\\\/\\\/reedmackay.com\\\/sv\\\/client-terms-and-conditions-se#breadcrumb\",\"itemListElement\":[{\"@type\":\"ListItem\",\"position\":1,\"name\":\"Home\",\"item\":\"https:\\\/\\\/reedmackay.com\\\/sv\"},{\"@type\":\"ListItem\",\"position\":2,\"name\":\"V\u00e5ra Allm\u00e4nna villkor\"}]},{\"@type\":\"WebSite\",\"@id\":\"https:\\\/\\\/reedmackay.com\\\/sv#website\",\"url\":\"https:\\\/\\\/reedmackay.com\\\/sv\",\"name\":\"Reed & Mackay\",\"description\":\"Reed and Mackay Travel and Events Management\",\"publisher\":{\"@id\":\"https:\\\/\\\/reedmackay.com\\\/sv#organization\"},\"potentialAction\":[{\"@type\":\"SearchAction\",\"target\":{\"@type\":\"EntryPoint\",\"urlTemplate\":\"https:\\\/\\\/reedmackay.com\\\/sv?s={search_term_string}\"},\"query-input\":{\"@type\":\"PropertyValueSpecification\",\"valueRequired\":true,\"valueName\":\"search_term_string\"}}],\"inLanguage\":\"sv-SE\"},{\"@type\":\"Organization\",\"@id\":\"https:\\\/\\\/reedmackay.com\\\/sv#organization\",\"name\":\"Reed & Mackay\",\"url\":\"https:\\\/\\\/reedmackay.com\\\/sv\",\"logo\":{\"@type\":\"ImageObject\",\"inLanguage\":\"sv-SE\",\"@id\":\"https:\\\/\\\/reedmackay.com\\\/sv#\\\/schema\\\/logo\\\/image\\\/\",\"url\":\"https:\\\/\\\/reedmackay.com\\\/wp-content\\\/uploads\\\/2023\\\/07\\\/RM-Horz-Logo-Colour@2x.png\",\"contentUrl\":\"https:\\\/\\\/reedmackay.com\\\/wp-content\\\/uploads\\\/2023\\\/07\\\/RM-Horz-Logo-Colour@2x.png\",\"width\":2107,\"height\":411,\"caption\":\"Reed & Mackay\"},\"image\":{\"@id\":\"https:\\\/\\\/reedmackay.com\\\/sv#\\\/schema\\\/logo\\\/image\\\/\"}}]}<\/script>\n<!-- \/ Yoast SEO plugin. -->","yoast_head_json":{"title":"V\u00e5ra Allm\u00e4nna villkor | Reed &amp; Mackay","robots":{"index":"index","follow":"follow","max-snippet":"max-snippet:-1","max-image-preview":"max-image-preview:large","max-video-preview":"max-video-preview:-1"},"canonical":"https:\/\/reedmackay.com\/sv\/client-terms-and-conditions-se","og_locale":"sv_SE","og_type":"article","og_title":"V\u00e5ra Allm\u00e4nna villkor | Reed &amp; Mackay","og_description":"V\u00e5ra Allm\u00e4nna villkor Allm\u00e4nna villkor Aff\u00e4rsresor Dataskyddsf\u00f6rordning Allm\u00e4nna villkor M\u00f6ten &#038; Event Translated versions in English can be found below: Allm\u00e4nna villkor Aff\u00e4rsresor (English language version) Dataskyddsf\u00f6rordning (English language version) Allm\u00e4nna villkor M\u00f6ten &amp; Event (English language version)","og_url":"https:\/\/reedmackay.com\/sv\/client-terms-and-conditions-se","og_site_name":"Reed &amp; Mackay","article_modified_time":"2025-09-03T14:19:25+00:00","og_image":[{"width":1050,"height":700,"url":"https:\/\/reedmackay.com\/wp-content\/uploads\/2024\/07\/shutterstock_2356241977-scaled-e1750677316888.jpg","type":"image\/jpeg"}],"twitter_card":"summary_large_image","twitter_misc":{"Ber\u00e4knad l\u00e4stid":"2 minuter"},"schema":{"@context":"https:\/\/schema.org","@graph":[{"@type":"WebPage","@id":"https:\/\/reedmackay.com\/sv\/client-terms-and-conditions-se","url":"https:\/\/reedmackay.com\/sv\/client-terms-and-conditions-se","name":"V\u00e5ra Allm\u00e4nna villkor | Reed &amp; Mackay","isPartOf":{"@id":"https:\/\/reedmackay.com\/sv#website"},"primaryImageOfPage":{"@id":"https:\/\/reedmackay.com\/sv\/client-terms-and-conditions-se#primaryimage"},"image":{"@id":"https:\/\/reedmackay.com\/sv\/client-terms-and-conditions-se#primaryimage"},"thumbnailUrl":"https:\/\/reedmackay.com\/wp-content\/uploads\/2024\/07\/shutterstock_2356241977-scaled-e1750677316888.jpg","datePublished":"2024-07-15T13:53:20+00:00","dateModified":"2025-09-03T14:19:25+00:00","breadcrumb":{"@id":"https:\/\/reedmackay.com\/sv\/client-terms-and-conditions-se#breadcrumb"},"inLanguage":"sv-SE","potentialAction":[{"@type":"ReadAction","target":["https:\/\/reedmackay.com\/sv\/client-terms-and-conditions-se"]}]},{"@type":"ImageObject","inLanguage":"sv-SE","@id":"https:\/\/reedmackay.com\/sv\/client-terms-and-conditions-se#primaryimage","url":"https:\/\/reedmackay.com\/wp-content\/uploads\/2024\/07\/shutterstock_2356241977-scaled-e1750677316888.jpg","contentUrl":"https:\/\/reedmackay.com\/wp-content\/uploads\/2024\/07\/shutterstock_2356241977-scaled-e1750677316888.jpg"},{"@type":"BreadcrumbList","@id":"https:\/\/reedmackay.com\/sv\/client-terms-and-conditions-se#breadcrumb","itemListElement":[{"@type":"ListItem","position":1,"name":"Home","item":"https:\/\/reedmackay.com\/sv"},{"@type":"ListItem","position":2,"name":"V\u00e5ra Allm\u00e4nna villkor"}]},{"@type":"WebSite","@id":"https:\/\/reedmackay.com\/sv#website","url":"https:\/\/reedmackay.com\/sv","name":"Reed & Mackay","description":"Reed and Mackay Travel and Events Management","publisher":{"@id":"https:\/\/reedmackay.com\/sv#organization"},"potentialAction":[{"@type":"SearchAction","target":{"@type":"EntryPoint","urlTemplate":"https:\/\/reedmackay.com\/sv?s={search_term_string}"},"query-input":{"@type":"PropertyValueSpecification","valueRequired":true,"valueName":"search_term_string"}}],"inLanguage":"sv-SE"},{"@type":"Organization","@id":"https:\/\/reedmackay.com\/sv#organization","name":"Reed & Mackay","url":"https:\/\/reedmackay.com\/sv","logo":{"@type":"ImageObject","inLanguage":"sv-SE","@id":"https:\/\/reedmackay.com\/sv#\/schema\/logo\/image\/","url":"https:\/\/reedmackay.com\/wp-content\/uploads\/2023\/07\/RM-Horz-Logo-Colour@2x.png","contentUrl":"https:\/\/reedmackay.com\/wp-content\/uploads\/2023\/07\/RM-Horz-Logo-Colour@2x.png","width":2107,"height":411,"caption":"Reed & Mackay"},"image":{"@id":"https:\/\/reedmackay.com\/sv#\/schema\/logo\/image\/"}}]}},"publishpress_future_workflow_manual_trigger":{"enabledWorkflows":[]},"_links":{"self":[{"href":"https:\/\/reedmackay.com\/sv\/wp-json\/wp\/v2\/pages\/79252","targetHints":{"allow":["GET"]}}],"collection":[{"href":"https:\/\/reedmackay.com\/sv\/wp-json\/wp\/v2\/pages"}],"about":[{"href":"https:\/\/reedmackay.com\/sv\/wp-json\/wp\/v2\/types\/page"}],"author":[{"embeddable":true,"href":"https:\/\/reedmackay.com\/sv\/wp-json\/wp\/v2\/users\/6"}],"replies":[{"embeddable":true,"href":"https:\/\/reedmackay.com\/sv\/wp-json\/wp\/v2\/comments?post=79252"}],"version-history":[{"count":0,"href":"https:\/\/reedmackay.com\/sv\/wp-json\/wp\/v2\/pages\/79252\/revisions"}],"wp:attachment":[{"href":"https:\/\/reedmackay.com\/sv\/wp-json\/wp\/v2\/media?parent=79252"}],"curies":[{"name":"wp","href":"https:\/\/api.w.org\/{rel}","templated":true}]}}