{"id":26988,"date":"2024-01-08T15:55:24","date_gmt":"2024-01-08T15:55:24","guid":{"rendered":"https:\/\/reedmackay.com\/resa-evenemang-forfragan"},"modified":"2025-06-26T10:54:30","modified_gmt":"2025-06-26T09:54:30","slug":"resa-evenemang-forfragan","status":"publish","type":"page","link":"https:\/\/reedmackay.com\/sv\/resa-evenemang-forfragan","title":{"rendered":"Rese- eller evenemangsf\u00f6rfr\u00e5gan"},"content":{"rendered":"\t\t<div data-elementor-type=\"wp-page\" data-elementor-id=\"26988\" class=\"elementor elementor-26988 elementor-20360\" data-elementor-post-type=\"page\">\n\t\t\t\t\t\t<section class=\"elementor-section elementor-top-section elementor-element elementor-element-641b82f elementor-reverse-mobile elementor-section-boxed elementor-section-height-default elementor-section-height-default\" data-id=\"641b82f\" data-element_type=\"section\" data-e-type=\"section\" data-settings=\"{&quot;background_background&quot;:&quot;classic&quot;}\">\n\t\t\t\t\t\t<div class=\"elementor-container elementor-column-gap-default\">\n\t\t\t\t\t<div class=\"elementor-column elementor-col-100 elementor-top-column elementor-element elementor-element-7d8e030\" data-id=\"7d8e030\" data-element_type=\"column\" data-e-type=\"column\" data-settings=\"{&quot;background_background&quot;:&quot;classic&quot;}\">\n\t\t\t<div class=\"elementor-widget-wrap elementor-element-populated\">\n\t\t\t\t\t<div class=\"elementor-background-overlay\"><\/div>\n\t\t\t\t\t\t<section class=\"elementor-section elementor-inner-section elementor-element elementor-element-2adbbac elementor-section-boxed elementor-section-height-default elementor-section-height-default\" data-id=\"2adbbac\" data-element_type=\"section\" data-e-type=\"section\">\n\t\t\t\t\t\t<div class=\"elementor-container elementor-column-gap-default\">\n\t\t\t\t\t<div class=\"elementor-column elementor-col-50 elementor-inner-column elementor-element elementor-element-37f15b1\" data-id=\"37f15b1\" data-element_type=\"column\" data-e-type=\"column\">\n\t\t\t<div class=\"elementor-widget-wrap elementor-element-populated\">\n\t\t\t\t\t\t<div class=\"elementor-element elementor-element-a74f41e elementor-widget elementor-widget-heading\" data-id=\"a74f41e\" data-element_type=\"widget\" data-e-type=\"widget\" data-widget_type=\"heading.default\">\n\t\t\t\t<div class=\"elementor-widget-container\">\n\t\t\t\t\t<h2 class=\"elementor-heading-title elementor-size-default\">Redan kund hos oss?<\/h2>\t\t\t\t<\/div>\n\t\t\t\t<\/div>\n\t\t\t\t<div class=\"elementor-element elementor-element-cffa2f1 elementor-widget elementor-widget-heading\" data-id=\"cffa2f1\" data-element_type=\"widget\" data-e-type=\"widget\" data-widget_type=\"heading.default\">\n\t\t\t\t<div class=\"elementor-widget-container\">\n\t\t\t\t\t<h2 class=\"elementor-heading-title elementor-size-default\">\u00c4r du en befintlig kund som vill ha hj\u00e4lp med en nuvarande eller framtida bokning?<\/h2>\t\t\t\t<\/div>\n\t\t\t\t<\/div>\n\t\t\t\t<div class=\"elementor-element elementor-element-d1f03aa elementor-button-align-start elementor-widget elementor-widget-global elementor-global-25995 elementor-global-25884 elementor-widget-form\" data-id=\"d1f03aa\" data-element_type=\"widget\" data-e-type=\"widget\" data-settings=\"{&quot;step_next_label&quot;:&quot;N\\u00e4sta&quot;,&quot;step_previous_label&quot;:&quot;F\\u00f6reg\\u00e5ende&quot;,&quot;button_width&quot;:&quot;100&quot;,&quot;step_type&quot;:&quot;number_text&quot;,&quot;step_icon_shape&quot;:&quot;circle&quot;}\" data-widget_type=\"form.default\">\n\t\t\t\t<div class=\"elementor-widget-container\">\n\t\t\t\t\t\t\t<form class=\"elementor-form\" method=\"post\" id=\"new_business_enquiry_form\" name=\"Live-Travel-Form\" aria-label=\"Live-Travel-Form\">\n\t\t\t<input type=\"hidden\" name=\"post_id\" value=\"26988\"\/>\n\t\t\t<input type=\"hidden\" name=\"form_id\" value=\"d1f03aa\"\/>\n\t\t\t<input type=\"hidden\" name=\"referer_title\" value=\"Reed &amp; Mackay\" \/>\n\n\t\t\t\n\t\t\t<div class=\"elementor-form-fields-wrapper elementor-labels-\">\n\t\t\t\t\t\t\t\t<div class=\"elementor-field-type-text elementor-field-group elementor-column elementor-field-group-name elementor-col-50 elementor-field-required\">\n\t\t\t\t\t\t\t\t\t\t\t\t<label for=\"form-field-name\" class=\"elementor-field-label elementor-screen-only\">\n\t\t\t\t\t\t\t\tFirst name\t\t\t\t\t\t\t<\/label>\n\t\t\t\t\t\t\t\t\t\t\t\t\t\t<input size=\"1\" type=\"text\" name=\"form_fields[name]\" id=\"form-field-name\" class=\"elementor-field elementor-size-sm  elementor-field-textual\" placeholder=\"*F\u00f6rnamn\" required=\"required\">\n\t\t\t\t\t\t\t\t\t\t\t<\/div>\n\t\t\t\t\t\t\t\t<div class=\"elementor-field-type-text elementor-field-group elementor-column elementor-field-group-last_name elementor-col-50 elementor-field-required\">\n\t\t\t\t\t\t\t\t\t\t\t\t<label for=\"form-field-last_name\" class=\"elementor-field-label elementor-screen-only\">\n\t\t\t\t\t\t\t\tLast name\t\t\t\t\t\t\t<\/label>\n\t\t\t\t\t\t\t\t\t\t\t\t\t\t<input size=\"1\" type=\"text\" name=\"form_fields[last_name]\" id=\"form-field-last_name\" class=\"elementor-field elementor-size-sm  elementor-field-textual\" placeholder=\"*Efternamn\" required=\"required\">\n\t\t\t\t\t\t\t\t\t\t\t<\/div>\n\t\t\t\t\t\t\t\t<div class=\"elementor-field-type-email elementor-field-group elementor-column elementor-field-group-email elementor-col-100 elementor-field-required\">\n\t\t\t\t\t\t\t\t\t\t\t\t<label for=\"form-field-email\" class=\"elementor-field-label elementor-screen-only\">\n\t\t\t\t\t\t\t\tEmail\t\t\t\t\t\t\t<\/label>\n\t\t\t\t\t\t\t\t\t\t\t\t\t\t<input size=\"1\" type=\"email\" name=\"form_fields[email]\" id=\"form-field-email\" class=\"elementor-field elementor-size-sm  elementor-field-textual\" placeholder=\"*E-postadress\" required=\"required\">\n\t\t\t\t\t\t\t\t\t\t\t<\/div>\n\t\t\t\t\t\t\t\t<div class=\"elementor-field-type-tel elementor-field-group elementor-column elementor-field-group-Phone elementor-col-100 elementor-field-required\">\n\t\t\t\t\t\t\t\t\t\t\t\t<label for=\"form-field-Phone\" class=\"elementor-field-label elementor-screen-only\">\n\t\t\t\t\t\t\t\tTel\t\t\t\t\t\t\t<\/label>\n\t\t\t\t\t\t\t\t<input size=\"1\" type=\"tel\" name=\"form_fields[Phone]\" id=\"form-field-Phone\" class=\"elementor-field elementor-size-sm  elementor-field-textual\" placeholder=\"*Telefonnummer\" required=\"required\" pattern=\"[0-9()#&amp;+*-=.]+\" title=\"Endast siffror och telefontecken (#, -, *, etc) accepteras.\">\n\n\t\t\t\t\t\t<\/div>\n\t\t\t\t\t\t\t\t<div class=\"elementor-field-type-text elementor-field-group elementor-column elementor-field-group-Company elementor-col-100 elementor-field-required\">\n\t\t\t\t\t\t\t\t\t\t\t\t\t<input size=\"1\" type=\"text\" name=\"form_fields[Company]\" id=\"form-field-Company\" class=\"elementor-field elementor-size-sm  elementor-field-textual\" placeholder=\"*F\u00f6retagsnamn\" required=\"required\">\n\t\t\t\t\t\t\t\t\t\t\t<\/div>\n\t\t\t\t\t\t\t\t<div class=\"elementor-field-type-select elementor-field-group elementor-column elementor-field-group-Area_Interest elementor-col-100 elementor-field-required\">\n\t\t\t\t\t\t\t\t\t\t\t\t<label for=\"form-field-Area_Interest\" class=\"elementor-field-label elementor-screen-only\">\n\t\t\t\t\t\t\t\t*Tj\u00e4nst av intresse\t\t\t\t\t\t\t<\/label>\n\t\t\t\t\t\t\t\t<div class=\"elementor-field elementor-select-wrapper remove-before \">\n\t\t\t<div class=\"select-caret-down-wrapper\">\n\t\t\t\t<svg aria-hidden=\"true\" class=\"e-font-icon-svg e-eicon-caret-down\" viewBox=\"0 0 571.4 571.4\" xmlns=\"http:\/\/www.w3.org\/2000\/svg\"><path d=\"M571 393Q571 407 561 418L311 668Q300 679 286 679T261 668L11 418Q0 407 0 393T11 368 36 357H536Q550 357 561 368T571 393Z\"><\/path><\/svg>\t\t\t<\/div>\n\t\t\t<select name=\"form_fields[Area_Interest]\" id=\"form-field-Area_Interest\" class=\"elementor-field-textual elementor-size-sm\" required=\"required\">\n\t\t\t\t\t\t\t\t\t<option value=\"Aff\u00e4rsresor\">Aff\u00e4rsresor<\/option>\n\t\t\t\t\t\t\t\t\t<option value=\"M\u00f6ten och Event\">M\u00f6ten och Event<\/option>\n\t\t\t\t\t\t\t\t\t<option value=\"Aff\u00e4rsresor, M\u00f6ten &amp; Event\">Aff\u00e4rsresor, M\u00f6ten &amp; Event<\/option>\n\t\t\t\t\t\t\t<\/select>\n\t\t<\/div>\n\t\t\t\t\t\t<\/div>\n\t\t\t\t\t\t\t\t<div class=\"elementor-field-type-textarea elementor-field-group elementor-column elementor-field-group-message elementor-col-100\">\n\t\t\t\t\t\t\t\t\t\t\t\t<label for=\"form-field-message\" class=\"elementor-field-label elementor-screen-only\">\n\t\t\t\t\t\t\t\tMessage box\t\t\t\t\t\t\t<\/label>\n\t\t\t\t\t\t<textarea class=\"elementor-field-textual elementor-field  elementor-size-sm\" name=\"form_fields[message]\" id=\"form-field-message\" rows=\"4\" placeholder=\"Meddelande\"><\/textarea>\t\t\t\t<\/div>\n\t\t\t\t\t\t\t\t<div class=\"elementor-field-type-checkbox elementor-field-group elementor-column elementor-field-group-field_b2b3731 elementor-col-100\">\n\t\t\t\t\t\t\t\t\t\t\t\t<label for=\"form-field-field_b2b3731\" class=\"elementor-field-label elementor-screen-only\">\n\t\t\t\t\t\t\t\tPrivacy policy\t\t\t\t\t\t\t<\/label>\n\t\t\t\t\t\t<div class=\"elementor-field-subgroup  elementor-subgroup-inline\"><span class=\"elementor-field-option\"><input type=\"checkbox\" value=\"Jag samtycker till att RM behandlar mina personuppgifter f\u00f6r denna aff\u00e4rsf\u00f6rfr\u00e5gan i enlighet med &lt;span style=&quot;color: #808080;&quot;&gt;&lt;a style=&quot;color: #808080;&quot; href=&quot;https:\/\/reedmackay.com\/sv\/integritetspolicy&quot;&gt;R&amp;M integritetspolicy&lt;\/a&gt;&lt;\/span&gt;\" id=\"form-field-field_b2b3731-0\" name=\"form_fields[field_b2b3731]\"> <label for=\"form-field-field_b2b3731-0\">Jag samtycker till att RM behandlar mina personuppgifter f\u00f6r denna aff\u00e4rsf\u00f6rfr\u00e5gan i enlighet med <span style=\"color: #808080;\"><a style=\"color: #808080;\" href=\"https:\/\/reedmackay.com\/sv\/integritetspolicy\">R&M integritetspolicy<\/a><\/span><\/label><\/span><\/div>\t\t\t\t<\/div>\n\t\t\t\t\t\t\t\t<div class=\"elementor-field-type-hidden elementor-field-group elementor-column elementor-field-group-utm_source elementor-col-100\">\n\t\t\t\t\t\t\t\t\t\t\t\t\t<input size=\"1\" type=\"hidden\" name=\"form_fields[utm_source]\" id=\"form-field-utm_source\" class=\"elementor-field elementor-size-sm  elementor-field-textual\">\n\t\t\t\t\t\t\t\t\t\t\t<\/div>\n\t\t\t\t\t\t\t\t<div class=\"elementor-field-type-hidden elementor-field-group elementor-column elementor-field-group-utm_medium elementor-col-100\">\n\t\t\t\t\t\t\t\t\t\t\t\t\t<input size=\"1\" type=\"hidden\" name=\"form_fields[utm_medium]\" id=\"form-field-utm_medium\" class=\"elementor-field elementor-size-sm  elementor-field-textual\">\n\t\t\t\t\t\t\t\t\t\t\t<\/div>\n\t\t\t\t\t\t\t\t<div class=\"elementor-field-type-hidden elementor-field-group elementor-column elementor-field-group-utm_campaign elementor-col-100\">\n\t\t\t\t\t\t\t\t\t\t\t\t\t<input size=\"1\" type=\"hidden\" name=\"form_fields[utm_campaign]\" id=\"form-field-utm_campaign\" class=\"elementor-field elementor-size-sm  elementor-field-textual\">\n\t\t\t\t\t\t\t\t\t\t\t<\/div>\n\t\t\t\t\t\t\t\t<div class=\"elementor-field-type-hidden elementor-field-group elementor-column elementor-field-group-utm_term elementor-col-100\">\n\t\t\t\t\t\t\t\t\t\t\t\t\t<input size=\"1\" type=\"hidden\" name=\"form_fields[utm_term]\" id=\"form-field-utm_term\" class=\"elementor-field elementor-size-sm  elementor-field-textual\">\n\t\t\t\t\t\t\t\t\t\t\t<\/div>\n\t\t\t\t\t\t\t\t<div class=\"elementor-field-type-hidden elementor-field-group elementor-column elementor-field-group-form_name elementor-col-100\">\n\t\t\t\t\t\t\t\t\t\t\t\t\t<input size=\"1\" type=\"hidden\" name=\"form_fields[form_name]\" id=\"form-field-form_name\" class=\"elementor-field elementor-size-sm  elementor-field-textual\" value=\"travel_event_enquiry\">\n\t\t\t\t\t\t\t\t\t\t\t<\/div>\n\t\t\t\t\t\t\t\t<div class=\"elementor-field-type-hidden elementor-field-group elementor-column elementor-field-group-page_name elementor-col-100\">\n\t\t\t\t\t\t\t\t\t\t\t\t\t<input size=\"1\" type=\"hidden\" name=\"form_fields[page_name]\" id=\"form-field-page_name\" class=\"elementor-field elementor-size-sm  elementor-field-textual\">\n\t\t\t\t\t\t\t\t\t\t\t<\/div>\n\t\t\t\t\t\t\t\t<div class=\"elementor-field-type-hidden elementor-field-group elementor-column elementor-field-group-location_lang elementor-col-100\">\n\t\t\t\t\t\t\t\t\t\t\t\t\t<input size=\"1\" type=\"hidden\" name=\"form_fields[location_lang]\" id=\"form-field-location_lang\" class=\"elementor-field elementor-size-sm  elementor-field-textual\">\n\t\t\t\t\t\t\t\t\t\t\t<\/div>\n\t\t\t\t\t\t\t\t<div class=\"elementor-field-type-recaptcha_v3 elementor-field-group elementor-column elementor-field-group-field_f306cdc elementor-col-100 recaptcha_v3-bottomright\">\n\t\t\t\t\t<div class=\"elementor-field\" id=\"form-field-field_f306cdc\"><div class=\"elementor-g-recaptcha\" data-sitekey=\"6Lcat0UpAAAAAAZsDx1W-_mpCan98koOtqt-f46_\" data-type=\"v3\" data-action=\"Form\" data-badge=\"bottomright\" data-size=\"invisible\"><\/div><\/div>\t\t\t\t<\/div>\n\t\t\t\t\t\t\t\t<div class=\"elementor-field-group elementor-column elementor-field-type-submit elementor-col-100 e-form__buttons\">\n\t\t\t\t\t<button class=\"elementor-button elementor-size-sm\" type=\"submit\">\n\t\t\t\t\t\t<span class=\"elementor-button-content-wrapper\">\n\t\t\t\t\t\t\t\t\t\t\t\t\t\t\t\t\t\t\t\t\t\t<span class=\"elementor-button-text\">Skicka<\/span>\n\t\t\t\t\t\t\t\t\t\t\t\t\t<\/span>\n\t\t\t\t\t<\/button>\n\t\t\t\t<\/div>\n\t\t\t<\/div>\n\t\t<\/form>\n\t\t\t\t\t\t<\/div>\n\t\t\t\t<\/div>\n\t\t\t\t\t<\/div>\n\t\t<\/div>\n\t\t\t\t<div class=\"elementor-column elementor-col-50 elementor-inner-column elementor-element elementor-element-956aa2e\" data-id=\"956aa2e\" data-element_type=\"column\" data-e-type=\"column\">\n\t\t\t<div class=\"elementor-widget-wrap elementor-element-populated\">\n\t\t\t\t\t\t<div class=\"elementor-element elementor-element-10109d7 elementor-cta--skin-classic elementor-animated-content elementor-bg-transform elementor-bg-transform-zoom-in elementor-widget elementor-widget-call-to-action\" data-id=\"10109d7\" data-element_type=\"widget\" data-e-type=\"widget\" data-widget_type=\"call-to-action.default\">\n\t\t\t\t<div class=\"elementor-widget-container\">\n\t\t\t\t\t\t\t<div class=\"elementor-cta\">\n\t\t\t\t\t<div class=\"elementor-cta__bg-wrapper\">\n\t\t\t\t<div class=\"elementor-cta__bg elementor-bg\" style=\"background-image: url(https:\/\/reedmackay.com\/wp-content\/uploads\/2025\/05\/Client-form-image-1024x576.jpg);\" role=\"img\" aria-label=\"Client-form-image.jpg\"><\/div>\n\t\t\t\t<div class=\"elementor-cta__bg-overlay\"><\/div>\n\t\t\t<\/div>\n\t\t\t\t\t\t\t\t<\/div>\n\t\t\t\t\t\t<\/div>\n\t\t\t\t<\/div>\n\t\t\t\t<div class=\"elementor-element elementor-element-dcaa285 elementor-align-start elementor-icon-list--layout-traditional elementor-list-item-link-full_width elementor-widget elementor-widget-icon-list\" data-id=\"dcaa285\" data-element_type=\"widget\" data-e-type=\"widget\" data-widget_type=\"icon-list.default\">\n\t\t\t\t<div class=\"elementor-widget-container\">\n\t\t\t\t\t\t\t<ul class=\"elementor-icon-list-items\">\n\t\t\t\t\t\t\t<li class=\"elementor-icon-list-item\">\n\t\t\t\t\t\t\t\t\t\t\t<span class=\"elementor-icon-list-icon\">\n\t\t\t\t\t\t\t<svg aria-hidden=\"true\" class=\"e-font-icon-svg e-fas-check-circle\" viewBox=\"0 0 512 512\" xmlns=\"http:\/\/www.w3.org\/2000\/svg\"><path d=\"M504 256c0 136.967-111.033 248-248 248S8 392.967 8 256 119.033 8 256 8s248 111.033 248 248zM227.314 387.314l184-184c6.248-6.248 6.248-16.379 0-22.627l-22.627-22.627c-6.248-6.249-16.379-6.249-22.628 0L216 308.118l-70.059-70.059c-6.248-6.248-16.379-6.248-22.628 0l-22.627 22.627c-6.248 6.248-6.248 16.379 0 22.627l104 104c6.249 6.249 16.379 6.249 22.628.001z\"><\/path><\/svg>\t\t\t\t\t\t<\/span>\n\t\t\t\t\t\t\t\t\t\t<span class=\"elementor-icon-list-text\">Vi delar inte din data med n\u00e5gon<\/span>\n\t\t\t\t\t\t\t\t\t<\/li>\n\t\t\t\t\t\t\t\t<li class=\"elementor-icon-list-item\">\n\t\t\t\t\t\t\t\t\t\t\t<span class=\"elementor-icon-list-icon\">\n\t\t\t\t\t\t\t<svg aria-hidden=\"true\" class=\"e-font-icon-svg e-fas-check-circle\" viewBox=\"0 0 512 512\" xmlns=\"http:\/\/www.w3.org\/2000\/svg\"><path d=\"M504 256c0 136.967-111.033 248-248 248S8 392.967 8 256 119.033 8 256 8s248 111.033 248 248zM227.314 387.314l184-184c6.248-6.248 6.248-16.379 0-22.627l-22.627-22.627c-6.248-6.249-16.379-6.249-22.628 0L216 308.118l-70.059-70.059c-6.248-6.248-16.379-6.248-22.628 0l-22.627 22.627c-6.248 6.248-6.248 16.379 0 22.627l104 104c6.249 6.249 16.379 6.249 22.628.001z\"><\/path><\/svg>\t\t\t\t\t\t<\/span>\n\t\t\t\t\t\t\t\t\t\t<span class=\"elementor-icon-list-text\">Vi avser att svara inom en timme<\/span>\n\t\t\t\t\t\t\t\t\t<\/li>\n\t\t\t\t\t\t\t\t<li class=\"elementor-icon-list-item\">\n\t\t\t\t\t\t\t\t\t\t\t<span class=\"elementor-icon-list-icon\">\n\t\t\t\t\t\t\t<svg aria-hidden=\"true\" class=\"e-font-icon-svg e-fas-check-circle\" viewBox=\"0 0 512 512\" xmlns=\"http:\/\/www.w3.org\/2000\/svg\"><path d=\"M504 256c0 136.967-111.033 248-248 248S8 392.967 8 256 119.033 8 256 8s248 111.033 248 248zM227.314 387.314l184-184c6.248-6.248 6.248-16.379 0-22.627l-22.627-22.627c-6.248-6.249-16.379-6.249-22.628 0L216 308.118l-70.059-70.059c-6.248-6.248-16.379-6.248-22.628 0l-22.627 22.627c-6.248 6.248-6.248 16.379 0 22.627l104 104c6.249 6.249 16.379 6.249 22.628.001z\"><\/path><\/svg>\t\t\t\t\t\t<\/span>\n\t\t\t\t\t\t\t\t\t\t<span class=\"elementor-icon-list-text\">Prata med n\u00e5gon av v\u00e5ra experter f\u00f6r att f\u00e5 v\u00e4rdefull information<\/span>\n\t\t\t\t\t\t\t\t\t<\/li>\n\t\t\t\t\t\t<\/ul>\n\t\t\t\t\t\t<\/div>\n\t\t\t\t<\/div>\n\t\t\t\t\t<\/div>\n\t\t<\/div>\n\t\t\t\t\t<\/div>\n\t\t<\/section>\n\t\t\t\t\t<\/div>\n\t\t<\/div>\n\t\t\t\t\t<\/div>\n\t\t<\/section>\n\t\t\t\t<\/div>\n\t\t","protected":false},"excerpt":{"rendered":"<p>Redan kund hos oss? \u00c4r du en befintlig kund som vill ha hj\u00e4lp med en nuvarande eller framtida bokning? Vi delar inte din data med n\u00e5gon Vi avser att svara inom en timme Prata med n\u00e5gon av v\u00e5ra experter f\u00f6r att f\u00e5 v\u00e4rdefull information<\/p>\n","protected":false},"author":2,"featured_media":0,"parent":0,"menu_order":0,"comment_status":"closed","ping_status":"closed","template":"page-templates\/template-pagebuilder-full-width.php","meta":{"neve_meta_sidebar":"","neve_meta_container":"","neve_meta_enable_content_width":"","neve_meta_content_width":0,"neve_meta_title_alignment":"","neve_meta_author_avatar":"","neve_post_elements_order":"","neve_meta_disable_header":"","neve_meta_disable_footer":"","neve_meta_disable_title":"","footnotes":""},"class_list":["post-26988","page","type-page","status-publish","hentry"],"yoast_head":"<!-- This site is optimized with the Yoast SEO plugin v27.3 - https:\/\/yoast.com\/product\/yoast-seo-wordpress\/ -->\n<title>Rese- eller evenemangsf\u00f6rfr\u00e5gan | Reed &amp; Mackay<\/title>\n<meta name=\"robots\" content=\"index, follow, max-snippet:-1, max-image-preview:large, max-video-preview:-1\" \/>\n<link rel=\"canonical\" href=\"https:\/\/reedmackay.com\/sv\/resa-evenemang-forfragan\" \/>\n<meta property=\"og:locale\" content=\"sv_SE\" \/>\n<meta property=\"og:type\" content=\"article\" \/>\n<meta property=\"og:title\" content=\"Rese- eller evenemangsf\u00f6rfr\u00e5gan | Reed &amp; Mackay\" \/>\n<meta property=\"og:description\" content=\"Redan kund hos oss? \u00c4r du en befintlig kund som vill ha hj\u00e4lp med en nuvarande eller framtida bokning? Vi delar inte din data med n\u00e5gon Vi avser att svara inom en timme Prata med n\u00e5gon av v\u00e5ra experter f\u00f6r att f\u00e5 v\u00e4rdefull information\" \/>\n<meta property=\"og:url\" content=\"https:\/\/reedmackay.com\/sv\/resa-evenemang-forfragan\" \/>\n<meta property=\"og:site_name\" content=\"Reed &amp; Mackay\" \/>\n<meta property=\"article:modified_time\" content=\"2025-06-26T09:54:30+00:00\" \/>\n<meta name=\"twitter:card\" content=\"summary_large_image\" \/>\n<meta name=\"twitter:label1\" content=\"Ber\u00e4knad l\u00e4stid\" \/>\n\t<meta name=\"twitter:data1\" content=\"1 minut\" \/>\n<script type=\"application\/ld+json\" class=\"yoast-schema-graph\">{\"@context\":\"https:\\\/\\\/schema.org\",\"@graph\":[{\"@type\":\"WebPage\",\"@id\":\"https:\\\/\\\/reedmackay.com\\\/sv\\\/resa-evenemang-forfragan\",\"url\":\"https:\\\/\\\/reedmackay.com\\\/sv\\\/resa-evenemang-forfragan\",\"name\":\"Rese- eller evenemangsf\u00f6rfr\u00e5gan | Reed &amp; Mackay\",\"isPartOf\":{\"@id\":\"https:\\\/\\\/reedmackay.com\\\/sv#website\"},\"datePublished\":\"2024-01-08T15:55:24+00:00\",\"dateModified\":\"2025-06-26T09:54:30+00:00\",\"breadcrumb\":{\"@id\":\"https:\\\/\\\/reedmackay.com\\\/sv\\\/resa-evenemang-forfragan#breadcrumb\"},\"inLanguage\":\"sv-SE\",\"potentialAction\":[{\"@type\":\"ReadAction\",\"target\":[\"https:\\\/\\\/reedmackay.com\\\/sv\\\/resa-evenemang-forfragan\"]}]},{\"@type\":\"BreadcrumbList\",\"@id\":\"https:\\\/\\\/reedmackay.com\\\/sv\\\/resa-evenemang-forfragan#breadcrumb\",\"itemListElement\":[{\"@type\":\"ListItem\",\"position\":1,\"name\":\"Home\",\"item\":\"https:\\\/\\\/reedmackay.com\\\/sv\"},{\"@type\":\"ListItem\",\"position\":2,\"name\":\"Rese- eller evenemangsf\u00f6rfr\u00e5gan\"}]},{\"@type\":\"WebSite\",\"@id\":\"https:\\\/\\\/reedmackay.com\\\/sv#website\",\"url\":\"https:\\\/\\\/reedmackay.com\\\/sv\",\"name\":\"Reed & Mackay\",\"description\":\"Reed and Mackay Travel and Events Management\",\"publisher\":{\"@id\":\"https:\\\/\\\/reedmackay.com\\\/sv#organization\"},\"potentialAction\":[{\"@type\":\"SearchAction\",\"target\":{\"@type\":\"EntryPoint\",\"urlTemplate\":\"https:\\\/\\\/reedmackay.com\\\/sv?s={search_term_string}\"},\"query-input\":{\"@type\":\"PropertyValueSpecification\",\"valueRequired\":true,\"valueName\":\"search_term_string\"}}],\"inLanguage\":\"sv-SE\"},{\"@type\":\"Organization\",\"@id\":\"https:\\\/\\\/reedmackay.com\\\/sv#organization\",\"name\":\"Reed & Mackay\",\"url\":\"https:\\\/\\\/reedmackay.com\\\/sv\",\"logo\":{\"@type\":\"ImageObject\",\"inLanguage\":\"sv-SE\",\"@id\":\"https:\\\/\\\/reedmackay.com\\\/sv#\\\/schema\\\/logo\\\/image\\\/\",\"url\":\"https:\\\/\\\/reedmackay.com\\\/wp-content\\\/uploads\\\/2023\\\/07\\\/RM-Horz-Logo-Colour@2x.png\",\"contentUrl\":\"https:\\\/\\\/reedmackay.com\\\/wp-content\\\/uploads\\\/2023\\\/07\\\/RM-Horz-Logo-Colour@2x.png\",\"width\":2107,\"height\":411,\"caption\":\"Reed & Mackay\"},\"image\":{\"@id\":\"https:\\\/\\\/reedmackay.com\\\/sv#\\\/schema\\\/logo\\\/image\\\/\"}}]}<\/script>\n<!-- \/ Yoast SEO plugin. -->","yoast_head_json":{"title":"Rese- eller evenemangsf\u00f6rfr\u00e5gan | Reed &amp; Mackay","robots":{"index":"index","follow":"follow","max-snippet":"max-snippet:-1","max-image-preview":"max-image-preview:large","max-video-preview":"max-video-preview:-1"},"canonical":"https:\/\/reedmackay.com\/sv\/resa-evenemang-forfragan","og_locale":"sv_SE","og_type":"article","og_title":"Rese- eller evenemangsf\u00f6rfr\u00e5gan | Reed &amp; Mackay","og_description":"Redan kund hos oss? \u00c4r du en befintlig kund som vill ha hj\u00e4lp med en nuvarande eller framtida bokning? Vi delar inte din data med n\u00e5gon Vi avser att svara inom en timme Prata med n\u00e5gon av v\u00e5ra experter f\u00f6r att f\u00e5 v\u00e4rdefull information","og_url":"https:\/\/reedmackay.com\/sv\/resa-evenemang-forfragan","og_site_name":"Reed &amp; Mackay","article_modified_time":"2025-06-26T09:54:30+00:00","twitter_card":"summary_large_image","twitter_misc":{"Ber\u00e4knad l\u00e4stid":"1 minut"},"schema":{"@context":"https:\/\/schema.org","@graph":[{"@type":"WebPage","@id":"https:\/\/reedmackay.com\/sv\/resa-evenemang-forfragan","url":"https:\/\/reedmackay.com\/sv\/resa-evenemang-forfragan","name":"Rese- eller evenemangsf\u00f6rfr\u00e5gan | Reed &amp; Mackay","isPartOf":{"@id":"https:\/\/reedmackay.com\/sv#website"},"datePublished":"2024-01-08T15:55:24+00:00","dateModified":"2025-06-26T09:54:30+00:00","breadcrumb":{"@id":"https:\/\/reedmackay.com\/sv\/resa-evenemang-forfragan#breadcrumb"},"inLanguage":"sv-SE","potentialAction":[{"@type":"ReadAction","target":["https:\/\/reedmackay.com\/sv\/resa-evenemang-forfragan"]}]},{"@type":"BreadcrumbList","@id":"https:\/\/reedmackay.com\/sv\/resa-evenemang-forfragan#breadcrumb","itemListElement":[{"@type":"ListItem","position":1,"name":"Home","item":"https:\/\/reedmackay.com\/sv"},{"@type":"ListItem","position":2,"name":"Rese- eller evenemangsf\u00f6rfr\u00e5gan"}]},{"@type":"WebSite","@id":"https:\/\/reedmackay.com\/sv#website","url":"https:\/\/reedmackay.com\/sv","name":"Reed & Mackay","description":"Reed and Mackay Travel and Events Management","publisher":{"@id":"https:\/\/reedmackay.com\/sv#organization"},"potentialAction":[{"@type":"SearchAction","target":{"@type":"EntryPoint","urlTemplate":"https:\/\/reedmackay.com\/sv?s={search_term_string}"},"query-input":{"@type":"PropertyValueSpecification","valueRequired":true,"valueName":"search_term_string"}}],"inLanguage":"sv-SE"},{"@type":"Organization","@id":"https:\/\/reedmackay.com\/sv#organization","name":"Reed & Mackay","url":"https:\/\/reedmackay.com\/sv","logo":{"@type":"ImageObject","inLanguage":"sv-SE","@id":"https:\/\/reedmackay.com\/sv#\/schema\/logo\/image\/","url":"https:\/\/reedmackay.com\/wp-content\/uploads\/2023\/07\/RM-Horz-Logo-Colour@2x.png","contentUrl":"https:\/\/reedmackay.com\/wp-content\/uploads\/2023\/07\/RM-Horz-Logo-Colour@2x.png","width":2107,"height":411,"caption":"Reed & Mackay"},"image":{"@id":"https:\/\/reedmackay.com\/sv#\/schema\/logo\/image\/"}}]}},"publishpress_future_workflow_manual_trigger":{"enabledWorkflows":[]},"_links":{"self":[{"href":"https:\/\/reedmackay.com\/sv\/wp-json\/wp\/v2\/pages\/26988","targetHints":{"allow":["GET"]}}],"collection":[{"href":"https:\/\/reedmackay.com\/sv\/wp-json\/wp\/v2\/pages"}],"about":[{"href":"https:\/\/reedmackay.com\/sv\/wp-json\/wp\/v2\/types\/page"}],"author":[{"embeddable":true,"href":"https:\/\/reedmackay.com\/sv\/wp-json\/wp\/v2\/users\/2"}],"replies":[{"embeddable":true,"href":"https:\/\/reedmackay.com\/sv\/wp-json\/wp\/v2\/comments?post=26988"}],"version-history":[{"count":0,"href":"https:\/\/reedmackay.com\/sv\/wp-json\/wp\/v2\/pages\/26988\/revisions"}],"wp:attachment":[{"href":"https:\/\/reedmackay.com\/sv\/wp-json\/wp\/v2\/media?parent=26988"}],"curies":[{"name":"wp","href":"https:\/\/api.w.org\/{rel}","templated":true}]}}