{"id":59083,"date":"2024-08-07T16:28:38","date_gmt":"2024-08-07T15:28:38","guid":{"rendered":"https:\/\/reedmackay.com\/?page_id=59083"},"modified":"2025-11-27T12:17:29","modified_gmt":"2025-11-27T12:17:29","slug":"conditions-generales-site","status":"publish","type":"page","link":"https:\/\/reedmackay.com\/fr\/conditions-generales-site","title":{"rendered":"Conditions G\u00e9n\u00e9rales Site"},"content":{"rendered":"\t\t<div data-elementor-type=\"wp-page\" data-elementor-id=\"59083\" class=\"elementor elementor-59083 elementor-58933\" data-elementor-post-type=\"page\">\n\t\t\t\t\t\t<section class=\"elementor-section elementor-top-section elementor-element elementor-element-59445bf elementor-section-full_width elementor-section-height-default elementor-section-height-default\" data-id=\"59445bf\" data-element_type=\"section\" data-e-type=\"section\" data-settings=\"{&quot;background_background&quot;:&quot;classic&quot;}\">\n\t\t\t\t\t\t\t<div class=\"elementor-background-overlay\"><\/div>\n\t\t\t\t\t\t\t<div class=\"elementor-container elementor-column-gap-default\">\n\t\t\t\t\t<div class=\"elementor-column elementor-col-100 elementor-top-column elementor-element elementor-element-c895c12\" data-id=\"c895c12\" data-element_type=\"column\" data-e-type=\"column\" data-settings=\"{&quot;background_background&quot;:&quot;classic&quot;}\">\n\t\t\t<div class=\"elementor-widget-wrap elementor-element-populated\">\n\t\t\t\t\t\t<section class=\"elementor-section elementor-inner-section elementor-element elementor-element-a2d6786 elementor-section-boxed elementor-section-height-default elementor-section-height-default\" data-id=\"a2d6786\" data-element_type=\"section\" data-e-type=\"section\">\n\t\t\t\t\t\t<div class=\"elementor-container elementor-column-gap-default\">\n\t\t\t\t\t<div class=\"elementor-column elementor-col-100 elementor-inner-column elementor-element elementor-element-e2ee4b1\" data-id=\"e2ee4b1\" data-element_type=\"column\" data-e-type=\"column\">\n\t\t\t<div class=\"elementor-widget-wrap elementor-element-populated\">\n\t\t\t\t\t\t<div class=\"elementor-element elementor-element-baf263f elementor-widget elementor-widget-heading\" data-id=\"baf263f\" data-element_type=\"widget\" data-e-type=\"widget\" data-widget_type=\"heading.default\">\n\t\t\t\t<div class=\"elementor-widget-container\">\n\t\t\t\t\t<h1 class=\"elementor-heading-title elementor-size-default\">Conditions g\u00e9n\u00e9rales d\u2019utilisation du site web et des syst\u00e8mes de Reed &amp;\nMackay<\/h1>\t\t\t\t<\/div>\n\t\t\t\t<\/div>\n\t\t\t\t\t<\/div>\n\t\t<\/div>\n\t\t\t\t\t<\/div>\n\t\t<\/section>\n\t\t\t\t\t<\/div>\n\t\t<\/div>\n\t\t\t\t\t<\/div>\n\t\t<\/section>\n\t\t\t\t<section class=\"elementor-section elementor-top-section elementor-element elementor-element-6fe74c9e elementor-section-boxed elementor-section-height-default elementor-section-height-default\" data-id=\"6fe74c9e\" data-element_type=\"section\" data-e-type=\"section\">\n\t\t\t\t\t\t<div class=\"elementor-container elementor-column-gap-default\">\n\t\t\t\t\t<div class=\"elementor-column elementor-col-100 elementor-top-column elementor-element elementor-element-a288db6\" data-id=\"a288db6\" data-element_type=\"column\" data-e-type=\"column\">\n\t\t\t<div class=\"elementor-widget-wrap elementor-element-populated\">\n\t\t\t\t\t\t<div class=\"elementor-element elementor-element-6c85e508 elementor-widget elementor-widget-text-editor\" data-id=\"6c85e508\" data-element_type=\"widget\" data-e-type=\"widget\" data-widget_type=\"text-editor.default\">\n\t\t\t\t<div class=\"elementor-widget-container\">\n\t\t\t\t\t\t\t\t\t<p><b>Conditions g\u00e9n\u00e9rales d\u2019utilisation du site web et des syst\u00e8mes de Reed &amp; Mackay<\/b><\/p><p><span style=\"font-weight: 400;\">Reed &amp; Mackay propose des services de gestion de voyages d\u2019affaires pour les professionnels. Nous sommes enregistr\u00e9s en France sous le num\u00e9ro d\u2019entreprise 435134168 et notre si\u00e8ge social est situ\u00e9 au 15 Rue Traversi\u00e8re 75012 Paris. Nos services en ligne sont accessibles via notre site internet, <\/span><span style=\"color: #800080;\"><a style=\"color: #800080;\" href=\"http:\/\/www.reedmackay.com?utm_source=chatgpt.com\"><span style=\"font-weight: 400;\">www.reedmackay.com<\/span><\/a><\/span><span style=\"font-weight: 400;\"> (le \u00ab Site \u00bb), exploit\u00e9 par Reed &amp; Mackay Travel Limited (\u00ab Reed &amp; Mackay \u00bb, \u00ab nous \u00bb).<\/span><\/p><p><span style=\"font-weight: 400;\">Les pr\u00e9sentes conditions g\u00e9n\u00e9rales (les \u00ab Conditions \u00bb) font \u00e9galement r\u00e9f\u00e9rence \u00e0 d\u2019autres documents contractuels compl\u00e9mentaires qui s\u2019appliquent \u00e0 votre utilisation de notre Site. Veuillez \u00e9galement consulter :<\/span><\/p><ul><li style=\"font-weight: 400;\" aria-level=\"1\"><span style=\"font-weight: 400;\">notre <\/span><span style=\"color: #800080;\"><a style=\"color: #800080;\" href=\"https:\/\/reedmackay.com\/fr\/avis-de-confidentialite\"><span style=\"font-weight: 400;\">Politique de confidentialit\u00e9<\/span><\/a><\/span><span style=\"font-weight: 400;\"> ; et<\/span><\/li><li style=\"font-weight: 400;\" aria-level=\"1\"><span style=\"font-weight: 400;\">notre <\/span><span style=\"color: #800080;\"><a style=\"color: #800080;\" href=\"https:\/\/reedmackay.com\/fr\/reglages-des-cookies\"><span style=\"font-weight: 400;\">Politique relative aux cookies<\/span><\/a><\/span><span style=\"font-weight: 400;\">.<\/span><\/li><\/ul><p><span style=\"font-weight: 400;\">En utilisant notre Site, vous acceptez les pr\u00e9sentes Conditions ainsi que les politiques mentionn\u00e9es ci-dessus.<\/span><\/p><p><b>MISES \u00c0 JOUR DU SITE<\/b><\/p><p><span style=\"font-weight: 400;\">Reed &amp; Mackay peut mettre \u00e0 jour le Site et son contenu \u00e0 tout moment, sans pr\u00e9avis. Nous vous invitons donc \u00e0 consulter r\u00e9guli\u00e8rement ces Conditions afin de comprendre les termes en vigueur \u00e0 ce moment-l\u00e0.<\/span><\/p><p><span style=\"font-weight: 400;\">Reed &amp; Mackay ne garantit pas que le Site ou son contenu soient exempts d\u2019erreurs ou d\u2019omissions.<\/span><\/p><p><b>ACC\u00c8S AU SITE<\/b><\/p><p><span style=\"font-weight: 400;\">Notre Site est mis \u00e0 disposition gratuitement et l\u2019acc\u00e8s est permis de mani\u00e8re temporaire. Reed &amp; Mackay ne garantit pas que le Site ou son contenu soient disponibles en permanence ou sans interruption. Nous nous efforcerons de vous informer raisonnablement de toute suspension ou suppression du Site. Reed &amp; Mackay peut suspendre, retirer, interrompre ou modifier tout ou partie du Site sans pr\u00e9avis. Nous ne pourrons \u00eatre tenus responsables si, pour quelque raison que ce soit, le Site est indisponible \u00e0 tout moment ou pour une dur\u00e9e d\u00e9termin\u00e9e.<\/span><\/p><p><b>ESPACES \u00c0 ACC\u00c8S RESTREINT PAR MOT DE PASSE<\/b><\/p><p><span style=\"font-weight: 400;\">Si un compte et un mot de passe vous sont fournis pour acc\u00e9der au portail de voyage de Reed &amp; Mackay ou \u00e0 toute autre zone restreinte du Site (ci-apr\u00e8s un \u00ab Espace restreint \u00bb), vous devez traiter ces informations de mani\u00e8re confidentielle. Vous ne devez pas les divulguer \u00e0 un tiers. Toute tentative d\u2019acc\u00e8s non autoris\u00e9 \u00e0 un Espace restreint pourra entra\u00eener des poursuites.<\/span><\/p><p><span style=\"font-weight: 400;\">Reed &amp; Mackay se r\u00e9serve le droit de d\u00e9sactiver un compte si, selon son jugement raisonnable, vous ne respectez pas les pr\u00e9sentes Conditions.<\/span><\/p><p><span style=\"font-weight: 400;\">Si vous savez ou soup\u00e7onnez qu\u2019une autre personne que vous a acc\u00e8s \u00e0 votre compte ou conna\u00eet vos identifiants, vous devez en informer Reed &amp; Mackay d\u00e8s que raisonnablement possible \u00e0 l\u2019adresse suivante : online.support@reedmackay.com.<\/span><\/p><p><b>DROITS DE PROPRI\u00c9T\u00c9 INTELLECTUELLE<\/b><\/p><p><span style=\"font-weight: 400;\">Reed &amp; Mackay est propri\u00e9taire ou titulaire des licences de tous les droits de propri\u00e9t\u00e9 intellectuelle relatifs au Site et \u00e0 son contenu (y compris, sans s\u2019y limiter, les marques, logos et marques de service). Le Site et son contenu sont prot\u00e9g\u00e9s par les lois et trait\u00e9s sur la propri\u00e9t\u00e9 intellectuelle dans le monde entier. Tous ces droits sont r\u00e9serv\u00e9s.<\/span><\/p><p><span style=\"font-weight: 400;\">Vous \u00eates autoris\u00e9 \u00e0 utiliser le Site et son contenu uniquement :<\/span><span style=\"font-weight: 400;\"><br \/><\/span><span style=\"font-weight: 400;\">(i) en tant qu\u2019utilisateur professionnel dans le cadre d\u2019un accord entre Reed &amp; Mackay et votre employeur ;<\/span><span style=\"font-weight: 400;\"><br \/><\/span><span style=\"font-weight: 400;\">(ii) en tant qu\u2019utilisateur professionnel dans le cadre d\u2019un potentiel accord entre Reed &amp; Mackay et votre employeur ; ou<\/span><span style=\"font-weight: 400;\"><br \/><\/span><span style=\"font-weight: 400;\">(iii) \u00e0 titre personnel.<\/span><\/p><p><span style=\"font-weight: 400;\">Il est interdit de modifier, copier, distribuer, transmettre, afficher, publier, vendre, conc\u00e9der une licence, cr\u00e9er des \u0153uvres d\u00e9riv\u00e9es ou exploiter tout ou partie du Site et\/ou de son contenu sans l\u2019accord \u00e9crit pr\u00e9alable de Reed &amp; Mackay.<\/span><\/p><p><span style=\"font-weight: 400;\">Le contenu du Site est fourni \u00e0 titre informatif g\u00e9n\u00e9ral. Il ne constitue pas un conseil sur lequel vous devriez vous appuyer. Vous devez solliciter un avis professionnel ou sp\u00e9cialis\u00e9 avant d\u2019entreprendre ou de vous abstenir de toute action fond\u00e9e sur le contenu du Site.<\/span><\/p><p><span style=\"font-weight: 400;\">Bien que nous nous efforcions de mettre \u00e0 jour les informations sur notre Site et d\u2019assurer l\u2019exactitude des informations de r\u00e9servation en ligne, nous ne garantissons ni explicitement ni implicitement que le contenu du Site soit exact, complet ou \u00e0 jour. En cas de doute, veuillez contacter Reed &amp; Mackay pour obtenir des conseils adapt\u00e9s \u00e0 votre situation.<\/span><\/p><p><b>CONTENU DE TIERS<\/b><\/p><p><span style=\"font-weight: 400;\">Le Site peut contenir des liens vers d\u2019autres sites permettant d\u2019acc\u00e9der \u00e0 du contenu tiers. Nous n\u2019exer\u00e7ons aucun contr\u00f4le sur le contenu de ces sites. Ces liens ne doivent pas \u00eatre interpr\u00e9t\u00e9s comme une approbation ou un partenariat de notre part avec ces sites, leurs contenus, leurs propri\u00e9taires ou leurs prestataires. Reed &amp; Mackay ne saurait \u00eatre tenu responsable de toute perte ou dommage r\u00e9sultant de l\u2019utilisation de ces liens.<\/span><\/p><p><span style=\"font-weight: 400;\">Inversement, Reed &amp; Mackay peut int\u00e9grer du contenu tiers sur le Site via des liens invers\u00e9s ou des technologies de cadrage. Reed &amp; Mackay n\u2019est pas en mesure de modifier, mettre \u00e0 jour ou contr\u00f4ler le contenu de ces sites li\u00e9s.<\/span><\/p><p><b>LIENS VERS NOTRE SITE<\/b><\/p><p><span style=\"font-weight: 400;\">Vous pouvez cr\u00e9er un lien vers la page d\u2019accueil du Site, \u00e0 condition que cela se fasse de mani\u00e8re loyale, l\u00e9gale et sans nuire \u00e0 la r\u00e9putation de Reed &amp; Mackay ni en tirer avantage. Vous ne devez pas :<\/span><span style=\"font-weight: 400;\"><br \/><\/span><span style=\"font-weight: 400;\">(i) \u00e9tablir un lien d\u2019une mani\u00e8re qui sugg\u00e8re une quelconque association, approbation ou validation de la part de Reed &amp; Mackay si elle n\u2019existe pas ;<\/span><span style=\"font-weight: 400;\"><br \/><\/span><span style=\"font-weight: 400;\">(ii) encadrer le Site sur un autre site, ni cr\u00e9er un lien vers une autre partie du Site que la page d\u2019accueil.<\/span><\/p><p><span style=\"font-weight: 400;\">Reed &amp; Mackay se r\u00e9serve le droit de retirer cette autorisation de lien sans pr\u00e9avis.<\/span><\/p><p><b>VIRUS<\/b><\/p><p><span style=\"font-weight: 400;\">Reed &amp; Mackay ne garantit pas que le Site soit s\u00e9curis\u00e9 ou exempt de bugs ou virus. Vous \u00eates responsable de la configuration de votre syst\u00e8me informatique pour acc\u00e9der au Site et devez utiliser votre propre logiciel de protection antivirus.<\/span><\/p><p><span style=\"font-weight: 400;\">Vous ne devez pas faire un usage malveillant du Site en introduisant volontairement des virus, chevaux de Troie, vers, bombes logiques ou tout autre mat\u00e9riel nuisible. Vous ne devez pas tenter d\u2019obtenir un acc\u00e8s non autoris\u00e9 au Site (y compris aux Espaces restreints), au serveur sur lequel il est h\u00e9berg\u00e9 ou \u00e0 toute base de donn\u00e9es li\u00e9e. Vous ne devez pas attaquer le Site par d\u00e9ni de service ou attaque distribu\u00e9e. Toute infraction \u00e0 cette clause constitue une infraction p\u00e9nale au regard du <\/span><b>Computer Misuse Act 1990<\/b><span style=\"font-weight: 400;\">. Reed &amp; Mackay signalera toute infraction aux autorit\u00e9s comp\u00e9tentes et coop\u00e9rera avec elles en leur fournissant votre identit\u00e9. En cas d\u2019infraction, votre droit d\u2019acc\u00e8s au Site prendra fin imm\u00e9diatement.<\/span><\/p><p><b>RESPONSABILIT\u00c9<\/b><\/p><p><span style=\"font-weight: 400;\">Rien dans les pr\u00e9sentes Conditions n\u2019exclut ou ne limite la responsabilit\u00e9 de Reed &amp; Mackay en cas de d\u00e9c\u00e8s ou de blessure corporelle r\u00e9sultant de sa n\u00e9gligence, de fraude ou de d\u00e9claration frauduleuse, ou de toute autre responsabilit\u00e9 ne pouvant \u00eatre exclue ou limit\u00e9e en vertu du droit anglais.<\/span><\/p><p><span style=\"font-weight: 400;\">Dans les limites pr\u00e9vues par la loi, Reed &amp; Mackay exclut toutes garanties, d\u00e9clarations ou autres termes applicables au Site ou \u00e0 son contenu, qu\u2019ils soient explicites ou implicites.<\/span><\/p><p><span style=\"font-weight: 400;\">Reed &amp; Mackay ne saurait \u00eatre tenu responsable de toute erreur, omission ou retard dans les devis ou autres donn\u00e9es, ni de toute action prise sur leur base.<\/span><\/p><p><span style=\"font-weight: 400;\">Nous ne serons pas responsables envers un utilisateur pour toute perte ou dommage, contractuel ou d\u00e9lictuel (y compris n\u00e9gligence), pour non-respect d\u2019une obligation l\u00e9gale ou autre, m\u00eame si cela \u00e9tait pr\u00e9visible, d\u00e9coulant de ou en lien avec :<\/span><span style=\"font-weight: 400;\"><br \/><\/span><span style=\"font-weight: 400;\">(i) l\u2019utilisation ou l\u2019impossibilit\u00e9 d\u2019utiliser le Site ; ou<\/span><span style=\"font-weight: 400;\"><br \/><\/span><span style=\"font-weight: 400;\">(ii) l\u2019utilisation ou la confiance accord\u00e9e \u00e0 tout contenu affich\u00e9 sur le Site.<\/span><\/p><p><span style=\"font-weight: 400;\">Reed &amp; Mackay ne sera pas responsable des pertes ou dommages suivants :<\/span><span style=\"font-weight: 400;\"><br \/><\/span><span style=\"font-weight: 400;\">(i) perte de b\u00e9n\u00e9fices, de chiffre d\u2019affaires ou de revenus ;<\/span><span style=\"font-weight: 400;\"><br \/><\/span><span style=\"font-weight: 400;\">(ii) interruption d\u2019activit\u00e9 ;<\/span><span style=\"font-weight: 400;\"><br \/><\/span><span style=\"font-weight: 400;\">(iii) perte d\u2019\u00e9conomies anticip\u00e9es ;<\/span><span style=\"font-weight: 400;\"><br \/><\/span><span style=\"font-weight: 400;\">(iv) perte d\u2019opportunit\u00e9s commerciales, d\u2019image ou de r\u00e9putation ;<\/span><span style=\"font-weight: 400;\"><br \/><\/span><span style=\"font-weight: 400;\">(v) toute perte ou dommage indirect ou cons\u00e9cutif, en lien avec votre utilisation du Site.<\/span><\/p><p><span style=\"font-weight: 400;\">Reed &amp; Mackay ne saurait \u00eatre tenu responsable de toute perte ou dommage caus\u00e9 par un virus, une attaque par d\u00e9ni de service distribu\u00e9 ou tout autre contenu nuisible affectant vos \u00e9quipements informatiques, logiciels, donn\u00e9es ou autres contenus propri\u00e9taires suite \u00e0 l\u2019utilisation du Site, du t\u00e9l\u00e9chargement de son contenu ou de celui de tout site li\u00e9.<\/span><\/p><p><b>DROIT APPLICABLE<\/b><\/p><p><span style=\"font-weight: 400;\">Les pr\u00e9sentes Conditions sont r\u00e9gies par le droit fran\u00e7ais et soumises \u00e0 la juridiction exclusive des tribunaux\u00a0 de France \u00e0 laquelle vous acceptez de vous soumettre.<\/span><\/p><p><b>NOUS CONTACTER<\/b><\/p><p><span style=\"font-weight: 400;\">Pour toute demande, veuillez nous \u00e9crire \u00e0 l\u2019adresse suivante :<span style=\"color: #800080;\"> <a style=\"color: #800080;\" href=\"mailto:online.support@reedmackay.com\">online.support@reedmackay.com<\/a><\/span>.<\/span><\/p>\t\t\t\t\t\t\t\t<\/div>\n\t\t\t\t<\/div>\n\t\t\t\t\t<\/div>\n\t\t<\/div>\n\t\t\t\t\t<\/div>\n\t\t<\/section>\n\t\t\t\t<\/div>\n\t\t","protected":false},"excerpt":{"rendered":"<p>Conditions g\u00e9n\u00e9rales d\u2019utilisation du site web et des syst\u00e8mes de Reed &amp; Mackay Conditions g\u00e9n\u00e9rales d\u2019utilisation du site web et des syst\u00e8mes de Reed &amp; Mackay Reed &amp; Mackay propose des services de gestion de voyages d\u2019affaires pour les professionnels. Nous sommes enregistr\u00e9s en France sous le num\u00e9ro d\u2019entreprise 435134168 et notre si\u00e8ge social est&hellip;&nbsp;<a href=\"https:\/\/reedmackay.com\/fr\/conditions-generales-site\" rel=\"bookmark\">Lire la suite &raquo;<span class=\"screen-reader-text\">Conditions G\u00e9n\u00e9rales Site<\/span><\/a><\/p>\n","protected":false},"author":39,"featured_media":0,"parent":0,"menu_order":0,"comment_status":"closed","ping_status":"closed","template":"elementor_header_footer","meta":{"neve_meta_sidebar":"","neve_meta_container":"","neve_meta_enable_content_width":"","neve_meta_content_width":0,"neve_meta_title_alignment":"","neve_meta_author_avatar":"","neve_post_elements_order":"","neve_meta_disable_header":"","neve_meta_disable_footer":"","neve_meta_disable_title":"","footnotes":""},"class_list":["post-59083","page","type-page","status-publish","hentry"],"yoast_head":"<!-- This site is optimized with the Yoast SEO plugin v27.4 - https:\/\/yoast.com\/product\/yoast-seo-wordpress\/ -->\n<title>Conditions G\u00e9n\u00e9rales Site | Reed &amp; Mackay<\/title>\n<meta name=\"robots\" content=\"index, follow, max-snippet:-1, max-image-preview:large, max-video-preview:-1\" \/>\n<link rel=\"canonical\" href=\"https:\/\/reedmackay.com\/fr\/conditions-generales-site\" \/>\n<meta property=\"og:locale\" content=\"fr_FR\" \/>\n<meta property=\"og:type\" content=\"article\" \/>\n<meta property=\"og:title\" content=\"Conditions G\u00e9n\u00e9rales Site | Reed &amp; Mackay\" \/>\n<meta property=\"og:description\" content=\"Conditions g\u00e9n\u00e9rales d\u2019utilisation du site web et des syst\u00e8mes de Reed &amp; Mackay Conditions g\u00e9n\u00e9rales d\u2019utilisation du site web et des syst\u00e8mes de Reed &amp; Mackay Reed &amp; Mackay propose des services de gestion de voyages d\u2019affaires pour les professionnels. Nous sommes enregistr\u00e9s en France sous le num\u00e9ro d\u2019entreprise 435134168 et notre si\u00e8ge social est&hellip;&nbsp;Lire la suite &raquo;Conditions G\u00e9n\u00e9rales Site\" \/>\n<meta property=\"og:url\" content=\"https:\/\/reedmackay.com\/fr\/conditions-generales-site\" \/>\n<meta property=\"og:site_name\" content=\"Reed &amp; Mackay\" \/>\n<meta property=\"article:modified_time\" content=\"2025-11-27T12:17:29+00:00\" \/>\n<meta name=\"twitter:card\" content=\"summary_large_image\" \/>\n<meta name=\"twitter:label1\" content=\"Dur\u00e9e de lecture estim\u00e9e\" \/>\n\t<meta name=\"twitter:data1\" content=\"7 minutes\" \/>\n<script type=\"application\/ld+json\" class=\"yoast-schema-graph\">{\"@context\":\"https:\\\/\\\/schema.org\",\"@graph\":[{\"@type\":\"WebPage\",\"@id\":\"https:\\\/\\\/reedmackay.com\\\/fr\\\/conditions-generales-site\",\"url\":\"https:\\\/\\\/reedmackay.com\\\/fr\\\/conditions-generales-site\",\"name\":\"Conditions G\u00e9n\u00e9rales Site | Reed &amp; Mackay\",\"isPartOf\":{\"@id\":\"https:\\\/\\\/reedmackay.com\\\/fr#website\"},\"datePublished\":\"2024-08-07T15:28:38+00:00\",\"dateModified\":\"2025-11-27T12:17:29+00:00\",\"breadcrumb\":{\"@id\":\"https:\\\/\\\/reedmackay.com\\\/fr\\\/conditions-generales-site#breadcrumb\"},\"inLanguage\":\"fr-FR\",\"potentialAction\":[{\"@type\":\"ReadAction\",\"target\":[\"https:\\\/\\\/reedmackay.com\\\/fr\\\/conditions-generales-site\"]}]},{\"@type\":\"BreadcrumbList\",\"@id\":\"https:\\\/\\\/reedmackay.com\\\/fr\\\/conditions-generales-site#breadcrumb\",\"itemListElement\":[{\"@type\":\"ListItem\",\"position\":1,\"name\":\"Home\",\"item\":\"https:\\\/\\\/reedmackay.com\\\/fr\"},{\"@type\":\"ListItem\",\"position\":2,\"name\":\"Conditions G\u00e9n\u00e9rales Site\"}]},{\"@type\":\"WebSite\",\"@id\":\"https:\\\/\\\/reedmackay.com\\\/fr#website\",\"url\":\"https:\\\/\\\/reedmackay.com\\\/fr\",\"name\":\"Reed & Mackay\",\"description\":\"Reed and Mackay Travel and Events Management\",\"publisher\":{\"@id\":\"https:\\\/\\\/reedmackay.com\\\/fr#organization\"},\"potentialAction\":[{\"@type\":\"SearchAction\",\"target\":{\"@type\":\"EntryPoint\",\"urlTemplate\":\"https:\\\/\\\/reedmackay.com\\\/fr?s={search_term_string}\"},\"query-input\":{\"@type\":\"PropertyValueSpecification\",\"valueRequired\":true,\"valueName\":\"search_term_string\"}}],\"inLanguage\":\"fr-FR\"},{\"@type\":\"Organization\",\"@id\":\"https:\\\/\\\/reedmackay.com\\\/fr#organization\",\"name\":\"Reed & Mackay\",\"url\":\"https:\\\/\\\/reedmackay.com\\\/fr\",\"logo\":{\"@type\":\"ImageObject\",\"inLanguage\":\"fr-FR\",\"@id\":\"https:\\\/\\\/reedmackay.com\\\/fr#\\\/schema\\\/logo\\\/image\\\/\",\"url\":\"https:\\\/\\\/reedmackay.com\\\/wp-content\\\/uploads\\\/2023\\\/07\\\/RM-Horz-Logo-Colour@2x.png\",\"contentUrl\":\"https:\\\/\\\/reedmackay.com\\\/wp-content\\\/uploads\\\/2023\\\/07\\\/RM-Horz-Logo-Colour@2x.png\",\"width\":2107,\"height\":411,\"caption\":\"Reed & Mackay\"},\"image\":{\"@id\":\"https:\\\/\\\/reedmackay.com\\\/fr#\\\/schema\\\/logo\\\/image\\\/\"}}]}<\/script>\n<!-- \/ Yoast SEO plugin. -->","yoast_head_json":{"title":"Conditions G\u00e9n\u00e9rales Site | Reed &amp; Mackay","robots":{"index":"index","follow":"follow","max-snippet":"max-snippet:-1","max-image-preview":"max-image-preview:large","max-video-preview":"max-video-preview:-1"},"canonical":"https:\/\/reedmackay.com\/fr\/conditions-generales-site","og_locale":"fr_FR","og_type":"article","og_title":"Conditions G\u00e9n\u00e9rales Site | Reed &amp; Mackay","og_description":"Conditions g\u00e9n\u00e9rales d\u2019utilisation du site web et des syst\u00e8mes de Reed &amp; Mackay Conditions g\u00e9n\u00e9rales d\u2019utilisation du site web et des syst\u00e8mes de Reed &amp; Mackay Reed &amp; Mackay propose des services de gestion de voyages d\u2019affaires pour les professionnels. Nous sommes enregistr\u00e9s en France sous le num\u00e9ro d\u2019entreprise 435134168 et notre si\u00e8ge social est&hellip;&nbsp;Lire la suite &raquo;Conditions G\u00e9n\u00e9rales Site","og_url":"https:\/\/reedmackay.com\/fr\/conditions-generales-site","og_site_name":"Reed &amp; Mackay","article_modified_time":"2025-11-27T12:17:29+00:00","twitter_card":"summary_large_image","twitter_misc":{"Dur\u00e9e de lecture estim\u00e9e":"7 minutes"},"schema":{"@context":"https:\/\/schema.org","@graph":[{"@type":"WebPage","@id":"https:\/\/reedmackay.com\/fr\/conditions-generales-site","url":"https:\/\/reedmackay.com\/fr\/conditions-generales-site","name":"Conditions G\u00e9n\u00e9rales Site | Reed &amp; Mackay","isPartOf":{"@id":"https:\/\/reedmackay.com\/fr#website"},"datePublished":"2024-08-07T15:28:38+00:00","dateModified":"2025-11-27T12:17:29+00:00","breadcrumb":{"@id":"https:\/\/reedmackay.com\/fr\/conditions-generales-site#breadcrumb"},"inLanguage":"fr-FR","potentialAction":[{"@type":"ReadAction","target":["https:\/\/reedmackay.com\/fr\/conditions-generales-site"]}]},{"@type":"BreadcrumbList","@id":"https:\/\/reedmackay.com\/fr\/conditions-generales-site#breadcrumb","itemListElement":[{"@type":"ListItem","position":1,"name":"Home","item":"https:\/\/reedmackay.com\/fr"},{"@type":"ListItem","position":2,"name":"Conditions G\u00e9n\u00e9rales Site"}]},{"@type":"WebSite","@id":"https:\/\/reedmackay.com\/fr#website","url":"https:\/\/reedmackay.com\/fr","name":"Reed & Mackay","description":"Reed and Mackay Travel and Events Management","publisher":{"@id":"https:\/\/reedmackay.com\/fr#organization"},"potentialAction":[{"@type":"SearchAction","target":{"@type":"EntryPoint","urlTemplate":"https:\/\/reedmackay.com\/fr?s={search_term_string}"},"query-input":{"@type":"PropertyValueSpecification","valueRequired":true,"valueName":"search_term_string"}}],"inLanguage":"fr-FR"},{"@type":"Organization","@id":"https:\/\/reedmackay.com\/fr#organization","name":"Reed & Mackay","url":"https:\/\/reedmackay.com\/fr","logo":{"@type":"ImageObject","inLanguage":"fr-FR","@id":"https:\/\/reedmackay.com\/fr#\/schema\/logo\/image\/","url":"https:\/\/reedmackay.com\/wp-content\/uploads\/2023\/07\/RM-Horz-Logo-Colour@2x.png","contentUrl":"https:\/\/reedmackay.com\/wp-content\/uploads\/2023\/07\/RM-Horz-Logo-Colour@2x.png","width":2107,"height":411,"caption":"Reed & Mackay"},"image":{"@id":"https:\/\/reedmackay.com\/fr#\/schema\/logo\/image\/"}}]}},"publishpress_future_workflow_manual_trigger":{"enabledWorkflows":[]},"_links":{"self":[{"href":"https:\/\/reedmackay.com\/fr\/wp-json\/wp\/v2\/pages\/59083","targetHints":{"allow":["GET"]}}],"collection":[{"href":"https:\/\/reedmackay.com\/fr\/wp-json\/wp\/v2\/pages"}],"about":[{"href":"https:\/\/reedmackay.com\/fr\/wp-json\/wp\/v2\/types\/page"}],"author":[{"embeddable":true,"href":"https:\/\/reedmackay.com\/fr\/wp-json\/wp\/v2\/users\/39"}],"replies":[{"embeddable":true,"href":"https:\/\/reedmackay.com\/fr\/wp-json\/wp\/v2\/comments?post=59083"}],"version-history":[{"count":0,"href":"https:\/\/reedmackay.com\/fr\/wp-json\/wp\/v2\/pages\/59083\/revisions"}],"wp:attachment":[{"href":"https:\/\/reedmackay.com\/fr\/wp-json\/wp\/v2\/media?parent=59083"}],"curies":[{"name":"wp","href":"https:\/\/api.w.org\/{rel}","templated":true}]}}