{"id":58036,"date":"2024-06-28T21:17:03","date_gmt":"2024-06-28T20:17:03","guid":{"rendered":"https:\/\/reedmackay.com\/reglages-des-cookies"},"modified":"2024-07-31T15:27:14","modified_gmt":"2024-07-31T14:27:14","slug":"reglages-des-cookies","status":"publish","type":"page","link":"https:\/\/reedmackay.com\/fr\/reglages-des-cookies","title":{"rendered":"Param\u00e8tres des cookies"},"content":{"rendered":"<h1>Param\u00e8tres des cookies<\/h1>\n<p>Veuillez cliquer sur le bouton ci-dessous pour modifier vos pr\u00e9f\u00e9rences en mati\u00e8re de cookies.<\/p>\n<p>\t\t\t<button id=\"ot-sdk-btn\" style=\"color: white;\">  Modifier les pr\u00e9f\u00e9rences en mati\u00e8re de cookies  <\/button><\/p>\n<p>Vous trouverez ci-dessous une liste des technologies de suivi que nous utilisons sur ce site.<\/p>\n<p><!-- OneTrust Cookies List start --><br \/>\n<!-- OneTrust Cookies List end --><\/p>\n","protected":false},"excerpt":{"rendered":"<p>Param\u00e8tres des cookies Veuillez cliquer sur le bouton ci-dessous pour modifier vos pr\u00e9f\u00e9rences en mati\u00e8re de cookies. Modifier les pr\u00e9f\u00e9rences en mati\u00e8re de cookies Vous trouverez ci-dessous une liste des technologies de suivi que nous utilisons sur ce site.<\/p>\n","protected":false},"author":3,"featured_media":0,"parent":0,"menu_order":0,"comment_status":"closed","ping_status":"closed","template":"page-templates\/template-pagebuilder-full-width.php","meta":{"neve_meta_sidebar":"","neve_meta_container":"","neve_meta_enable_content_width":"","neve_meta_content_width":0,"neve_meta_title_alignment":"","neve_meta_author_avatar":"","neve_post_elements_order":"","neve_meta_disable_header":"","neve_meta_disable_footer":"","neve_meta_disable_title":"","footnotes":""},"class_list":["post-58036","page","type-page","status-publish","hentry"],"yoast_head":"<!-- This site is optimized with the Yoast SEO plugin v27.4 - https:\/\/yoast.com\/product\/yoast-seo-wordpress\/ -->\n<title>Param\u00e8tres des cookies | Reed &amp; Mackay<\/title>\n<meta name=\"robots\" content=\"noindex, follow\" \/>\n<meta property=\"og:locale\" content=\"fr_FR\" \/>\n<meta property=\"og:type\" content=\"article\" \/>\n<meta property=\"og:title\" content=\"Param\u00e8tres des cookies | Reed &amp; Mackay\" \/>\n<meta property=\"og:description\" content=\"Param\u00e8tres des cookies Veuillez cliquer sur le bouton ci-dessous pour modifier vos pr\u00e9f\u00e9rences en mati\u00e8re de cookies. Modifier les pr\u00e9f\u00e9rences en mati\u00e8re de cookies Vous trouverez ci-dessous une liste des technologies de suivi que nous utilisons sur ce site.\" \/>\n<meta property=\"og:url\" content=\"https:\/\/reedmackay.com\/fr\/reglages-des-cookies\" \/>\n<meta property=\"og:site_name\" content=\"Reed &amp; Mackay\" \/>\n<meta property=\"article:modified_time\" content=\"2024-07-31T14:27:14+00:00\" \/>\n<meta name=\"twitter:card\" content=\"summary_large_image\" \/>\n<script type=\"application\/ld+json\" class=\"yoast-schema-graph\">{\"@context\":\"https:\\\/\\\/schema.org\",\"@graph\":[{\"@type\":\"WebPage\",\"@id\":\"https:\\\/\\\/reedmackay.com\\\/fr\\\/reglages-des-cookies\",\"url\":\"https:\\\/\\\/reedmackay.com\\\/fr\\\/reglages-des-cookies\",\"name\":\"Param\u00e8tres des cookies | Reed &amp; Mackay\",\"isPartOf\":{\"@id\":\"https:\\\/\\\/reedmackay.com\\\/fr#website\"},\"datePublished\":\"2024-06-28T20:17:03+00:00\",\"dateModified\":\"2024-07-31T14:27:14+00:00\",\"breadcrumb\":{\"@id\":\"https:\\\/\\\/reedmackay.com\\\/fr\\\/reglages-des-cookies#breadcrumb\"},\"inLanguage\":\"fr-FR\",\"potentialAction\":[{\"@type\":\"ReadAction\",\"target\":[\"https:\\\/\\\/reedmackay.com\\\/fr\\\/reglages-des-cookies\"]}]},{\"@type\":\"BreadcrumbList\",\"@id\":\"https:\\\/\\\/reedmackay.com\\\/fr\\\/reglages-des-cookies#breadcrumb\",\"itemListElement\":[{\"@type\":\"ListItem\",\"position\":1,\"name\":\"Home\",\"item\":\"https:\\\/\\\/reedmackay.com\\\/fr\"},{\"@type\":\"ListItem\",\"position\":2,\"name\":\"Param\u00e8tres des cookies\"}]},{\"@type\":\"WebSite\",\"@id\":\"https:\\\/\\\/reedmackay.com\\\/fr#website\",\"url\":\"https:\\\/\\\/reedmackay.com\\\/fr\",\"name\":\"Reed & Mackay\",\"description\":\"Reed and Mackay Travel and Events Management\",\"publisher\":{\"@id\":\"https:\\\/\\\/reedmackay.com\\\/fr#organization\"},\"potentialAction\":[{\"@type\":\"SearchAction\",\"target\":{\"@type\":\"EntryPoint\",\"urlTemplate\":\"https:\\\/\\\/reedmackay.com\\\/fr?s={search_term_string}\"},\"query-input\":{\"@type\":\"PropertyValueSpecification\",\"valueRequired\":true,\"valueName\":\"search_term_string\"}}],\"inLanguage\":\"fr-FR\"},{\"@type\":\"Organization\",\"@id\":\"https:\\\/\\\/reedmackay.com\\\/fr#organization\",\"name\":\"Reed & Mackay\",\"url\":\"https:\\\/\\\/reedmackay.com\\\/fr\",\"logo\":{\"@type\":\"ImageObject\",\"inLanguage\":\"fr-FR\",\"@id\":\"https:\\\/\\\/reedmackay.com\\\/fr#\\\/schema\\\/logo\\\/image\\\/\",\"url\":\"https:\\\/\\\/reedmackay.com\\\/wp-content\\\/uploads\\\/2023\\\/07\\\/RM-Horz-Logo-Colour@2x.png\",\"contentUrl\":\"https:\\\/\\\/reedmackay.com\\\/wp-content\\\/uploads\\\/2023\\\/07\\\/RM-Horz-Logo-Colour@2x.png\",\"width\":2107,\"height\":411,\"caption\":\"Reed & Mackay\"},\"image\":{\"@id\":\"https:\\\/\\\/reedmackay.com\\\/fr#\\\/schema\\\/logo\\\/image\\\/\"}}]}<\/script>\n<!-- \/ Yoast SEO plugin. -->","yoast_head_json":{"title":"Param\u00e8tres des cookies | Reed &amp; Mackay","robots":{"index":"noindex","follow":"follow"},"og_locale":"fr_FR","og_type":"article","og_title":"Param\u00e8tres des cookies | Reed &amp; Mackay","og_description":"Param\u00e8tres des cookies Veuillez cliquer sur le bouton ci-dessous pour modifier vos pr\u00e9f\u00e9rences en mati\u00e8re de cookies. Modifier les pr\u00e9f\u00e9rences en mati\u00e8re de cookies Vous trouverez ci-dessous une liste des technologies de suivi que nous utilisons sur ce site.","og_url":"https:\/\/reedmackay.com\/fr\/reglages-des-cookies","og_site_name":"Reed &amp; Mackay","article_modified_time":"2024-07-31T14:27:14+00:00","twitter_card":"summary_large_image","schema":{"@context":"https:\/\/schema.org","@graph":[{"@type":"WebPage","@id":"https:\/\/reedmackay.com\/fr\/reglages-des-cookies","url":"https:\/\/reedmackay.com\/fr\/reglages-des-cookies","name":"Param\u00e8tres des cookies | Reed &amp; Mackay","isPartOf":{"@id":"https:\/\/reedmackay.com\/fr#website"},"datePublished":"2024-06-28T20:17:03+00:00","dateModified":"2024-07-31T14:27:14+00:00","breadcrumb":{"@id":"https:\/\/reedmackay.com\/fr\/reglages-des-cookies#breadcrumb"},"inLanguage":"fr-FR","potentialAction":[{"@type":"ReadAction","target":["https:\/\/reedmackay.com\/fr\/reglages-des-cookies"]}]},{"@type":"BreadcrumbList","@id":"https:\/\/reedmackay.com\/fr\/reglages-des-cookies#breadcrumb","itemListElement":[{"@type":"ListItem","position":1,"name":"Home","item":"https:\/\/reedmackay.com\/fr"},{"@type":"ListItem","position":2,"name":"Param\u00e8tres des cookies"}]},{"@type":"WebSite","@id":"https:\/\/reedmackay.com\/fr#website","url":"https:\/\/reedmackay.com\/fr","name":"Reed & Mackay","description":"Reed and Mackay Travel and Events Management","publisher":{"@id":"https:\/\/reedmackay.com\/fr#organization"},"potentialAction":[{"@type":"SearchAction","target":{"@type":"EntryPoint","urlTemplate":"https:\/\/reedmackay.com\/fr?s={search_term_string}"},"query-input":{"@type":"PropertyValueSpecification","valueRequired":true,"valueName":"search_term_string"}}],"inLanguage":"fr-FR"},{"@type":"Organization","@id":"https:\/\/reedmackay.com\/fr#organization","name":"Reed & Mackay","url":"https:\/\/reedmackay.com\/fr","logo":{"@type":"ImageObject","inLanguage":"fr-FR","@id":"https:\/\/reedmackay.com\/fr#\/schema\/logo\/image\/","url":"https:\/\/reedmackay.com\/wp-content\/uploads\/2023\/07\/RM-Horz-Logo-Colour@2x.png","contentUrl":"https:\/\/reedmackay.com\/wp-content\/uploads\/2023\/07\/RM-Horz-Logo-Colour@2x.png","width":2107,"height":411,"caption":"Reed & Mackay"},"image":{"@id":"https:\/\/reedmackay.com\/fr#\/schema\/logo\/image\/"}}]}},"publishpress_future_workflow_manual_trigger":{"enabledWorkflows":[]},"_links":{"self":[{"href":"https:\/\/reedmackay.com\/fr\/wp-json\/wp\/v2\/pages\/58036","targetHints":{"allow":["GET"]}}],"collection":[{"href":"https:\/\/reedmackay.com\/fr\/wp-json\/wp\/v2\/pages"}],"about":[{"href":"https:\/\/reedmackay.com\/fr\/wp-json\/wp\/v2\/types\/page"}],"author":[{"embeddable":true,"href":"https:\/\/reedmackay.com\/fr\/wp-json\/wp\/v2\/users\/3"}],"replies":[{"embeddable":true,"href":"https:\/\/reedmackay.com\/fr\/wp-json\/wp\/v2\/comments?post=58036"}],"version-history":[{"count":0,"href":"https:\/\/reedmackay.com\/fr\/wp-json\/wp\/v2\/pages\/58036\/revisions"}],"wp:attachment":[{"href":"https:\/\/reedmackay.com\/fr\/wp-json\/wp\/v2\/media?parent=58036"}],"curies":[{"name":"wp","href":"https:\/\/api.w.org\/{rel}","templated":true}]}}