{"id":26011,"date":"2023-12-12T10:10:51","date_gmt":"2023-12-12T10:10:51","guid":{"rendered":"https:\/\/reedmackay.com\/offres-de-travail"},"modified":"2026-02-27T16:48:42","modified_gmt":"2026-02-27T16:48:42","slug":"offres-d-emploi","status":"publish","type":"page","link":"https:\/\/reedmackay.com\/fr\/offres-d-emploi","title":{"rendered":"Emplois"},"content":{"rendered":"\t\t<div data-elementor-type=\"wp-page\" data-elementor-id=\"26011\" class=\"elementor elementor-26011 elementor-2660\" data-elementor-post-type=\"page\">\n\t\t\t\t\t\t<section class=\"elementor-section elementor-top-section elementor-element elementor-element-35b6f494 elementor-section-full_width elementor-section-height-default elementor-section-height-default\" data-id=\"35b6f494\" data-element_type=\"section\" data-e-type=\"section\" data-settings=\"{&quot;background_background&quot;:&quot;classic&quot;}\">\n\t\t\t\t\t\t<div class=\"elementor-container elementor-column-gap-default\">\n\t\t\t\t\t<div class=\"elementor-column elementor-col-100 elementor-top-column elementor-element elementor-element-559ebe0\" data-id=\"559ebe0\" data-element_type=\"column\" data-e-type=\"column\">\n\t\t\t<div class=\"elementor-widget-wrap elementor-element-populated\">\n\t\t\t\t\t\t<div class=\"elementor-element elementor-element-64ece64 elementor-widget elementor-widget-heading\" data-id=\"64ece64\" data-element_type=\"widget\" data-e-type=\"widget\" data-widget_type=\"heading.default\">\n\t\t\t\t<div class=\"elementor-widget-container\">\n\t\t\t\t\t<h2 class=\"elementor-heading-title elementor-size-default\">Offres d\u2019emploi<\/h2>\t\t\t\t<\/div>\n\t\t\t\t<\/div>\n\t\t\t\t<div class=\"elementor-element elementor-element-9286a10 elementor-widget elementor-widget-text-editor\" data-id=\"9286a10\" data-element_type=\"widget\" data-e-type=\"widget\" data-widget_type=\"text-editor.default\">\n\t\t\t\t<div class=\"elementor-widget-container\">\n\t\t\t\t\t\t\t\t\t<p>Explorez nos opportunit\u00e9s de carri\u00e8re actuelles. Si vous ne trouvez pas ce que vous cherchez, mais si vous pensez que vous seriez la solution id\u00e9ale, n\u2019h\u00e9sitez pas \u00e0 <a href=\"https:\/\/reedmackay.com\/fr\/contact\"><br>  <strong>nous contacter<\/strong><\/a>.<br><\/p>\t\t\t\t\t\t\t\t<\/div>\n\t\t\t\t<\/div>\n\t\t\t\t\t<\/div>\n\t\t<\/div>\n\t\t\t\t\t<\/div>\n\t\t<\/section>\n\t\t\t\t<section class=\"elementor-section elementor-top-section elementor-element elementor-element-c22d179 elementor-section-boxed elementor-section-height-default elementor-section-height-default\" data-id=\"c22d179\" data-element_type=\"section\" data-e-type=\"section\">\n\t\t\t\t\t\t<div class=\"elementor-container elementor-column-gap-default\">\n\t\t\t\t\t<div class=\"elementor-column elementor-col-100 elementor-top-column elementor-element elementor-element-cf4806c\" data-id=\"cf4806c\" data-element_type=\"column\" data-e-type=\"column\">\n\t\t\t<div class=\"elementor-widget-wrap elementor-element-populated\">\n\t\t\t\t\t\t<div class=\"elementor-element elementor-element-b3d164e elementor-widget elementor-widget-html\" data-id=\"b3d164e\" data-element_type=\"widget\" data-e-type=\"widget\" data-widget_type=\"html.default\">\n\t\t\t\t<div class=\"elementor-widget-container\">\n\t\t\t\t\t<div id=\"grnhse_app\"><\/div>\t\t\t\t<\/div>\n\t\t\t\t<\/div>\n\t\t\t\t\t<\/div>\n\t\t<\/div>\n\t\t\t\t\t<\/div>\n\t\t<\/section>\n\t\t\t\t<\/div>\n\t\t","protected":false},"excerpt":{"rendered":"<p>Offres d\u2019emploi Explorez nos opportunit\u00e9s de carri\u00e8re actuelles. Si vous ne trouvez pas ce que vous cherchez, mais si vous pensez que vous seriez la solution id\u00e9ale, n\u2019h\u00e9sitez pas \u00e0 nous contacter.<\/p>\n","protected":false},"author":1,"featured_media":23168,"parent":0,"menu_order":0,"comment_status":"closed","ping_status":"closed","template":"elementor_header_footer","meta":{"neve_meta_sidebar":"","neve_meta_container":"","neve_meta_enable_content_width":"","neve_meta_content_width":0,"neve_meta_title_alignment":"","neve_meta_author_avatar":"","neve_post_elements_order":"","neve_meta_disable_header":"","neve_meta_disable_footer":"","neve_meta_disable_title":"","footnotes":""},"class_list":["post-26011","page","type-page","status-publish","has-post-thumbnail","hentry"],"yoast_head":"<!-- This site is optimized with the Yoast SEO plugin v27.4 - https:\/\/yoast.com\/product\/yoast-seo-wordpress\/ -->\n<title>Emplois | Reed &amp; Mackay<\/title>\n<meta name=\"robots\" content=\"index, follow, max-snippet:-1, max-image-preview:large, max-video-preview:-1\" \/>\n<link rel=\"canonical\" href=\"https:\/\/reedmackay.com\/fr\/offres-d-emploi\" \/>\n<meta property=\"og:locale\" content=\"fr_FR\" \/>\n<meta property=\"og:type\" content=\"article\" \/>\n<meta property=\"og:title\" content=\"Emplois | Reed &amp; Mackay\" \/>\n<meta property=\"og:description\" content=\"Offres d\u2019emploi Explorez nos opportunit\u00e9s de carri\u00e8re actuelles. Si vous ne trouvez pas ce que vous cherchez, mais si vous pensez que vous seriez la solution id\u00e9ale, n\u2019h\u00e9sitez pas \u00e0 nous contacter.\" \/>\n<meta property=\"og:url\" content=\"https:\/\/reedmackay.com\/fr\/offres-d-emploi\" \/>\n<meta property=\"og:site_name\" content=\"Reed &amp; Mackay\" \/>\n<meta property=\"article:modified_time\" content=\"2026-02-27T16:48:42+00:00\" \/>\n<meta property=\"og:image\" content=\"https:\/\/reedmackay.com\/wp-content\/uploads\/2024\/01\/Reed-and-Mackay-Corporate-Travel-and-Events-Management-1366-x-768px.jpg\" \/>\n\t<meta property=\"og:image:width\" content=\"1366\" \/>\n\t<meta property=\"og:image:height\" content=\"768\" \/>\n\t<meta property=\"og:image:type\" content=\"image\/jpeg\" \/>\n<meta name=\"twitter:card\" content=\"summary_large_image\" \/>\n<meta name=\"twitter:label1\" content=\"Dur\u00e9e de lecture estim\u00e9e\" \/>\n\t<meta name=\"twitter:data1\" content=\"1 minute\" \/>\n<script type=\"application\/ld+json\" class=\"yoast-schema-graph\">{\"@context\":\"https:\\\/\\\/schema.org\",\"@graph\":[{\"@type\":\"WebPage\",\"@id\":\"https:\\\/\\\/reedmackay.com\\\/fr\\\/offres-d-emploi\",\"url\":\"https:\\\/\\\/reedmackay.com\\\/fr\\\/offres-d-emploi\",\"name\":\"Emplois | Reed &amp; Mackay\",\"isPartOf\":{\"@id\":\"https:\\\/\\\/reedmackay.com\\\/fr#website\"},\"primaryImageOfPage\":{\"@id\":\"https:\\\/\\\/reedmackay.com\\\/fr\\\/offres-d-emploi#primaryimage\"},\"image\":{\"@id\":\"https:\\\/\\\/reedmackay.com\\\/fr\\\/offres-d-emploi#primaryimage\"},\"thumbnailUrl\":\"https:\\\/\\\/reedmackay.com\\\/wp-content\\\/uploads\\\/2024\\\/01\\\/Reed-and-Mackay-Corporate-Travel-and-Events-Management-1366-x-768px.jpg\",\"datePublished\":\"2023-12-12T10:10:51+00:00\",\"dateModified\":\"2026-02-27T16:48:42+00:00\",\"breadcrumb\":{\"@id\":\"https:\\\/\\\/reedmackay.com\\\/fr\\\/offres-d-emploi#breadcrumb\"},\"inLanguage\":\"fr-FR\",\"potentialAction\":[{\"@type\":\"ReadAction\",\"target\":[\"https:\\\/\\\/reedmackay.com\\\/fr\\\/offres-d-emploi\"]}]},{\"@type\":\"ImageObject\",\"inLanguage\":\"fr-FR\",\"@id\":\"https:\\\/\\\/reedmackay.com\\\/fr\\\/offres-d-emploi#primaryimage\",\"url\":\"https:\\\/\\\/reedmackay.com\\\/wp-content\\\/uploads\\\/2024\\\/01\\\/Reed-and-Mackay-Corporate-Travel-and-Events-Management-1366-x-768px.jpg\",\"contentUrl\":\"https:\\\/\\\/reedmackay.com\\\/wp-content\\\/uploads\\\/2024\\\/01\\\/Reed-and-Mackay-Corporate-Travel-and-Events-Management-1366-x-768px.jpg\",\"width\":1366,\"height\":768},{\"@type\":\"BreadcrumbList\",\"@id\":\"https:\\\/\\\/reedmackay.com\\\/fr\\\/offres-d-emploi#breadcrumb\",\"itemListElement\":[{\"@type\":\"ListItem\",\"position\":1,\"name\":\"Home\",\"item\":\"https:\\\/\\\/reedmackay.com\\\/fr\"},{\"@type\":\"ListItem\",\"position\":2,\"name\":\"Emplois\"}]},{\"@type\":\"WebSite\",\"@id\":\"https:\\\/\\\/reedmackay.com\\\/fr#website\",\"url\":\"https:\\\/\\\/reedmackay.com\\\/fr\",\"name\":\"Reed & Mackay\",\"description\":\"Reed and Mackay Travel and Events Management\",\"publisher\":{\"@id\":\"https:\\\/\\\/reedmackay.com\\\/fr#organization\"},\"potentialAction\":[{\"@type\":\"SearchAction\",\"target\":{\"@type\":\"EntryPoint\",\"urlTemplate\":\"https:\\\/\\\/reedmackay.com\\\/fr?s={search_term_string}\"},\"query-input\":{\"@type\":\"PropertyValueSpecification\",\"valueRequired\":true,\"valueName\":\"search_term_string\"}}],\"inLanguage\":\"fr-FR\"},{\"@type\":\"Organization\",\"@id\":\"https:\\\/\\\/reedmackay.com\\\/fr#organization\",\"name\":\"Reed & Mackay\",\"url\":\"https:\\\/\\\/reedmackay.com\\\/fr\",\"logo\":{\"@type\":\"ImageObject\",\"inLanguage\":\"fr-FR\",\"@id\":\"https:\\\/\\\/reedmackay.com\\\/fr#\\\/schema\\\/logo\\\/image\\\/\",\"url\":\"https:\\\/\\\/reedmackay.com\\\/wp-content\\\/uploads\\\/2023\\\/07\\\/RM-Horz-Logo-Colour@2x.png\",\"contentUrl\":\"https:\\\/\\\/reedmackay.com\\\/wp-content\\\/uploads\\\/2023\\\/07\\\/RM-Horz-Logo-Colour@2x.png\",\"width\":2107,\"height\":411,\"caption\":\"Reed & Mackay\"},\"image\":{\"@id\":\"https:\\\/\\\/reedmackay.com\\\/fr#\\\/schema\\\/logo\\\/image\\\/\"}}]}<\/script>\n<!-- \/ Yoast SEO plugin. -->","yoast_head_json":{"title":"Emplois | Reed &amp; Mackay","robots":{"index":"index","follow":"follow","max-snippet":"max-snippet:-1","max-image-preview":"max-image-preview:large","max-video-preview":"max-video-preview:-1"},"canonical":"https:\/\/reedmackay.com\/fr\/offres-d-emploi","og_locale":"fr_FR","og_type":"article","og_title":"Emplois | Reed &amp; Mackay","og_description":"Offres d\u2019emploi Explorez nos opportunit\u00e9s de carri\u00e8re actuelles. Si vous ne trouvez pas ce que vous cherchez, mais si vous pensez que vous seriez la solution id\u00e9ale, n\u2019h\u00e9sitez pas \u00e0 nous contacter.","og_url":"https:\/\/reedmackay.com\/fr\/offres-d-emploi","og_site_name":"Reed &amp; Mackay","article_modified_time":"2026-02-27T16:48:42+00:00","og_image":[{"width":1366,"height":768,"url":"https:\/\/reedmackay.com\/wp-content\/uploads\/2024\/01\/Reed-and-Mackay-Corporate-Travel-and-Events-Management-1366-x-768px.jpg","type":"image\/jpeg"}],"twitter_card":"summary_large_image","twitter_misc":{"Dur\u00e9e de lecture estim\u00e9e":"1 minute"},"schema":{"@context":"https:\/\/schema.org","@graph":[{"@type":"WebPage","@id":"https:\/\/reedmackay.com\/fr\/offres-d-emploi","url":"https:\/\/reedmackay.com\/fr\/offres-d-emploi","name":"Emplois | Reed &amp; Mackay","isPartOf":{"@id":"https:\/\/reedmackay.com\/fr#website"},"primaryImageOfPage":{"@id":"https:\/\/reedmackay.com\/fr\/offres-d-emploi#primaryimage"},"image":{"@id":"https:\/\/reedmackay.com\/fr\/offres-d-emploi#primaryimage"},"thumbnailUrl":"https:\/\/reedmackay.com\/wp-content\/uploads\/2024\/01\/Reed-and-Mackay-Corporate-Travel-and-Events-Management-1366-x-768px.jpg","datePublished":"2023-12-12T10:10:51+00:00","dateModified":"2026-02-27T16:48:42+00:00","breadcrumb":{"@id":"https:\/\/reedmackay.com\/fr\/offres-d-emploi#breadcrumb"},"inLanguage":"fr-FR","potentialAction":[{"@type":"ReadAction","target":["https:\/\/reedmackay.com\/fr\/offres-d-emploi"]}]},{"@type":"ImageObject","inLanguage":"fr-FR","@id":"https:\/\/reedmackay.com\/fr\/offres-d-emploi#primaryimage","url":"https:\/\/reedmackay.com\/wp-content\/uploads\/2024\/01\/Reed-and-Mackay-Corporate-Travel-and-Events-Management-1366-x-768px.jpg","contentUrl":"https:\/\/reedmackay.com\/wp-content\/uploads\/2024\/01\/Reed-and-Mackay-Corporate-Travel-and-Events-Management-1366-x-768px.jpg","width":1366,"height":768},{"@type":"BreadcrumbList","@id":"https:\/\/reedmackay.com\/fr\/offres-d-emploi#breadcrumb","itemListElement":[{"@type":"ListItem","position":1,"name":"Home","item":"https:\/\/reedmackay.com\/fr"},{"@type":"ListItem","position":2,"name":"Emplois"}]},{"@type":"WebSite","@id":"https:\/\/reedmackay.com\/fr#website","url":"https:\/\/reedmackay.com\/fr","name":"Reed & Mackay","description":"Reed and Mackay Travel and Events Management","publisher":{"@id":"https:\/\/reedmackay.com\/fr#organization"},"potentialAction":[{"@type":"SearchAction","target":{"@type":"EntryPoint","urlTemplate":"https:\/\/reedmackay.com\/fr?s={search_term_string}"},"query-input":{"@type":"PropertyValueSpecification","valueRequired":true,"valueName":"search_term_string"}}],"inLanguage":"fr-FR"},{"@type":"Organization","@id":"https:\/\/reedmackay.com\/fr#organization","name":"Reed & Mackay","url":"https:\/\/reedmackay.com\/fr","logo":{"@type":"ImageObject","inLanguage":"fr-FR","@id":"https:\/\/reedmackay.com\/fr#\/schema\/logo\/image\/","url":"https:\/\/reedmackay.com\/wp-content\/uploads\/2023\/07\/RM-Horz-Logo-Colour@2x.png","contentUrl":"https:\/\/reedmackay.com\/wp-content\/uploads\/2023\/07\/RM-Horz-Logo-Colour@2x.png","width":2107,"height":411,"caption":"Reed & Mackay"},"image":{"@id":"https:\/\/reedmackay.com\/fr#\/schema\/logo\/image\/"}}]}},"publishpress_future_workflow_manual_trigger":{"enabledWorkflows":[]},"_links":{"self":[{"href":"https:\/\/reedmackay.com\/fr\/wp-json\/wp\/v2\/pages\/26011","targetHints":{"allow":["GET"]}}],"collection":[{"href":"https:\/\/reedmackay.com\/fr\/wp-json\/wp\/v2\/pages"}],"about":[{"href":"https:\/\/reedmackay.com\/fr\/wp-json\/wp\/v2\/types\/page"}],"author":[{"embeddable":true,"href":"https:\/\/reedmackay.com\/fr\/wp-json\/wp\/v2\/users\/1"}],"replies":[{"embeddable":true,"href":"https:\/\/reedmackay.com\/fr\/wp-json\/wp\/v2\/comments?post=26011"}],"version-history":[{"count":0,"href":"https:\/\/reedmackay.com\/fr\/wp-json\/wp\/v2\/pages\/26011\/revisions"}],"wp:featuredmedia":[{"embeddable":true,"href":"https:\/\/reedmackay.com\/fr\/wp-json\/wp\/v2\/media\/23168"}],"wp:attachment":[{"href":"https:\/\/reedmackay.com\/fr\/wp-json\/wp\/v2\/media?parent=26011"}],"curies":[{"name":"wp","href":"https:\/\/api.w.org\/{rel}","templated":true}]}}