{"id":24256,"date":"2023-12-20T14:29:51","date_gmt":"2023-12-20T14:29:51","guid":{"rendered":"https:\/\/reedmackay.com\/connexion-client"},"modified":"2024-01-30T16:02:42","modified_gmt":"2024-01-30T16:02:42","slug":"connexion","status":"publish","type":"page","link":"https:\/\/reedmackay.com\/fr\/connexion","title":{"rendered":"Connexion"},"content":{"rendered":"\t\t<div data-elementor-type=\"wp-page\" data-elementor-id=\"24256\" class=\"elementor elementor-24256 elementor-17537\" data-elementor-post-type=\"page\">\n\t\t\t\t\t\t<section class=\"elementor-section elementor-top-section elementor-element elementor-element-4a5e9ec elementor-section-full_width elementor-hidden-mobile elementor-section-height-default elementor-section-height-default\" data-id=\"4a5e9ec\" data-element_type=\"section\" data-e-type=\"section\">\n\t\t\t\t\t\t<div class=\"elementor-container elementor-column-gap-default\">\n\t\t\t\t\t<div class=\"elementor-column elementor-col-100 elementor-top-column elementor-element elementor-element-3709eef\" data-id=\"3709eef\" data-element_type=\"column\" data-e-type=\"column\">\n\t\t\t<div class=\"elementor-widget-wrap elementor-element-populated\">\n\t\t\t\t\t\t<section class=\"elementor-section elementor-inner-section elementor-element elementor-element-bdff7d8 elementor-section-full_width elementor-section-height-default elementor-section-height-default\" data-id=\"bdff7d8\" data-element_type=\"section\" data-e-type=\"section\">\n\t\t\t\t\t\t<div class=\"elementor-container elementor-column-gap-default\">\n\t\t\t\t\t<div class=\"elementor-column elementor-col-50 elementor-inner-column elementor-element elementor-element-4c64a78\" data-id=\"4c64a78\" data-element_type=\"column\" data-e-type=\"column\">\n\t\t\t<div class=\"elementor-widget-wrap elementor-element-populated\">\n\t\t\t\t\t\t<div class=\"elementor-element elementor-element-e88cc03 elementor-widget elementor-widget-heading\" data-id=\"e88cc03\" data-element_type=\"widget\" data-e-type=\"widget\" data-widget_type=\"heading.default\">\n\t\t\t\t<div class=\"elementor-widget-container\">\n\t\t\t\t\t<h3 class=\"elementor-heading-title elementor-size-default\"><a href=\"https:\/\/reedmackay.com\/contact\">Connexion client<\/a><\/h3>\t\t\t\t<\/div>\n\t\t\t\t<\/div>\n\t\t\t\t\t<\/div>\n\t\t<\/div>\n\t\t\t\t<div class=\"elementor-column elementor-col-50 elementor-inner-column elementor-element elementor-element-da8282f\" data-id=\"da8282f\" data-element_type=\"column\" data-e-type=\"column\">\n\t\t\t<div class=\"elementor-widget-wrap elementor-element-populated\">\n\t\t\t\t\t\t<div class=\"elementor-element elementor-element-fa1ca19 elementor-widget elementor-widget-text-editor\" data-id=\"fa1ca19\" data-element_type=\"widget\" data-e-type=\"widget\" data-widget_type=\"text-editor.default\">\n\t\t\t\t<div class=\"elementor-widget-container\">\n\t\t\t\t\t\t\t\t\t<a href=\"https:\/\/reedmackay.com\/fr\/nous-contacter\">Nous Contacter<\/a>\u00a0 <a href=\"https:\/\/reedmackay.com\/fr\/bureaux-mondiaux\">Bureau mondiaux<\/a>\t\t\t\t\t\t\t\t<\/div>\n\t\t\t\t<\/div>\n\t\t\t\t\t<\/div>\n\t\t<\/div>\n\t\t\t\t\t<\/div>\n\t\t<\/section>\n\t\t\t\t\t<\/div>\n\t\t<\/div>\n\t\t\t\t\t<\/div>\n\t\t<\/section>\n\t\t\t\t<section class=\"elementor-section elementor-top-section elementor-element elementor-element-f6f3816 elementor-section-full_width elementor-section-height-default elementor-section-height-default\" data-id=\"f6f3816\" data-element_type=\"section\" data-e-type=\"section\">\n\t\t\t\t\t\t\t<div class=\"elementor-background-overlay\"><\/div>\n\t\t\t\t\t\t\t<div class=\"elementor-container elementor-column-gap-default\">\n\t\t\t\t\t<div class=\"elementor-column elementor-col-100 elementor-top-column elementor-element elementor-element-8249ef0\" data-id=\"8249ef0\" data-element_type=\"column\" data-e-type=\"column\">\n\t\t\t<div class=\"elementor-widget-wrap elementor-element-populated\">\n\t\t\t\t\t\t<div class=\"elementor-element elementor-element-fe496e8 elementor-widget elementor-widget-heading\" data-id=\"fe496e8\" data-element_type=\"widget\" data-e-type=\"widget\" data-widget_type=\"heading.default\">\n\t\t\t\t<div class=\"elementor-widget-container\">\n\t\t\t\t\t<h1 class=\"elementor-heading-title elementor-size-default\">Outils de r\u00e9servation Reed &amp; Mackay<\/h1>\t\t\t\t<\/div>\n\t\t\t\t<\/div>\n\t\t\t\t<div class=\"elementor-element elementor-element-0ddd057 elementor-widget elementor-widget-text-editor\" data-id=\"0ddd057\" data-element_type=\"widget\" data-e-type=\"widget\" data-widget_type=\"text-editor.default\">\n\t\t\t\t<div class=\"elementor-widget-container\">\n\t\t\t\t\t\t\t\t\t<p>Bienvenue sur notre espace de connexion d\u00e9di\u00e9 aux travel managers et aux voyageurs. Pour acc\u00e9der \u00e0 nos diff\u00e9rents syst\u00e8mes, entrez vos informations de connexion ci-dessous. <\/p>\n\t\t\t\t\t\t\t\t<\/div>\n\t\t\t\t<\/div>\n\t\t\t\t<section class=\"elementor-section elementor-inner-section elementor-element elementor-element-76ecc5e elementor-section-full_width elementor-section-height-default elementor-section-height-default\" data-id=\"76ecc5e\" data-element_type=\"section\" data-e-type=\"section\">\n\t\t\t\t\t\t<div class=\"elementor-container elementor-column-gap-default\">\n\t\t\t\t\t<div class=\"elementor-column elementor-col-25 elementor-inner-column elementor-element elementor-element-37fe62a\" data-id=\"37fe62a\" data-element_type=\"column\" data-e-type=\"column\" data-settings=\"{&quot;background_background&quot;:&quot;classic&quot;}\">\n\t\t\t<div class=\"elementor-widget-wrap elementor-element-populated\">\n\t\t\t\t\t<div class=\"elementor-background-overlay\"><\/div>\n\t\t\t\t\t\t<div class=\"elementor-element elementor-element-c636c0e elementor-widget elementor-widget-text-editor\" data-id=\"c636c0e\" data-element_type=\"widget\" data-e-type=\"widget\" data-widget_type=\"text-editor.default\">\n\t\t\t\t<div class=\"elementor-widget-container\">\n\t\t\t\t\t\t\t\t\t<div class=\"login-block__logo w-full lg:transform mb-6 lg:mb-0 lg:-translate-y-1\/2 flex justify-center\"><div class=\"login-block__logo--bg transform -skew-x-6 bg-darkIvory rounded-md inline-block w-auto text-center block py-3 px-4\">KDS (PROBOOK)<\/div><\/div>\t\t\t\t\t\t\t\t<\/div>\n\t\t\t\t<\/div>\n\t\t\t\t<div class=\"elementor-element elementor-element-14ae3f2 elementor-widget elementor-widget-text-editor\" data-id=\"14ae3f2\" data-element_type=\"widget\" data-e-type=\"widget\" data-widget_type=\"text-editor.default\">\n\t\t\t\t<div class=\"elementor-widget-container\">\n\t\t\t\t\t\t\t\t\tPour votre connexion \u00e0 KDS (PROBOOK) merci d\u2019utiliser le lien direct suivant\t\t\t\t\t\t\t\t<\/div>\n\t\t\t\t<\/div>\n\t\t\t\t<div class=\"elementor-element elementor-element-873e34d elementor-align-left elementor-widget elementor-widget-button\" data-id=\"873e34d\" data-element_type=\"widget\" data-e-type=\"widget\" data-widget_type=\"button.default\">\n\t\t\t\t<div class=\"elementor-widget-container\">\n\t\t\t\t\t\t\t\t\t<div class=\"elementor-button-wrapper\">\n\t\t\t\t\t<a class=\"elementor-button elementor-button-link elementor-size-sm\" href=\"https:\/\/w.mykds.com\/fftparis\/login.aspx.\">\n\t\t\t\t\t\t<span class=\"elementor-button-content-wrapper\">\n\t\t\t\t\t\t\t\t\t<span class=\"elementor-button-text\">Connexion<\/span>\n\t\t\t\t\t<\/span>\n\t\t\t\t\t<\/a>\n\t\t\t\t<\/div>\n\t\t\t\t\t\t\t\t<\/div>\n\t\t\t\t<\/div>\n\t\t\t\t\t<\/div>\n\t\t<\/div>\n\t\t\t\t<div class=\"elementor-column elementor-col-25 elementor-inner-column elementor-element elementor-element-b1889a6\" data-id=\"b1889a6\" data-element_type=\"column\" data-e-type=\"column\" data-settings=\"{&quot;background_background&quot;:&quot;classic&quot;}\">\n\t\t\t<div class=\"elementor-widget-wrap elementor-element-populated\">\n\t\t\t\t\t<div class=\"elementor-background-overlay\"><\/div>\n\t\t\t\t\t\t<div class=\"elementor-element elementor-element-7c4167c elementor-widget elementor-widget-text-editor\" data-id=\"7c4167c\" data-element_type=\"widget\" data-e-type=\"widget\" data-widget_type=\"text-editor.default\">\n\t\t\t\t<div class=\"elementor-widget-container\">\n\t\t\t\t\t\t\t\t\t<div class=\"login-block__logo w-full lg:transform mb-6 lg:mb-0 lg:-translate-y-1\/2 flex justify-center\">\n<div class=\"login-block__logo--bg transform -skew-x-6 bg-darkIvory rounded-md inline-block w-auto text-center block py-3 px-4\"><span class=\"transform skew-x-6 block uppercase font-medium text-xl tracking-wider\">Concur (EASYBOOK)  <\/span><\/div>\n<\/div>\n\t\t\t\t\t\t\t\t<\/div>\n\t\t\t\t<\/div>\n\t\t\t\t<div class=\"elementor-element elementor-element-bf3dd33 elementor-widget elementor-widget-text-editor\" data-id=\"bf3dd33\" data-element_type=\"widget\" data-e-type=\"widget\" data-widget_type=\"text-editor.default\">\n\t\t\t\t<div class=\"elementor-widget-container\">\n\t\t\t\t\t\t\t\t\tPour votre connexion \u00e0 Concur (EASYBOOK), merci d\u2019utiliser le lien direct suivant\t\t\t\t\t\t\t\t<\/div>\n\t\t\t\t<\/div>\n\t\t\t\t<div class=\"elementor-element elementor-element-f779ead elementor-align-left elementor-widget elementor-widget-button\" data-id=\"f779ead\" data-element_type=\"widget\" data-e-type=\"widget\" data-widget_type=\"button.default\">\n\t\t\t\t<div class=\"elementor-widget-container\">\n\t\t\t\t\t\t\t\t\t<div class=\"elementor-button-wrapper\">\n\t\t\t\t\t<a class=\"elementor-button elementor-button-link elementor-size-sm\" href=\"https:\/\/eu1.concursolutions.com\/signin.asp\">\n\t\t\t\t\t\t<span class=\"elementor-button-content-wrapper\">\n\t\t\t\t\t\t\t\t\t<span class=\"elementor-button-text\">Connexion<\/span>\n\t\t\t\t\t<\/span>\n\t\t\t\t\t<\/a>\n\t\t\t\t<\/div>\n\t\t\t\t\t\t\t\t<\/div>\n\t\t\t\t<\/div>\n\t\t\t\t\t<\/div>\n\t\t<\/div>\n\t\t\t\t<div class=\"elementor-column elementor-col-25 elementor-inner-column elementor-element elementor-element-289430f\" data-id=\"289430f\" data-element_type=\"column\" data-e-type=\"column\" data-settings=\"{&quot;background_background&quot;:&quot;classic&quot;}\">\n\t\t\t<div class=\"elementor-widget-wrap elementor-element-populated\">\n\t\t\t\t\t<div class=\"elementor-background-overlay\"><\/div>\n\t\t\t\t\t\t<div class=\"elementor-element elementor-element-6a3718a elementor-widget elementor-widget-text-editor\" data-id=\"6a3718a\" data-element_type=\"widget\" data-e-type=\"widget\" data-widget_type=\"text-editor.default\">\n\t\t\t\t<div class=\"elementor-widget-container\">\n\t\t\t\t\t\t\t\t\t<div class=\"login-block__logo w-full lg:transform mb-6 lg:mb-0 lg:-translate-y-1\/2 flex justify-center\"><div class=\"login-block__logo--bg transform -skew-x-6 bg-darkIvory rounded-md inline-block w-auto text-center block py-3 px-4\">R&amp;M \/ Portal<\/div><\/div>\t\t\t\t\t\t\t\t<\/div>\n\t\t\t\t<\/div>\n\t\t\t\t<div class=\"elementor-element elementor-element-f071396 elementor-widget elementor-widget-text-editor\" data-id=\"f071396\" data-element_type=\"widget\" data-e-type=\"widget\" data-widget_type=\"text-editor.default\">\n\t\t\t\t<div class=\"elementor-widget-container\">\n\t\t\t\t\t\t\t\t\tPour votre connexion \u00e0 R&amp;M Portal, merci d\u2019utiliser le lien direct suivant\t\t\t\t\t\t\t\t<\/div>\n\t\t\t\t<\/div>\n\t\t\t\t<div class=\"elementor-element elementor-element-40ff7ef elementor-align-left elementor-widget elementor-widget-button\" data-id=\"40ff7ef\" data-element_type=\"widget\" data-e-type=\"widget\" data-widget_type=\"button.default\">\n\t\t\t\t<div class=\"elementor-widget-container\">\n\t\t\t\t\t\t\t\t\t<div class=\"elementor-button-wrapper\">\n\t\t\t\t\t<a class=\"elementor-button elementor-button-link elementor-size-sm\" href=\"https:\/\/clientportal.reedmackay.com\/account\/logon\">\n\t\t\t\t\t\t<span class=\"elementor-button-content-wrapper\">\n\t\t\t\t\t\t\t\t\t<span class=\"elementor-button-text\">Connexion<\/span>\n\t\t\t\t\t<\/span>\n\t\t\t\t\t<\/a>\n\t\t\t\t<\/div>\n\t\t\t\t\t\t\t\t<\/div>\n\t\t\t\t<\/div>\n\t\t\t\t\t<\/div>\n\t\t<\/div>\n\t\t\t\t<div class=\"elementor-column elementor-col-25 elementor-inner-column elementor-element elementor-element-488434e\" data-id=\"488434e\" data-element_type=\"column\" data-e-type=\"column\" data-settings=\"{&quot;background_background&quot;:&quot;classic&quot;}\">\n\t\t\t<div class=\"elementor-widget-wrap elementor-element-populated\">\n\t\t\t\t\t<div class=\"elementor-background-overlay\"><\/div>\n\t\t\t\t\t\t<div class=\"elementor-element elementor-element-e593d7e elementor-widget elementor-widget-text-editor\" data-id=\"e593d7e\" data-element_type=\"widget\" data-e-type=\"widget\" data-widget_type=\"text-editor.default\">\n\t\t\t\t<div class=\"elementor-widget-container\">\n\t\t\t\t\t\t\t\t\t<div class=\"login-block__logo w-full lg:transform mb-6 lg:mb-0 lg:-translate-y-1\/2 flex justify-center\"><div class=\"login-block__logo--bg transform -skew-x-6 bg-darkIvory rounded-md inline-block w-auto text-center block py-3 px-4\">Goelett<\/div><\/div>\t\t\t\t\t\t\t\t<\/div>\n\t\t\t\t<\/div>\n\t\t\t\t<div class=\"elementor-element elementor-element-07a88b5 elementor-widget elementor-widget-text-editor\" data-id=\"07a88b5\" data-element_type=\"widget\" data-e-type=\"widget\" data-widget_type=\"text-editor.default\">\n\t\t\t\t<div class=\"elementor-widget-container\">\n\t\t\t\t\t\t\t\t\tPour votre connexion \u00e0 Goelett, merci d\u2019utiliser le lien direct suivant\t\t\t\t\t\t\t\t<\/div>\n\t\t\t\t<\/div>\n\t\t\t\t<div class=\"elementor-element elementor-element-ee6b0be elementor-align-left elementor-widget elementor-widget-button\" data-id=\"ee6b0be\" data-element_type=\"widget\" data-e-type=\"widget\" data-widget_type=\"button.default\">\n\t\t\t\t<div class=\"elementor-widget-container\">\n\t\t\t\t\t\t\t\t\t<div class=\"elementor-button-wrapper\">\n\t\t\t\t\t<a class=\"elementor-button elementor-button-link elementor-size-sm\" href=\"https:\/\/accounts.goelett.com\/login?signin=96d14392a60e7077ffa1ab15ebc885da\">\n\t\t\t\t\t\t<span class=\"elementor-button-content-wrapper\">\n\t\t\t\t\t\t\t\t\t<span class=\"elementor-button-text\">Connexion<\/span>\n\t\t\t\t\t<\/span>\n\t\t\t\t\t<\/a>\n\t\t\t\t<\/div>\n\t\t\t\t\t\t\t\t<\/div>\n\t\t\t\t<\/div>\n\t\t\t\t\t<\/div>\n\t\t<\/div>\n\t\t\t\t\t<\/div>\n\t\t<\/section>\n\t\t\t\t\t<\/div>\n\t\t<\/div>\n\t\t\t\t\t<\/div>\n\t\t<\/section>\n\t\t\t\t<section class=\"elementor-section elementor-top-section elementor-element elementor-element-fc3e2ca elementor-section-boxed elementor-section-height-default elementor-section-height-default\" data-id=\"fc3e2ca\" data-element_type=\"section\" data-e-type=\"section\">\n\t\t\t\t\t\t<div class=\"elementor-container elementor-column-gap-default\">\n\t\t\t\t\t<div class=\"elementor-column elementor-col-100 elementor-top-column elementor-element elementor-element-0122068\" data-id=\"0122068\" data-element_type=\"column\" data-e-type=\"column\">\n\t\t\t<div class=\"elementor-widget-wrap\">\n\t\t\t\t\t\t\t<\/div>\n\t\t<\/div>\n\t\t\t\t\t<\/div>\n\t\t<\/section>\n\t\t\t\t<\/div>\n\t\t","protected":false},"excerpt":{"rendered":"<p>Connexion client Nous Contacter\u00a0 Bureau mondiaux Outils de r\u00e9servation Reed &amp; Mackay Bienvenue sur notre espace de connexion d\u00e9di\u00e9 aux travel managers et aux voyageurs. Pour acc\u00e9der \u00e0 nos diff\u00e9rents syst\u00e8mes, entrez vos informations de connexion ci-dessous. KDS (PROBOOK)Pour votre connexion \u00e0 KDS (PROBOOK) merci d\u2019utiliser le lien direct suivant Connexion Concur (EASYBOOK) Pour votre&hellip;&nbsp;<a href=\"https:\/\/reedmackay.com\/fr\/connexion\" rel=\"bookmark\">Lire la suite &raquo;<span class=\"screen-reader-text\">Connexion<\/span><\/a><\/p>\n","protected":false},"author":1,"featured_media":0,"parent":0,"menu_order":0,"comment_status":"closed","ping_status":"closed","template":"page-templates\/template-pagebuilder-full-width.php","meta":{"neve_meta_sidebar":"","neve_meta_container":"","neve_meta_enable_content_width":"","neve_meta_content_width":0,"neve_meta_title_alignment":"","neve_meta_author_avatar":"","neve_post_elements_order":"","neve_meta_disable_header":"","neve_meta_disable_footer":"","neve_meta_disable_title":"","footnotes":""},"class_list":["post-24256","page","type-page","status-publish","hentry"],"yoast_head":"<!-- This site is optimized with the Yoast SEO plugin v27.4 - https:\/\/yoast.com\/product\/yoast-seo-wordpress\/ -->\n<title>Connexion | Reed &amp; Mackay<\/title>\n<meta name=\"robots\" content=\"index, follow, max-snippet:-1, max-image-preview:large, max-video-preview:-1\" \/>\n<link rel=\"canonical\" href=\"https:\/\/reedmackay.com\/fr\/connexion\" \/>\n<meta property=\"og:locale\" content=\"fr_FR\" \/>\n<meta property=\"og:type\" content=\"article\" \/>\n<meta property=\"og:title\" content=\"Connexion | Reed &amp; Mackay\" \/>\n<meta property=\"og:description\" content=\"Connexion client Nous Contacter\u00a0 Bureau mondiaux Outils de r\u00e9servation Reed &amp; Mackay Bienvenue sur notre espace de connexion d\u00e9di\u00e9 aux travel managers et aux voyageurs. Pour acc\u00e9der \u00e0 nos diff\u00e9rents syst\u00e8mes, entrez vos informations de connexion ci-dessous. KDS (PROBOOK)Pour votre connexion \u00e0 KDS (PROBOOK) merci d\u2019utiliser le lien direct suivant Connexion Concur (EASYBOOK) Pour votre&hellip;&nbsp;Lire la suite &raquo;Connexion\" \/>\n<meta property=\"og:url\" content=\"https:\/\/reedmackay.com\/fr\/connexion\" \/>\n<meta property=\"og:site_name\" content=\"Reed &amp; Mackay\" \/>\n<meta property=\"article:modified_time\" content=\"2024-01-30T16:02:42+00:00\" \/>\n<meta name=\"twitter:card\" content=\"summary_large_image\" \/>\n<meta name=\"twitter:label1\" content=\"Dur\u00e9e de lecture estim\u00e9e\" \/>\n\t<meta name=\"twitter:data1\" content=\"1 minute\" \/>\n<script type=\"application\/ld+json\" class=\"yoast-schema-graph\">{\"@context\":\"https:\\\/\\\/schema.org\",\"@graph\":[{\"@type\":\"WebPage\",\"@id\":\"https:\\\/\\\/reedmackay.com\\\/fr\\\/connexion\",\"url\":\"https:\\\/\\\/reedmackay.com\\\/fr\\\/connexion\",\"name\":\"Connexion | Reed &amp; Mackay\",\"isPartOf\":{\"@id\":\"https:\\\/\\\/reedmackay.com\\\/fr#website\"},\"datePublished\":\"2023-12-20T14:29:51+00:00\",\"dateModified\":\"2024-01-30T16:02:42+00:00\",\"breadcrumb\":{\"@id\":\"https:\\\/\\\/reedmackay.com\\\/fr\\\/connexion#breadcrumb\"},\"inLanguage\":\"fr-FR\",\"potentialAction\":[{\"@type\":\"ReadAction\",\"target\":[\"https:\\\/\\\/reedmackay.com\\\/fr\\\/connexion\"]}]},{\"@type\":\"BreadcrumbList\",\"@id\":\"https:\\\/\\\/reedmackay.com\\\/fr\\\/connexion#breadcrumb\",\"itemListElement\":[{\"@type\":\"ListItem\",\"position\":1,\"name\":\"Home\",\"item\":\"https:\\\/\\\/reedmackay.com\\\/fr\"},{\"@type\":\"ListItem\",\"position\":2,\"name\":\"Connexion\"}]},{\"@type\":\"WebSite\",\"@id\":\"https:\\\/\\\/reedmackay.com\\\/fr#website\",\"url\":\"https:\\\/\\\/reedmackay.com\\\/fr\",\"name\":\"Reed & Mackay\",\"description\":\"Reed and Mackay Travel and Events Management\",\"publisher\":{\"@id\":\"https:\\\/\\\/reedmackay.com\\\/fr#organization\"},\"potentialAction\":[{\"@type\":\"SearchAction\",\"target\":{\"@type\":\"EntryPoint\",\"urlTemplate\":\"https:\\\/\\\/reedmackay.com\\\/fr?s={search_term_string}\"},\"query-input\":{\"@type\":\"PropertyValueSpecification\",\"valueRequired\":true,\"valueName\":\"search_term_string\"}}],\"inLanguage\":\"fr-FR\"},{\"@type\":\"Organization\",\"@id\":\"https:\\\/\\\/reedmackay.com\\\/fr#organization\",\"name\":\"Reed & Mackay\",\"url\":\"https:\\\/\\\/reedmackay.com\\\/fr\",\"logo\":{\"@type\":\"ImageObject\",\"inLanguage\":\"fr-FR\",\"@id\":\"https:\\\/\\\/reedmackay.com\\\/fr#\\\/schema\\\/logo\\\/image\\\/\",\"url\":\"https:\\\/\\\/reedmackay.com\\\/wp-content\\\/uploads\\\/2023\\\/07\\\/RM-Horz-Logo-Colour@2x.png\",\"contentUrl\":\"https:\\\/\\\/reedmackay.com\\\/wp-content\\\/uploads\\\/2023\\\/07\\\/RM-Horz-Logo-Colour@2x.png\",\"width\":2107,\"height\":411,\"caption\":\"Reed & Mackay\"},\"image\":{\"@id\":\"https:\\\/\\\/reedmackay.com\\\/fr#\\\/schema\\\/logo\\\/image\\\/\"}}]}<\/script>\n<!-- \/ Yoast SEO plugin. -->","yoast_head_json":{"title":"Connexion | Reed &amp; Mackay","robots":{"index":"index","follow":"follow","max-snippet":"max-snippet:-1","max-image-preview":"max-image-preview:large","max-video-preview":"max-video-preview:-1"},"canonical":"https:\/\/reedmackay.com\/fr\/connexion","og_locale":"fr_FR","og_type":"article","og_title":"Connexion | Reed &amp; Mackay","og_description":"Connexion client Nous Contacter\u00a0 Bureau mondiaux Outils de r\u00e9servation Reed &amp; Mackay Bienvenue sur notre espace de connexion d\u00e9di\u00e9 aux travel managers et aux voyageurs. Pour acc\u00e9der \u00e0 nos diff\u00e9rents syst\u00e8mes, entrez vos informations de connexion ci-dessous. KDS (PROBOOK)Pour votre connexion \u00e0 KDS (PROBOOK) merci d\u2019utiliser le lien direct suivant Connexion Concur (EASYBOOK) Pour votre&hellip;&nbsp;Lire la suite &raquo;Connexion","og_url":"https:\/\/reedmackay.com\/fr\/connexion","og_site_name":"Reed &amp; Mackay","article_modified_time":"2024-01-30T16:02:42+00:00","twitter_card":"summary_large_image","twitter_misc":{"Dur\u00e9e de lecture estim\u00e9e":"1 minute"},"schema":{"@context":"https:\/\/schema.org","@graph":[{"@type":"WebPage","@id":"https:\/\/reedmackay.com\/fr\/connexion","url":"https:\/\/reedmackay.com\/fr\/connexion","name":"Connexion | Reed &amp; Mackay","isPartOf":{"@id":"https:\/\/reedmackay.com\/fr#website"},"datePublished":"2023-12-20T14:29:51+00:00","dateModified":"2024-01-30T16:02:42+00:00","breadcrumb":{"@id":"https:\/\/reedmackay.com\/fr\/connexion#breadcrumb"},"inLanguage":"fr-FR","potentialAction":[{"@type":"ReadAction","target":["https:\/\/reedmackay.com\/fr\/connexion"]}]},{"@type":"BreadcrumbList","@id":"https:\/\/reedmackay.com\/fr\/connexion#breadcrumb","itemListElement":[{"@type":"ListItem","position":1,"name":"Home","item":"https:\/\/reedmackay.com\/fr"},{"@type":"ListItem","position":2,"name":"Connexion"}]},{"@type":"WebSite","@id":"https:\/\/reedmackay.com\/fr#website","url":"https:\/\/reedmackay.com\/fr","name":"Reed & Mackay","description":"Reed and Mackay Travel and Events Management","publisher":{"@id":"https:\/\/reedmackay.com\/fr#organization"},"potentialAction":[{"@type":"SearchAction","target":{"@type":"EntryPoint","urlTemplate":"https:\/\/reedmackay.com\/fr?s={search_term_string}"},"query-input":{"@type":"PropertyValueSpecification","valueRequired":true,"valueName":"search_term_string"}}],"inLanguage":"fr-FR"},{"@type":"Organization","@id":"https:\/\/reedmackay.com\/fr#organization","name":"Reed & Mackay","url":"https:\/\/reedmackay.com\/fr","logo":{"@type":"ImageObject","inLanguage":"fr-FR","@id":"https:\/\/reedmackay.com\/fr#\/schema\/logo\/image\/","url":"https:\/\/reedmackay.com\/wp-content\/uploads\/2023\/07\/RM-Horz-Logo-Colour@2x.png","contentUrl":"https:\/\/reedmackay.com\/wp-content\/uploads\/2023\/07\/RM-Horz-Logo-Colour@2x.png","width":2107,"height":411,"caption":"Reed & Mackay"},"image":{"@id":"https:\/\/reedmackay.com\/fr#\/schema\/logo\/image\/"}}]}},"publishpress_future_workflow_manual_trigger":{"enabledWorkflows":[]},"_links":{"self":[{"href":"https:\/\/reedmackay.com\/fr\/wp-json\/wp\/v2\/pages\/24256","targetHints":{"allow":["GET"]}}],"collection":[{"href":"https:\/\/reedmackay.com\/fr\/wp-json\/wp\/v2\/pages"}],"about":[{"href":"https:\/\/reedmackay.com\/fr\/wp-json\/wp\/v2\/types\/page"}],"author":[{"embeddable":true,"href":"https:\/\/reedmackay.com\/fr\/wp-json\/wp\/v2\/users\/1"}],"replies":[{"embeddable":true,"href":"https:\/\/reedmackay.com\/fr\/wp-json\/wp\/v2\/comments?post=24256"}],"version-history":[{"count":0,"href":"https:\/\/reedmackay.com\/fr\/wp-json\/wp\/v2\/pages\/24256\/revisions"}],"wp:attachment":[{"href":"https:\/\/reedmackay.com\/fr\/wp-json\/wp\/v2\/media?parent=24256"}],"curies":[{"name":"wp","href":"https:\/\/api.w.org\/{rel}","templated":true}]}}