{"id":58047,"date":"2024-06-28T21:17:03","date_gmt":"2024-06-28T20:17:03","guid":{"rendered":"https:\/\/reedmackay.com\/configuracion-de-cookies"},"modified":"2024-07-31T15:39:55","modified_gmt":"2024-07-31T14:39:55","slug":"configuracion-de-cookies","status":"publish","type":"page","link":"https:\/\/reedmackay.com\/es\/configuracion-de-cookies","title":{"rendered":"Configuraci\u00f3n de cookies"},"content":{"rendered":"\t\t<div data-elementor-type=\"wp-page\" data-elementor-id=\"58047\" class=\"elementor elementor-58047 elementor-56191\" data-elementor-post-type=\"page\">\n\t\t\t\t\t\t<section class=\"elementor-section elementor-top-section elementor-element elementor-element-58299cd elementor-section-boxed elementor-section-height-default elementor-section-height-default\" data-id=\"58299cd\" data-element_type=\"section\" data-e-type=\"section\">\n\t\t\t\t\t\t<div class=\"elementor-container elementor-column-gap-default\">\n\t\t\t\t\t<div class=\"elementor-column elementor-col-100 elementor-top-column elementor-element elementor-element-28530b6\" data-id=\"28530b6\" data-element_type=\"column\" data-e-type=\"column\">\n\t\t\t<div class=\"elementor-widget-wrap elementor-element-populated\">\n\t\t\t\t\t\t<div class=\"elementor-element elementor-element-e05964c elementor-widget elementor-widget-heading\" data-id=\"e05964c\" data-element_type=\"widget\" data-e-type=\"widget\" data-widget_type=\"heading.default\">\n\t\t\t\t<div class=\"elementor-widget-container\">\n\t\t\t\t\t<h1 class=\"elementor-heading-title elementor-size-default\">Configuraci\u00f3n de cookies<\/h1>\t\t\t\t<\/div>\n\t\t\t\t<\/div>\n\t\t\t\t\t<\/div>\n\t\t<\/div>\n\t\t\t\t\t<\/div>\n\t\t<\/section>\n\t\t\t\t<section class=\"elementor-section elementor-top-section elementor-element elementor-element-10d11b3 elementor-section-boxed elementor-section-height-default elementor-section-height-default\" data-id=\"10d11b3\" data-element_type=\"section\" data-e-type=\"section\">\n\t\t\t\t\t\t<div class=\"elementor-container elementor-column-gap-default\">\n\t\t\t\t\t<div class=\"elementor-column elementor-col-100 elementor-top-column elementor-element elementor-element-56c7787\" data-id=\"56c7787\" data-element_type=\"column\" data-e-type=\"column\">\n\t\t\t<div class=\"elementor-widget-wrap elementor-element-populated\">\n\t\t\t\t\t\t<div class=\"elementor-element elementor-element-d4b699a elementor-widget elementor-widget-text-editor\" data-id=\"d4b699a\" data-element_type=\"widget\" data-e-type=\"widget\" data-widget_type=\"text-editor.default\">\n\t\t\t\t<div class=\"elementor-widget-container\">\n\t\t\t\t\t\t\t\t\t<p>Haz clic en el bot\u00f3n de abajo para cambiar tus preferencias de cookies.<\/p>\n\t\t\t\t\t\t\t\t<\/div>\n\t\t\t\t<\/div>\n\t\t\t\t\t<\/div>\n\t\t<\/div>\n\t\t\t\t\t<\/div>\n\t\t<\/section>\n\t\t\t\t<section class=\"elementor-section elementor-top-section elementor-element elementor-element-249f819 elementor-section-boxed elementor-section-height-default elementor-section-height-default\" data-id=\"249f819\" data-element_type=\"section\" data-e-type=\"section\">\n\t\t\t\t\t\t<div class=\"elementor-container elementor-column-gap-default\">\n\t\t\t\t\t<div class=\"elementor-column elementor-col-100 elementor-top-column elementor-element elementor-element-7140ea5\" data-id=\"7140ea5\" data-element_type=\"column\" data-e-type=\"column\">\n\t\t\t<div class=\"elementor-widget-wrap elementor-element-populated\">\n\t\t\t\t\t\t<div class=\"elementor-element elementor-element-2d9c38f elementor-widget elementor-widget-html\" data-id=\"2d9c38f\" data-element_type=\"widget\" data-e-type=\"widget\" data-widget_type=\"html.default\">\n\t\t\t\t<div class=\"elementor-widget-container\">\n\t\t\t\t\t<button id=\"ot-sdk-btn\" class=\"ot-sdk-show-settings\" style=\"color: white;\">  Cambiar preferencias de cookies  <\/button>\n\t\t\t\t<\/div>\n\t\t\t\t<\/div>\n\t\t\t\t\t<\/div>\n\t\t<\/div>\n\t\t\t\t\t<\/div>\n\t\t<\/section>\n\t\t\t\t<section class=\"elementor-section elementor-top-section elementor-element elementor-element-89ebe19 elementor-section-boxed elementor-section-height-default elementor-section-height-default\" data-id=\"89ebe19\" data-element_type=\"section\" data-e-type=\"section\">\n\t\t\t\t\t\t<div class=\"elementor-container elementor-column-gap-default\">\n\t\t\t\t\t<div class=\"elementor-column elementor-col-100 elementor-top-column elementor-element elementor-element-42d5f22\" data-id=\"42d5f22\" data-element_type=\"column\" data-e-type=\"column\">\n\t\t\t<div class=\"elementor-widget-wrap elementor-element-populated\">\n\t\t\t\t\t\t<div class=\"elementor-element elementor-element-eb51b51 elementor-widget elementor-widget-text-editor\" data-id=\"eb51b51\" data-element_type=\"widget\" data-e-type=\"widget\" data-widget_type=\"text-editor.default\">\n\t\t\t\t<div class=\"elementor-widget-container\">\n\t\t\t\t\t\t\t\t\t<p>A continuaci\u00f3n encontrar\u00e1s una lista de las tecnolog\u00edas de rastreo que utilizamos en este sitio.<\/p>\n\t\t\t\t\t\t\t\t<\/div>\n\t\t\t\t<\/div>\n\t\t\t\t<div class=\"elementor-element elementor-element-83c529a elementor-widget elementor-widget-html\" data-id=\"83c529a\" data-element_type=\"widget\" data-e-type=\"widget\" data-widget_type=\"html.default\">\n\t\t\t\t<div class=\"elementor-widget-container\">\n\t\t\t\t\t\n<!-- OneTrust Cookies List start -->\n\n<div id=\"ot-sdk-cookie-policy\"><\/div>\n\n<!-- OneTrust Cookies List end -->\t\t\t\t<\/div>\n\t\t\t\t<\/div>\n\t\t\t\t\t<\/div>\n\t\t<\/div>\n\t\t\t\t\t<\/div>\n\t\t<\/section>\n\t\t\t\t<\/div>\n\t\t","protected":false},"excerpt":{"rendered":"<p>Configuraci\u00f3n de cookies Haz clic en el bot\u00f3n de abajo para cambiar tus preferencias de cookies. Cambiar preferencias de cookies A continuaci\u00f3n encontrar\u00e1s una lista de las tecnolog\u00edas de rastreo que utilizamos en este sitio.<\/p>\n","protected":false},"author":3,"featured_media":0,"parent":0,"menu_order":0,"comment_status":"closed","ping_status":"closed","template":"page-templates\/template-pagebuilder-full-width.php","meta":{"neve_meta_sidebar":"","neve_meta_container":"","neve_meta_enable_content_width":"","neve_meta_content_width":0,"neve_meta_title_alignment":"","neve_meta_author_avatar":"","neve_post_elements_order":"","neve_meta_disable_header":"","neve_meta_disable_footer":"","neve_meta_disable_title":"","footnotes":""},"class_list":["post-58047","page","type-page","status-publish","hentry"],"yoast_head":"<!-- This site is optimized with the Yoast SEO plugin v27.4 - https:\/\/yoast.com\/product\/yoast-seo-wordpress\/ -->\n<title>Configuraci\u00f3n de cookies | Reed &amp; Mackay<\/title>\n<meta name=\"robots\" content=\"noindex, follow\" \/>\n<meta property=\"og:locale\" content=\"es_ES\" \/>\n<meta property=\"og:type\" content=\"article\" \/>\n<meta property=\"og:title\" content=\"Configuraci\u00f3n de cookies | Reed &amp; Mackay\" \/>\n<meta property=\"og:description\" content=\"Configuraci\u00f3n de cookies Haz clic en el bot\u00f3n de abajo para cambiar tus preferencias de cookies. Cambiar preferencias de cookies A continuaci\u00f3n encontrar\u00e1s una lista de las tecnolog\u00edas de rastreo que utilizamos en este sitio.\" \/>\n<meta property=\"og:url\" content=\"https:\/\/reedmackay.com\/es\/configuracion-de-cookies\" \/>\n<meta property=\"og:site_name\" content=\"Reed &amp; Mackay\" \/>\n<meta property=\"article:modified_time\" content=\"2024-07-31T14:39:55+00:00\" \/>\n<meta name=\"twitter:card\" content=\"summary_large_image\" \/>\n<script type=\"application\/ld+json\" class=\"yoast-schema-graph\">{\"@context\":\"https:\\\/\\\/schema.org\",\"@graph\":[{\"@type\":\"WebPage\",\"@id\":\"https:\\\/\\\/reedmackay.com\\\/es\\\/configuracion-de-cookies\",\"url\":\"https:\\\/\\\/reedmackay.com\\\/es\\\/configuracion-de-cookies\",\"name\":\"Configuraci\u00f3n de cookies | Reed &amp; Mackay\",\"isPartOf\":{\"@id\":\"https:\\\/\\\/reedmackay.com\\\/es#website\"},\"datePublished\":\"2024-06-28T20:17:03+00:00\",\"dateModified\":\"2024-07-31T14:39:55+00:00\",\"breadcrumb\":{\"@id\":\"https:\\\/\\\/reedmackay.com\\\/es\\\/configuracion-de-cookies#breadcrumb\"},\"inLanguage\":\"es\",\"potentialAction\":[{\"@type\":\"ReadAction\",\"target\":[\"https:\\\/\\\/reedmackay.com\\\/es\\\/configuracion-de-cookies\"]}]},{\"@type\":\"BreadcrumbList\",\"@id\":\"https:\\\/\\\/reedmackay.com\\\/es\\\/configuracion-de-cookies#breadcrumb\",\"itemListElement\":[{\"@type\":\"ListItem\",\"position\":1,\"name\":\"Home\",\"item\":\"https:\\\/\\\/reedmackay.com\\\/es\"},{\"@type\":\"ListItem\",\"position\":2,\"name\":\"Configuraci\u00f3n de cookies\"}]},{\"@type\":\"WebSite\",\"@id\":\"https:\\\/\\\/reedmackay.com\\\/es#website\",\"url\":\"https:\\\/\\\/reedmackay.com\\\/es\",\"name\":\"Reed & Mackay\",\"description\":\"Reed and Mackay Travel and Events Management\",\"publisher\":{\"@id\":\"https:\\\/\\\/reedmackay.com\\\/es#organization\"},\"potentialAction\":[{\"@type\":\"SearchAction\",\"target\":{\"@type\":\"EntryPoint\",\"urlTemplate\":\"https:\\\/\\\/reedmackay.com\\\/es?s={search_term_string}\"},\"query-input\":{\"@type\":\"PropertyValueSpecification\",\"valueRequired\":true,\"valueName\":\"search_term_string\"}}],\"inLanguage\":\"es\"},{\"@type\":\"Organization\",\"@id\":\"https:\\\/\\\/reedmackay.com\\\/es#organization\",\"name\":\"Reed & Mackay\",\"url\":\"https:\\\/\\\/reedmackay.com\\\/es\",\"logo\":{\"@type\":\"ImageObject\",\"inLanguage\":\"es\",\"@id\":\"https:\\\/\\\/reedmackay.com\\\/es#\\\/schema\\\/logo\\\/image\\\/\",\"url\":\"https:\\\/\\\/reedmackay.com\\\/wp-content\\\/uploads\\\/2023\\\/07\\\/RM-Horz-Logo-Colour@2x.png\",\"contentUrl\":\"https:\\\/\\\/reedmackay.com\\\/wp-content\\\/uploads\\\/2023\\\/07\\\/RM-Horz-Logo-Colour@2x.png\",\"width\":2107,\"height\":411,\"caption\":\"Reed & Mackay\"},\"image\":{\"@id\":\"https:\\\/\\\/reedmackay.com\\\/es#\\\/schema\\\/logo\\\/image\\\/\"}}]}<\/script>\n<!-- \/ Yoast SEO plugin. -->","yoast_head_json":{"title":"Configuraci\u00f3n de cookies | Reed &amp; Mackay","robots":{"index":"noindex","follow":"follow"},"og_locale":"es_ES","og_type":"article","og_title":"Configuraci\u00f3n de cookies | Reed &amp; Mackay","og_description":"Configuraci\u00f3n de cookies Haz clic en el bot\u00f3n de abajo para cambiar tus preferencias de cookies. Cambiar preferencias de cookies A continuaci\u00f3n encontrar\u00e1s una lista de las tecnolog\u00edas de rastreo que utilizamos en este sitio.","og_url":"https:\/\/reedmackay.com\/es\/configuracion-de-cookies","og_site_name":"Reed &amp; Mackay","article_modified_time":"2024-07-31T14:39:55+00:00","twitter_card":"summary_large_image","schema":{"@context":"https:\/\/schema.org","@graph":[{"@type":"WebPage","@id":"https:\/\/reedmackay.com\/es\/configuracion-de-cookies","url":"https:\/\/reedmackay.com\/es\/configuracion-de-cookies","name":"Configuraci\u00f3n de cookies | Reed &amp; Mackay","isPartOf":{"@id":"https:\/\/reedmackay.com\/es#website"},"datePublished":"2024-06-28T20:17:03+00:00","dateModified":"2024-07-31T14:39:55+00:00","breadcrumb":{"@id":"https:\/\/reedmackay.com\/es\/configuracion-de-cookies#breadcrumb"},"inLanguage":"es","potentialAction":[{"@type":"ReadAction","target":["https:\/\/reedmackay.com\/es\/configuracion-de-cookies"]}]},{"@type":"BreadcrumbList","@id":"https:\/\/reedmackay.com\/es\/configuracion-de-cookies#breadcrumb","itemListElement":[{"@type":"ListItem","position":1,"name":"Home","item":"https:\/\/reedmackay.com\/es"},{"@type":"ListItem","position":2,"name":"Configuraci\u00f3n de cookies"}]},{"@type":"WebSite","@id":"https:\/\/reedmackay.com\/es#website","url":"https:\/\/reedmackay.com\/es","name":"Reed & Mackay","description":"Reed and Mackay Travel and Events Management","publisher":{"@id":"https:\/\/reedmackay.com\/es#organization"},"potentialAction":[{"@type":"SearchAction","target":{"@type":"EntryPoint","urlTemplate":"https:\/\/reedmackay.com\/es?s={search_term_string}"},"query-input":{"@type":"PropertyValueSpecification","valueRequired":true,"valueName":"search_term_string"}}],"inLanguage":"es"},{"@type":"Organization","@id":"https:\/\/reedmackay.com\/es#organization","name":"Reed & Mackay","url":"https:\/\/reedmackay.com\/es","logo":{"@type":"ImageObject","inLanguage":"es","@id":"https:\/\/reedmackay.com\/es#\/schema\/logo\/image\/","url":"https:\/\/reedmackay.com\/wp-content\/uploads\/2023\/07\/RM-Horz-Logo-Colour@2x.png","contentUrl":"https:\/\/reedmackay.com\/wp-content\/uploads\/2023\/07\/RM-Horz-Logo-Colour@2x.png","width":2107,"height":411,"caption":"Reed & Mackay"},"image":{"@id":"https:\/\/reedmackay.com\/es#\/schema\/logo\/image\/"}}]}},"publishpress_future_workflow_manual_trigger":{"enabledWorkflows":[]},"_links":{"self":[{"href":"https:\/\/reedmackay.com\/es\/wp-json\/wp\/v2\/pages\/58047","targetHints":{"allow":["GET"]}}],"collection":[{"href":"https:\/\/reedmackay.com\/es\/wp-json\/wp\/v2\/pages"}],"about":[{"href":"https:\/\/reedmackay.com\/es\/wp-json\/wp\/v2\/types\/page"}],"author":[{"embeddable":true,"href":"https:\/\/reedmackay.com\/es\/wp-json\/wp\/v2\/users\/3"}],"replies":[{"embeddable":true,"href":"https:\/\/reedmackay.com\/es\/wp-json\/wp\/v2\/comments?post=58047"}],"version-history":[{"count":0,"href":"https:\/\/reedmackay.com\/es\/wp-json\/wp\/v2\/pages\/58047\/revisions"}],"wp:attachment":[{"href":"https:\/\/reedmackay.com\/es\/wp-json\/wp\/v2\/media?parent=58047"}],"curies":[{"name":"wp","href":"https:\/\/api.w.org\/{rel}","templated":true}]}}