{"id":72770,"date":"2024-07-15T14:53:20","date_gmt":"2024-07-15T13:53:20","guid":{"rendered":"https:\/\/reedmackay.com\/client-terms-and-conditions"},"modified":"2025-05-29T11:02:35","modified_gmt":"2025-05-29T10:02:35","slug":"client-terms-and-conditions","status":"publish","type":"page","link":"https:\/\/reedmackay.com\/de\/client-terms-and-conditions","title":{"rendered":"Allgemeine Gesch\u00e4ftsbedingungen f\u00fcr Kunden"},"content":{"rendered":"\t\t<div data-elementor-type=\"wp-page\" data-elementor-id=\"72770\" class=\"elementor elementor-72770 elementor-56708\" data-elementor-post-type=\"page\">\n\t\t\t\t\t\t<section class=\"elementor-section elementor-top-section elementor-element elementor-element-6234caa elementor-section-full_width elementor-section-height-default elementor-section-height-default\" data-id=\"6234caa\" data-element_type=\"section\" data-e-type=\"section\" data-settings=\"{&quot;background_background&quot;:&quot;classic&quot;}\">\n\t\t\t\t\t\t\t<div class=\"elementor-background-overlay\"><\/div>\n\t\t\t\t\t\t\t<div class=\"elementor-container elementor-column-gap-default\">\n\t\t\t\t\t<div class=\"elementor-column elementor-col-100 elementor-top-column elementor-element elementor-element-9b0d16f\" data-id=\"9b0d16f\" data-element_type=\"column\" data-e-type=\"column\" data-settings=\"{&quot;background_background&quot;:&quot;classic&quot;}\">\n\t\t\t<div class=\"elementor-widget-wrap elementor-element-populated\">\n\t\t\t\t\t\t<section class=\"elementor-section elementor-inner-section elementor-element elementor-element-7f82383 elementor-section-boxed elementor-section-height-default elementor-section-height-default\" data-id=\"7f82383\" data-element_type=\"section\" data-e-type=\"section\">\n\t\t\t\t\t\t<div class=\"elementor-container elementor-column-gap-default\">\n\t\t\t\t\t<div class=\"elementor-column elementor-col-100 elementor-inner-column elementor-element elementor-element-696f5de\" data-id=\"696f5de\" data-element_type=\"column\" data-e-type=\"column\">\n\t\t\t<div class=\"elementor-widget-wrap elementor-element-populated\">\n\t\t\t\t\t\t<div class=\"elementor-element elementor-element-1b22717 elementor-widget elementor-widget-heading\" data-id=\"1b22717\" data-element_type=\"widget\" data-e-type=\"widget\" data-widget_type=\"heading.default\">\n\t\t\t\t<div class=\"elementor-widget-container\">\n\t\t\t\t\t<h1 class=\"elementor-heading-title elementor-size-default\">Allgemeine Gesch\u00e4ftsbedingungen f\u00fcr Kunden<\/h1>\t\t\t\t<\/div>\n\t\t\t\t<\/div>\n\t\t\t\t\t<\/div>\n\t\t<\/div>\n\t\t\t\t\t<\/div>\n\t\t<\/section>\n\t\t\t\t\t<\/div>\n\t\t<\/div>\n\t\t\t\t\t<\/div>\n\t\t<\/section>\n\t\t\t\t<section class=\"elementor-section elementor-top-section elementor-element elementor-element-7796567 elementor-section-full_width elementor-section-height-default elementor-section-height-default\" data-id=\"7796567\" data-element_type=\"section\" data-e-type=\"section\">\n\t\t\t\t\t\t<div class=\"elementor-container elementor-column-gap-default\">\n\t\t\t\t\t<div class=\"elementor-column elementor-col-33 elementor-top-column elementor-element elementor-element-c49d85b\" data-id=\"c49d85b\" data-element_type=\"column\" data-e-type=\"column\">\n\t\t\t<div class=\"elementor-widget-wrap elementor-element-populated\">\n\t\t\t\t\t\t<div class=\"elementor-element elementor-element-49ed7e3 elementor-widget__width-initial elementor-position-top elementor-widget elementor-widget-image-box\" data-id=\"49ed7e3\" data-element_type=\"widget\" data-e-type=\"widget\" data-widget_type=\"image-box.default\">\n\t\t\t\t<div class=\"elementor-widget-container\">\n\t\t\t\t\t<div class=\"elementor-image-box-wrapper\"><figure class=\"elementor-image-box-img\"><a href=\"https:\/\/reedmackay.com\/wp-content\/uploads\/2025\/05\/Germany-Business-Travel-Terms-and-Conditions-May-2025.pdf\" tabindex=\"-1\"><img fetchpriority=\"high\" decoding=\"async\" width=\"1050\" height=\"700\" src=\"https:\/\/reedmackay.com\/wp-content\/uploads\/2024\/07\/shutterstock_2356241977-scaled-e1750677316888.jpg\" class=\"elementor-animation-grow attachment-full size-full wp-image-56661\" alt=\"\" \/><\/a><\/figure><div class=\"elementor-image-box-content\"><h3 class=\"elementor-image-box-title\"><a href=\"https:\/\/reedmackay.com\/wp-content\/uploads\/2025\/05\/Germany-Business-Travel-Terms-and-Conditions-May-2025.pdf\">Deutschland Allgemeine Gesch\u00e4ftsbedingungen f\u00fcr Gesch\u00e4ftsreisen<\/a><\/h3><\/div><\/div>\t\t\t\t<\/div>\n\t\t\t\t<\/div>\n\t\t\t\t\t<\/div>\n\t\t<\/div>\n\t\t\t\t<div class=\"elementor-column elementor-col-33 elementor-top-column elementor-element elementor-element-d158421\" data-id=\"d158421\" data-element_type=\"column\" data-e-type=\"column\">\n\t\t\t<div class=\"elementor-widget-wrap elementor-element-populated\">\n\t\t\t\t\t\t<div class=\"elementor-element elementor-element-5355db4 elementor-widget__width-initial elementor-position-top elementor-widget elementor-widget-image-box\" data-id=\"5355db4\" data-element_type=\"widget\" data-e-type=\"widget\" data-widget_type=\"image-box.default\">\n\t\t\t\t<div class=\"elementor-widget-container\">\n\t\t\t\t\t<div class=\"elementor-image-box-wrapper\"><figure class=\"elementor-image-box-img\"><a href=\"https:\/\/reedmackay.com\/wp-content\/uploads\/2025\/04\/Germany-Data-Protection-Schedule-March-2025.pdf\" tabindex=\"-1\"><img decoding=\"async\" width=\"2560\" height=\"1784\" src=\"https:\/\/reedmackay.com\/wp-content\/uploads\/2024\/07\/shutterstock_1416844946-scaled.jpg\" class=\"elementor-animation-grow attachment-full size-full wp-image-56669\" alt=\"\" srcset=\"https:\/\/reedmackay.com\/wp-content\/uploads\/2024\/07\/shutterstock_1416844946-scaled.jpg 2560w, https:\/\/reedmackay.com\/wp-content\/uploads\/2024\/07\/shutterstock_1416844946-300x209.jpg 300w, https:\/\/reedmackay.com\/wp-content\/uploads\/2024\/07\/shutterstock_1416844946-1024x714.jpg 1024w, https:\/\/reedmackay.com\/wp-content\/uploads\/2024\/07\/shutterstock_1416844946-768x535.jpg 768w, https:\/\/reedmackay.com\/wp-content\/uploads\/2024\/07\/shutterstock_1416844946-1536x1071.jpg 1536w, https:\/\/reedmackay.com\/wp-content\/uploads\/2024\/07\/shutterstock_1416844946-2048x1427.jpg 2048w\" sizes=\"(max-width: 2560px) 100vw, 2560px\" \/><\/a><\/figure><div class=\"elementor-image-box-content\"><h3 class=\"elementor-image-box-title\"><a href=\"https:\/\/reedmackay.com\/wp-content\/uploads\/2025\/04\/Germany-Data-Protection-Schedule-March-2025.pdf\">Deutschland Datenschutz Anlage zum Auftragsformular<\/a><\/h3><\/div><\/div>\t\t\t\t<\/div>\n\t\t\t\t<\/div>\n\t\t\t\t\t<\/div>\n\t\t<\/div>\n\t\t\t\t<div class=\"elementor-column elementor-col-33 elementor-top-column elementor-element elementor-element-6e01c07\" data-id=\"6e01c07\" data-element_type=\"column\" data-e-type=\"column\">\n\t\t\t<div class=\"elementor-widget-wrap elementor-element-populated\">\n\t\t\t\t\t\t<div class=\"elementor-element elementor-element-fef7521 elementor-widget__width-initial elementor-position-top elementor-widget elementor-widget-image-box\" data-id=\"fef7521\" data-element_type=\"widget\" data-e-type=\"widget\" data-widget_type=\"image-box.default\">\n\t\t\t\t<div class=\"elementor-widget-container\">\n\t\t\t\t\t<div class=\"elementor-image-box-wrapper\"><figure class=\"elementor-image-box-img\"><a href=\"https:\/\/reedmackay.com\/wp-content\/uploads\/2025\/05\/Germany-Meetings-Events-Services-Terms-and-Conditions-May-2025.pdf\" tabindex=\"-1\"><img decoding=\"async\" width=\"2560\" height=\"1707\" src=\"https:\/\/reedmackay.com\/wp-content\/uploads\/2024\/07\/shutterstock_2275564121-scaled.jpg\" class=\"elementor-animation-grow attachment-full size-full wp-image-56645\" alt=\"\" srcset=\"https:\/\/reedmackay.com\/wp-content\/uploads\/2024\/07\/shutterstock_2275564121-scaled.jpg 2560w, https:\/\/reedmackay.com\/wp-content\/uploads\/2024\/07\/shutterstock_2275564121-300x200.jpg 300w, https:\/\/reedmackay.com\/wp-content\/uploads\/2024\/07\/shutterstock_2275564121-1024x683.jpg 1024w, https:\/\/reedmackay.com\/wp-content\/uploads\/2024\/07\/shutterstock_2275564121-768x512.jpg 768w, https:\/\/reedmackay.com\/wp-content\/uploads\/2024\/07\/shutterstock_2275564121-1536x1024.jpg 1536w, https:\/\/reedmackay.com\/wp-content\/uploads\/2024\/07\/shutterstock_2275564121-2048x1365.jpg 2048w, https:\/\/reedmackay.com\/wp-content\/uploads\/2024\/07\/shutterstock_2275564121-930x620.jpg 930w\" sizes=\"(max-width: 2560px) 100vw, 2560px\" \/><\/a><\/figure><div class=\"elementor-image-box-content\"><h3 class=\"elementor-image-box-title\"><a href=\"https:\/\/reedmackay.com\/wp-content\/uploads\/2025\/05\/Germany-Meetings-Events-Services-Terms-and-Conditions-May-2025.pdf\">Deutschland Allgemeine Gesch\u00e4ftsbedingungen F\u00fcr Tagungs- und Veranstaltungsdienstleistungen<\/a><\/h3><\/div><\/div>\t\t\t\t<\/div>\n\t\t\t\t<\/div>\n\t\t\t\t\t<\/div>\n\t\t<\/div>\n\t\t\t\t\t<\/div>\n\t\t<\/section>\n\t\t\t\t<\/div>\n\t\t","protected":false},"excerpt":{"rendered":"<p>Allgemeine Gesch\u00e4ftsbedingungen f\u00fcr Kunden Deutschland Allgemeine Gesch\u00e4ftsbedingungen f\u00fcr Gesch\u00e4ftsreisen Deutschland Datenschutz Anlage zum Auftragsformular Deutschland Allgemeine Gesch\u00e4ftsbedingungen F\u00fcr Tagungs- und Veranstaltungsdienstleistungen<\/p>\n","protected":false},"author":6,"featured_media":0,"parent":0,"menu_order":0,"comment_status":"closed","ping_status":"closed","template":"elementor_header_footer","meta":{"neve_meta_sidebar":"","neve_meta_container":"","neve_meta_enable_content_width":"","neve_meta_content_width":0,"neve_meta_title_alignment":"","neve_meta_author_avatar":"","neve_post_elements_order":"","neve_meta_disable_header":"","neve_meta_disable_footer":"","neve_meta_disable_title":"","footnotes":""},"class_list":["post-72770","page","type-page","status-publish","hentry"],"yoast_head":"<!-- This site is optimized with the Yoast SEO plugin v27.4 - https:\/\/yoast.com\/product\/yoast-seo-wordpress\/ -->\n<title>Allgemeine Gesch\u00e4ftsbedingungen f\u00fcr Kunden | Reed &amp; Mackay<\/title>\n<meta name=\"robots\" content=\"index, follow, max-snippet:-1, max-image-preview:large, max-video-preview:-1\" \/>\n<link rel=\"canonical\" href=\"https:\/\/reedmackay.com\/de\/client-terms-and-conditions\" \/>\n<meta property=\"og:locale\" content=\"de_DE\" \/>\n<meta property=\"og:type\" content=\"article\" \/>\n<meta property=\"og:title\" content=\"Allgemeine Gesch\u00e4ftsbedingungen f\u00fcr Kunden | Reed &amp; Mackay\" \/>\n<meta property=\"og:description\" content=\"Allgemeine Gesch\u00e4ftsbedingungen f\u00fcr Kunden Deutschland Allgemeine Gesch\u00e4ftsbedingungen f\u00fcr Gesch\u00e4ftsreisen Deutschland Datenschutz Anlage zum Auftragsformular Deutschland Allgemeine Gesch\u00e4ftsbedingungen F\u00fcr Tagungs- und Veranstaltungsdienstleistungen\" \/>\n<meta property=\"og:url\" content=\"https:\/\/reedmackay.com\/de\/client-terms-and-conditions\" \/>\n<meta property=\"og:site_name\" content=\"Reed &amp; Mackay\" \/>\n<meta property=\"article:modified_time\" content=\"2025-05-29T10:02:35+00:00\" \/>\n<meta property=\"og:image\" content=\"https:\/\/reedmackay.com\/wp-content\/uploads\/2024\/07\/shutterstock_2356241977-scaled-e1750677316888.jpg\" \/>\n\t<meta property=\"og:image:width\" content=\"1050\" \/>\n\t<meta property=\"og:image:height\" content=\"700\" \/>\n\t<meta property=\"og:image:type\" content=\"image\/jpeg\" \/>\n<meta name=\"twitter:card\" content=\"summary_large_image\" \/>\n<meta name=\"twitter:label1\" content=\"Gesch\u00e4tzte Lesezeit\" \/>\n\t<meta name=\"twitter:data1\" content=\"1\u00a0Minute\" \/>\n<script type=\"application\/ld+json\" class=\"yoast-schema-graph\">{\"@context\":\"https:\\\/\\\/schema.org\",\"@graph\":[{\"@type\":\"WebPage\",\"@id\":\"https:\\\/\\\/reedmackay.com\\\/de\\\/client-terms-and-conditions\",\"url\":\"https:\\\/\\\/reedmackay.com\\\/de\\\/client-terms-and-conditions\",\"name\":\"Allgemeine Gesch\u00e4ftsbedingungen f\u00fcr Kunden | Reed &amp; Mackay\",\"isPartOf\":{\"@id\":\"https:\\\/\\\/reedmackay.com\\\/de#website\"},\"primaryImageOfPage\":{\"@id\":\"https:\\\/\\\/reedmackay.com\\\/de\\\/client-terms-and-conditions#primaryimage\"},\"image\":{\"@id\":\"https:\\\/\\\/reedmackay.com\\\/de\\\/client-terms-and-conditions#primaryimage\"},\"thumbnailUrl\":\"https:\\\/\\\/reedmackay.com\\\/wp-content\\\/uploads\\\/2024\\\/07\\\/shutterstock_2356241977-scaled.jpg\",\"datePublished\":\"2024-07-15T13:53:20+00:00\",\"dateModified\":\"2025-05-29T10:02:35+00:00\",\"breadcrumb\":{\"@id\":\"https:\\\/\\\/reedmackay.com\\\/de\\\/client-terms-and-conditions#breadcrumb\"},\"inLanguage\":\"de\",\"potentialAction\":[{\"@type\":\"ReadAction\",\"target\":[\"https:\\\/\\\/reedmackay.com\\\/de\\\/client-terms-and-conditions\"]}]},{\"@type\":\"ImageObject\",\"inLanguage\":\"de\",\"@id\":\"https:\\\/\\\/reedmackay.com\\\/de\\\/client-terms-and-conditions#primaryimage\",\"url\":\"https:\\\/\\\/reedmackay.com\\\/wp-content\\\/uploads\\\/2024\\\/07\\\/shutterstock_2356241977-scaled.jpg\",\"contentUrl\":\"https:\\\/\\\/reedmackay.com\\\/wp-content\\\/uploads\\\/2024\\\/07\\\/shutterstock_2356241977-scaled.jpg\"},{\"@type\":\"BreadcrumbList\",\"@id\":\"https:\\\/\\\/reedmackay.com\\\/de\\\/client-terms-and-conditions#breadcrumb\",\"itemListElement\":[{\"@type\":\"ListItem\",\"position\":1,\"name\":\"Home\",\"item\":\"https:\\\/\\\/reedmackay.com\\\/de\"},{\"@type\":\"ListItem\",\"position\":2,\"name\":\"Allgemeine Gesch\u00e4ftsbedingungen f\u00fcr Kunden\"}]},{\"@type\":\"WebSite\",\"@id\":\"https:\\\/\\\/reedmackay.com\\\/de#website\",\"url\":\"https:\\\/\\\/reedmackay.com\\\/de\",\"name\":\"Reed & Mackay\",\"description\":\"Reed and Mackay Travel and Events Management\",\"publisher\":{\"@id\":\"https:\\\/\\\/reedmackay.com\\\/de#organization\"},\"potentialAction\":[{\"@type\":\"SearchAction\",\"target\":{\"@type\":\"EntryPoint\",\"urlTemplate\":\"https:\\\/\\\/reedmackay.com\\\/de?s={search_term_string}\"},\"query-input\":{\"@type\":\"PropertyValueSpecification\",\"valueRequired\":true,\"valueName\":\"search_term_string\"}}],\"inLanguage\":\"de\"},{\"@type\":\"Organization\",\"@id\":\"https:\\\/\\\/reedmackay.com\\\/de#organization\",\"name\":\"Reed & Mackay\",\"url\":\"https:\\\/\\\/reedmackay.com\\\/de\",\"logo\":{\"@type\":\"ImageObject\",\"inLanguage\":\"de\",\"@id\":\"https:\\\/\\\/reedmackay.com\\\/de#\\\/schema\\\/logo\\\/image\\\/\",\"url\":\"https:\\\/\\\/reedmackay.com\\\/wp-content\\\/uploads\\\/2023\\\/07\\\/RM-Horz-Logo-Colour@2x.png\",\"contentUrl\":\"https:\\\/\\\/reedmackay.com\\\/wp-content\\\/uploads\\\/2023\\\/07\\\/RM-Horz-Logo-Colour@2x.png\",\"width\":2107,\"height\":411,\"caption\":\"Reed & Mackay\"},\"image\":{\"@id\":\"https:\\\/\\\/reedmackay.com\\\/de#\\\/schema\\\/logo\\\/image\\\/\"}}]}<\/script>\n<!-- \/ Yoast SEO plugin. -->","yoast_head_json":{"title":"Allgemeine Gesch\u00e4ftsbedingungen f\u00fcr Kunden | Reed &amp; Mackay","robots":{"index":"index","follow":"follow","max-snippet":"max-snippet:-1","max-image-preview":"max-image-preview:large","max-video-preview":"max-video-preview:-1"},"canonical":"https:\/\/reedmackay.com\/de\/client-terms-and-conditions","og_locale":"de_DE","og_type":"article","og_title":"Allgemeine Gesch\u00e4ftsbedingungen f\u00fcr Kunden | Reed &amp; Mackay","og_description":"Allgemeine Gesch\u00e4ftsbedingungen f\u00fcr Kunden Deutschland Allgemeine Gesch\u00e4ftsbedingungen f\u00fcr Gesch\u00e4ftsreisen Deutschland Datenschutz Anlage zum Auftragsformular Deutschland Allgemeine Gesch\u00e4ftsbedingungen F\u00fcr Tagungs- und Veranstaltungsdienstleistungen","og_url":"https:\/\/reedmackay.com\/de\/client-terms-and-conditions","og_site_name":"Reed &amp; Mackay","article_modified_time":"2025-05-29T10:02:35+00:00","og_image":[{"width":1050,"height":700,"url":"https:\/\/reedmackay.com\/wp-content\/uploads\/2024\/07\/shutterstock_2356241977-scaled-e1750677316888.jpg","type":"image\/jpeg"}],"twitter_card":"summary_large_image","twitter_misc":{"Gesch\u00e4tzte Lesezeit":"1\u00a0Minute"},"schema":{"@context":"https:\/\/schema.org","@graph":[{"@type":"WebPage","@id":"https:\/\/reedmackay.com\/de\/client-terms-and-conditions","url":"https:\/\/reedmackay.com\/de\/client-terms-and-conditions","name":"Allgemeine Gesch\u00e4ftsbedingungen f\u00fcr Kunden | Reed &amp; Mackay","isPartOf":{"@id":"https:\/\/reedmackay.com\/de#website"},"primaryImageOfPage":{"@id":"https:\/\/reedmackay.com\/de\/client-terms-and-conditions#primaryimage"},"image":{"@id":"https:\/\/reedmackay.com\/de\/client-terms-and-conditions#primaryimage"},"thumbnailUrl":"https:\/\/reedmackay.com\/wp-content\/uploads\/2024\/07\/shutterstock_2356241977-scaled.jpg","datePublished":"2024-07-15T13:53:20+00:00","dateModified":"2025-05-29T10:02:35+00:00","breadcrumb":{"@id":"https:\/\/reedmackay.com\/de\/client-terms-and-conditions#breadcrumb"},"inLanguage":"de","potentialAction":[{"@type":"ReadAction","target":["https:\/\/reedmackay.com\/de\/client-terms-and-conditions"]}]},{"@type":"ImageObject","inLanguage":"de","@id":"https:\/\/reedmackay.com\/de\/client-terms-and-conditions#primaryimage","url":"https:\/\/reedmackay.com\/wp-content\/uploads\/2024\/07\/shutterstock_2356241977-scaled.jpg","contentUrl":"https:\/\/reedmackay.com\/wp-content\/uploads\/2024\/07\/shutterstock_2356241977-scaled.jpg"},{"@type":"BreadcrumbList","@id":"https:\/\/reedmackay.com\/de\/client-terms-and-conditions#breadcrumb","itemListElement":[{"@type":"ListItem","position":1,"name":"Home","item":"https:\/\/reedmackay.com\/de"},{"@type":"ListItem","position":2,"name":"Allgemeine Gesch\u00e4ftsbedingungen f\u00fcr Kunden"}]},{"@type":"WebSite","@id":"https:\/\/reedmackay.com\/de#website","url":"https:\/\/reedmackay.com\/de","name":"Reed & Mackay","description":"Reed and Mackay Travel and Events Management","publisher":{"@id":"https:\/\/reedmackay.com\/de#organization"},"potentialAction":[{"@type":"SearchAction","target":{"@type":"EntryPoint","urlTemplate":"https:\/\/reedmackay.com\/de?s={search_term_string}"},"query-input":{"@type":"PropertyValueSpecification","valueRequired":true,"valueName":"search_term_string"}}],"inLanguage":"de"},{"@type":"Organization","@id":"https:\/\/reedmackay.com\/de#organization","name":"Reed & Mackay","url":"https:\/\/reedmackay.com\/de","logo":{"@type":"ImageObject","inLanguage":"de","@id":"https:\/\/reedmackay.com\/de#\/schema\/logo\/image\/","url":"https:\/\/reedmackay.com\/wp-content\/uploads\/2023\/07\/RM-Horz-Logo-Colour@2x.png","contentUrl":"https:\/\/reedmackay.com\/wp-content\/uploads\/2023\/07\/RM-Horz-Logo-Colour@2x.png","width":2107,"height":411,"caption":"Reed & Mackay"},"image":{"@id":"https:\/\/reedmackay.com\/de#\/schema\/logo\/image\/"}}]}},"publishpress_future_workflow_manual_trigger":{"enabledWorkflows":[]},"_links":{"self":[{"href":"https:\/\/reedmackay.com\/de\/wp-json\/wp\/v2\/pages\/72770","targetHints":{"allow":["GET"]}}],"collection":[{"href":"https:\/\/reedmackay.com\/de\/wp-json\/wp\/v2\/pages"}],"about":[{"href":"https:\/\/reedmackay.com\/de\/wp-json\/wp\/v2\/types\/page"}],"author":[{"embeddable":true,"href":"https:\/\/reedmackay.com\/de\/wp-json\/wp\/v2\/users\/6"}],"replies":[{"embeddable":true,"href":"https:\/\/reedmackay.com\/de\/wp-json\/wp\/v2\/comments?post=72770"}],"version-history":[{"count":0,"href":"https:\/\/reedmackay.com\/de\/wp-json\/wp\/v2\/pages\/72770\/revisions"}],"wp:attachment":[{"href":"https:\/\/reedmackay.com\/de\/wp-json\/wp\/v2\/media?parent=72770"}],"curies":[{"name":"wp","href":"https:\/\/api.w.org\/{rel}","templated":true}]}}